{"id":496,"date":"2010-03-16T18:34:40","date_gmt":"2010-03-16T17:34:40","guid":{"rendered":"http:\/\/deportes.zeus.umh.es\/?page_id=496"},"modified":"2026-03-03T16:08:23","modified_gmt":"2026-03-03T15:08:23","slug":"musculacion-y-cardio","status":"publish","type":"page","link":"https:\/\/deportes.umh.es\/en\/actividades-2\/musculacion-y-cardio\/","title":{"rendered":"Cardio Fitness Program PMC"},"content":{"rendered":"<p><\/p>\n<h2 style=\"text-align: center\">REGISTRATION QUARTER OCTOBER-DECEMBER<\/h2>\n<p>We inform that the registration period for the PMC of the October &#8211; December quarter is open, which will begin on October 5. We remember that for new users it is necessary to fill in the form at the bottom of the page to apply for the place. Former users requesting reimbursement for the quarter affected by COVID must indicate its continuation and payment.<\/p>\n<p>Registration, use and hygiene protocols have been established to carry out the sessions, maximizing security measures with the aim of offering a safe and quality training service. It is mandatory to read and accept compliance for the development of the sessions.<\/p>\n<p><a href=\"https:\/\/deportes.umh.es\/files\/2020\/10\/PROTOCOLO-PMC-Oficina-de-Campus-Saludables-y-Deportes-1.pdf\"><img loading=\"lazy\" class=\"aligncenter wp-image-10442 \" src=\"https:\/\/deportes.umh.es\/files\/2020\/10\/NORMATIVA-PMC-300x137.png\" alt=\"\" width=\"236\" height=\"108\" srcset=\"https:\/\/deportes.umh.es\/files\/2020\/10\/NORMATIVA-PMC-300x137.png 300w, https:\/\/deportes.umh.es\/files\/2020\/10\/NORMATIVA-PMC.png 441w\" sizes=\"(max-width: 236px) 100vw, 236px\" \/>__________________________________________________________________________________________________________________________________________________________________________________________________________________________________________________________________________________________________________<\/a><\/p>\n<p>The cardio and weight training program, better known as &#8220;PMC&#8221;, is a training service that seeks to improve the quality of life and the well-being of its users using as a means to achieve physical activity.<\/p>\n<p>In this program you will receive individualized attention, that is, the monitors will plan the sessions according to their needs and practical possibilities, taking into account their objectives and interests for the training.<\/p>\n<p>The program is located in the sports training complex &#8220;El Clot&#8221;, located within the facilities of the Miguel Hern\u00e1ndez University of Elche.<\/p>\n<p>The program includes within its operation:<\/p>\n<p>PMC: Training program that has a quarterly duration (includes training planning and monitoring of a monitor).<br \/>\nVCF: The fitness assessment includes a set of tests that is performed at the beginning of the activity, followed by a follow-up of one per quarter. It aims to determine the changes that occur in the user due to their training process and thus to be able to adjust the workloads during the sessions. The payment of the VCF is obligatory to participate in the program, this payment has an annual validity and is a service that is exhausted with the benefit, reason why it is not returnable once it has been realized.<br \/>\nPeriods of PMC:<\/p>\n<p>1st quarter: 1st October &#8211; 31st December<br \/>\n2 \u25cb quarter: January 1 to March 31<br \/>\n3rd quarter: 1st April &#8211; 30th June<br \/>\nPMC summer: months of July and September<br \/>\nDuring the course 2016-2017 the PMC will have the following shifts and hours of operation:<\/p>\n<p>Shifts of 3 days of training per week:<br \/>\nMonday, Wednesday and Friday from 8:00 p.m. to 9:00 p.m. (9:30 p.m. to 10:30 p.m.) (3:30 p.m.\/30 p.m.) ) (20: 30-21: 30)<br \/>\n2-day training shifts per week:<br \/>\nTuesday and Thursday from 8: 00-09: 00 (09:30 &#8211; 10:30) (15:30 &#8211; 16:30) (19:30 &#8211; 20:30) (20:30 &#8211; 21:30)<br \/>\nOn days when the room has a different schedule than usual (holidays, vacation periods, etc.), the shifts that are within the opening hours of the room will be maintained. Users of shifts that do not include opening hours may attend different shifts than usual to not lose the session.<\/p>\n<p>The prices of both the PMC and the VCF are as follows:<\/p>\n<p>PMC 3 sessions: 96 \u20ac Staff not UMH; 72 \u20ac Extensive UMH; 48 \u20ac Personal UMH.<\/p>\n<p>PMC 2 sessions: 72 \u20ac Staff not UMH; 54 \u20ac Extensive UMH; 36 \u20ac UMH staff.<\/p>\n<p>PMC Summer 3 sessions: 32 \u20ac Personal no UMH; 24 \u20ac Extensive UMH; 20 \u20ac Personal UMH.<\/p>\n<p>PMC Summer 2 sessions: \u20ac 24 Staff not UMH; 18 \u20ac Extensive UMH; 12 \u20ac Personal UMH.<\/p>\n<p>VCF: \u20ac 100 Staff at UMH; 75 \u20ac Extensive UMH; 50 \u20ac Personal UMH.<\/p>\n<p>Click here to know about the UMH Extensive Card.<\/p>\n<p>Click here to know about the UMH Solidarity Card.<\/p>\n<p>Payments will be made in the first 10 days prior to the quarter, and confirmation will be made of being enrolled by the program coordinator. Failure to make payment in the established time will mean the non-acceptance of the activity by the user.<\/p>\n<p>The following are the steps to follow to generate the registration:<\/p>\n<p>1\u00ba.- Fill in the information of the questionnaire specified below. Do not forget to indicate your preferred hours and days.<\/p>\n<p>2\u00ba.- Once the questionnaire has been sent, we will contact you by e-mail to confirm the requested place, and indicate the procedure for payment.<\/p>\n<p>REGISTRATION QUESTIONNAIRE: (Once completed, wait to receive the coordinator&#8217;s reply with the confirmation of the selected shift and schedule.)<\/p>\n<p><div role=\"form\" class=\"wpcf7\" id=\"wpcf7-f6272-o3\" lang=\"en-US\" dir=\"ltr\">\n<div class=\"screen-reader-response\"><p role=\"status\" aria-live=\"polite\" aria-atomic=\"true\"><\/p> <ul><\/ul><\/div>\n<form action=\"\/en\/wp-json\/wp\/v2\/pages\/496#wpcf7-f6272-o3\" method=\"post\" class=\"wpcf7-form init\" novalidate=\"novalidate\" data-status=\"init\">\n<div style=\"display: none;\">\n<input type=\"hidden\" name=\"_wpcf7\" value=\"6272\" \/>\n<input type=\"hidden\" name=\"_wpcf7_version\" value=\"5.5.2\" \/>\n<input type=\"hidden\" name=\"_wpcf7_locale\" value=\"en_US\" \/>\n<input type=\"hidden\" name=\"_wpcf7_unit_tag\" value=\"wpcf7-f6272-o3\" \/>\n<input type=\"hidden\" name=\"_wpcf7_container_post\" value=\"0\" \/>\n<input type=\"hidden\" name=\"_wpcf7_posted_data_hash\" value=\"\" \/>\n<input type=\"hidden\" name=\"_wpcf7_recaptcha_response\" value=\"\" \/>\n<\/div>\n<table>\n<tr>\n<th colspan=\"2\">Formulario de inscripci\u00f3n en el Programa de Musculaci\u00f3n y Cardio PMC:<\/th>\n<\/tr>\n<tr>\n<th colspan=\"2\">(*) Campos requeridos<\/th>\n<\/tr>\n<tr>\n<td>Nombre (*):<\/td>\n<td>\n    <span class=\"wpcf7-form-control-wrap nombre\"><input type=\"text\" name=\"nombre\" value=\"\" size=\"40\" class=\"wpcf7-form-control wpcf7-text wpcf7-validates-as-required\" aria-required=\"true\" aria-invalid=\"false\" \/><\/span> <\/td>\n<\/tr>\n<tr>\n<td>Apellidos (*):<\/td>\n<td>\n    <span class=\"wpcf7-form-control-wrap apellidos\"><input type=\"text\" name=\"apellidos\" value=\"\" size=\"40\" class=\"wpcf7-form-control wpcf7-text wpcf7-validates-as-required\" aria-required=\"true\" aria-invalid=\"false\" \/><\/span> <\/td>\n<\/tr>\n<tr>\n<td>Fecha de Nacimiento (*):<\/td>\n<td>\n   <span class=\"wpcf7-form-control-wrap fecha\"><input type=\"date\" name=\"fecha\" value=\"\" class=\"wpcf7-form-control wpcf7-date wpcf7-validates-as-required wpcf7-validates-as-date\" aria-required=\"true\" aria-invalid=\"false\" \/><\/span> <\/td>\n<\/tr>\n<tr>\n<td>DNI\/NIF\/NIE (00000000A) (*):<\/td>\n<td>\n    <span class=\"wpcf7-form-control-wrap dni\"><input type=\"text\" name=\"dni\" value=\"\" size=\"40\" class=\"wpcf7-form-control wpcf7-text wpcf7-validates-as-required\" aria-required=\"true\" aria-invalid=\"false\" \/><\/span> <\/td>\n<\/tr>\n<tr>\n<td>Sexo (*):<\/td>\n<td>\n    <span class=\"wpcf7-form-control-wrap sexo\"><span class=\"wpcf7-form-control wpcf7-radio\"><span class=\"wpcf7-list-item first\"><span class=\"wpcf7-list-item-label\">Hombre<\/span><input type=\"radio\" name=\"sexo\" value=\"Hombre\" \/><\/span><span class=\"wpcf7-list-item last\"><span class=\"wpcf7-list-item-label\">Mujer<\/span><input type=\"radio\" name=\"sexo\" value=\"Mujer\" \/><\/span><\/span><\/span> <\/td>\n<\/tr>\n<tr>\n<td>Correo electr\u00f3nico (*):<\/td>\n<td>\n    <span class=\"wpcf7-form-control-wrap correo\"><input type=\"email\" name=\"correo\" value=\"\" size=\"40\" class=\"wpcf7-form-control wpcf7-text wpcf7-email wpcf7-validates-as-required wpcf7-validates-as-email\" aria-required=\"true\" aria-invalid=\"false\" \/><\/span> <\/td>\n<\/tr>\n<tr>\n<td>Tel\u00e9fono (*):<\/td>\n<td>\n  <span class=\"wpcf7-form-control-wrap telefono\"><input type=\"tel\" name=\"telefono\" value=\"\" size=\"40\" class=\"wpcf7-form-control wpcf7-text wpcf7-tel wpcf7-validates-as-required wpcf7-validates-as-tel\" aria-required=\"true\" aria-invalid=\"false\" \/><\/span> <\/td>\n<\/tr>\n<tr>\n<td>Peso y Altura (00kg-00.00m) (*):<\/td>\n<td>\n    <span class=\"wpcf7-form-control-wrap peso-alt\"><input type=\"text\" name=\"peso-alt\" value=\"\" size=\"40\" class=\"wpcf7-form-control wpcf7-text\" aria-invalid=\"false\" \/><\/span> <\/td>\n<\/tr>\n<tr>\n<td>Tarifa (*):<\/td>\n<td>\n    <span class=\"wpcf7-form-control-wrap tarifa\"><select name=\"tarifa\" class=\"wpcf7-form-control wpcf7-select wpcf7-validates-as-required\" aria-required=\"true\" aria-invalid=\"false\"><option value=\"UMH\">UMH<\/option><option value=\"Extensa\">Extensa<\/option><option value=\"No UMH\">No UMH<\/option><\/select><\/span> <\/td>\n<\/tr>\n<tr>\n<td>Colectivo (*):<\/td>\n<td>\n   <span class=\"wpcf7-form-control-wrap colectivo\"><select name=\"colectivo\" class=\"wpcf7-form-control wpcf7-select wpcf7-validates-as-required\" aria-required=\"true\" aria-invalid=\"false\"><option value=\"PAS\">PAS<\/option><option value=\"PDI\">PDI<\/option><option value=\"Estudiante\">Estudiante<\/option><option value=\"Extensa\">Extensa<\/option><option value=\"Solidaria\">Solidaria<\/option><option value=\"UA\">UA<\/option><option value=\"Alumni\">Alumni<\/option><option value=\"Externo\">Externo<\/option><\/select><\/span> <\/td>\n<\/tr>\n<tr>\n<td>D\u00edas y Horario elegidos (ver grupos abiertos arriba) (*):<\/td>\n<td>\n  <span class=\"wpcf7-form-control-wrap dias\"><input type=\"text\" name=\"dias\" value=\"\" size=\"40\" class=\"wpcf7-form-control wpcf7-text wpcf7-validates-as-required\" aria-required=\"true\" aria-invalid=\"false\" \/><\/span> <\/td>\n<\/tr>\n<tr>\n<td>\u00bfAlg\u00fan m\u00e9dico le ha dicho que padece una enfermedad card\u00edaca y que s\u00f3lo debe practicar actividades f\u00edsicas recomendadas por un m\u00e9dico?:<\/td>\n<td>\n    <span class=\"wpcf7-form-control-wrap p1\"><select name=\"p1\" class=\"wpcf7-form-control wpcf7-select wpcf7-validates-as-required\" aria-required=\"true\" aria-invalid=\"false\"><option value=\"No\">No<\/option><option value=\"S\u00ed\">S\u00ed<\/option><\/select><\/span> <\/td>\n<\/tr>\n<tr>\n<td>\u00bfTiene dolor en el pecho cuando practica alguna actividad f\u00edsica?:<\/td>\n<td>\n    <span class=\"wpcf7-form-control-wrap p2\"><select name=\"p2\" class=\"wpcf7-form-control wpcf7-select wpcf7-validates-as-required\" aria-required=\"true\" aria-invalid=\"false\"><option value=\"No\">No<\/option><option value=\"S\u00ed\">S\u00ed<\/option><\/select><\/span> <\/td>\n<\/tr>\n<tr>\n<td>En el \u00faltimo mes, \u00bfha tenido dolor en el pecho cuando no estaba practicando actividades f\u00edsicas?:<\/td>\n<td>\n    <span class=\"wpcf7-form-control-wrap p3\"><select name=\"p3\" class=\"wpcf7-form-control wpcf7-select wpcf7-validates-as-required\" aria-required=\"true\" aria-invalid=\"false\"><option value=\"No\">No<\/option><option value=\"S\u00ed\">S\u00ed<\/option><\/select><\/span> <\/td>\n<\/tr>\n<tr>\n<td>\u00bfPierde el equilibrio por mareos, o ha perdido alguna vez el conocimiento?:<\/td>\n<td>\n    <span class=\"wpcf7-form-control-wrap p4\"><select name=\"p4\" class=\"wpcf7-form-control wpcf7-select wpcf7-validates-as-required\" aria-required=\"true\" aria-invalid=\"false\"><option value=\"No\">No<\/option><option value=\"S\u00ed\">S\u00ed<\/option><\/select><\/span> <\/td>\n<\/tr>\n<tr>\n<td>\u00bfTiene alg\u00fan problema en huesos o articulaciones que se pueda agravar con un cambio de la actividad f\u00edsica?:<\/td>\n<td>\n    <span class=\"wpcf7-form-control-wrap p5\"><select name=\"p5\" class=\"wpcf7-form-control wpcf7-select wpcf7-validates-as-required\" aria-required=\"true\" aria-invalid=\"false\"><option value=\"No\">No<\/option><option value=\"S\u00ed\">S\u00ed<\/option><\/select><\/span> <\/td>\n<\/tr>\n<tr>\n<td>\u00bfEst\u00e1 tomando medicamentos recetados por el m\u00e9dico (p. ej., diur\u00e9ticos) para la tensi\u00f3n arterial o el coraz\u00f3n?:<\/td>\n<td>\n    <span class=\"wpcf7-form-control-wrap p6\"><select name=\"p6\" class=\"wpcf7-form-control wpcf7-select wpcf7-validates-as-required\" aria-required=\"true\" aria-invalid=\"false\"><option value=\"No\">No<\/option><option value=\"S\u00ed\">S\u00ed<\/option><\/select><\/span> <\/td>\n<\/tr>\n<tr>\n<td>\u00bfSabe de cualquier otra raz\u00f3n por la que no deber\u00eda practicar una actividad f\u00edsica?:<\/td>\n<td>\n    <span class=\"wpcf7-form-control-wrap p7\"><select name=\"p7\" class=\"wpcf7-form-control wpcf7-select wpcf7-validates-as-required\" aria-required=\"true\" aria-invalid=\"false\"><option value=\"No\">No<\/option><option value=\"S\u00ed\">S\u00ed<\/option><\/select><\/span> <\/td>\n<\/tr>\n<tr colspan=\"2\">\n<td  colspan=\"2\">\n<span class=\"wpcf7-form-control-wrap recaptcha\" data-name=\"recaptcha\"><span data-sitekey=\"6LeuwNIqAAAAADJJzruAdMdG26PHcgNP_SeG-JjN\" class=\"wpcf7-form-control g-recaptcha wpcf7-recaptcha\"><\/span>\r\n<noscript>\r\n\t<div class=\"grecaptcha-noscript\">\r\n\t\t<iframe src=\"https:\/\/www.google.com\/recaptcha\/api\/fallback?k=6LeuwNIqAAAAADJJzruAdMdG26PHcgNP_SeG-JjN\" frameborder=\"0\" scrolling=\"no\" width=\"310\" height=\"430\">\r\n\t\t<\/iframe>\r\n\t\t<textarea name=\"g-recaptcha-response\" rows=\"3\" cols=\"40\" placeholder=\"reCaptcha Response Here\">\r\n\t\t<\/textarea>\r\n\t<\/div>\r\n<\/noscript>\r\n<\/span>\n<\/td>\n<\/tr>\n<tr>\n<td colspan=\"2\"><input type=\"submit\" value=\"Enviar\" class=\"wpcf7-form-control has-spinner wpcf7-submit\" \/><\/td>\n<\/tr>\n<\/table>\n<div class=\"wpcf7-response-output\" aria-hidden=\"true\"><\/div><\/form><\/div><\/p>","protected":false},"excerpt":{"rendered":"<p>REGISTRATION QUARTER OCTOBER-DECEMBER<br \/>\nWe inform that the registration period for the PMC of the October &#8211; December quarter is open, which will begin on October 5. We remember that for new users it is necessary to fill in the form at the bottom of the page to apply for the place. Former users requesting reimbursement for [&#8230;]<\/p>\n","protected":false},"author":47,"featured_media":0,"parent":7,"menu_order":3,"comment_status":"closed","ping_status":"closed","template":"","meta":{"_links_to":"","_links_to_target":""},"_links":{"self":[{"href":"https:\/\/deportes.umh.es\/en\/wp-json\/wp\/v2\/pages\/496"}],"collection":[{"href":"https:\/\/deportes.umh.es\/en\/wp-json\/wp\/v2\/pages"}],"about":[{"href":"https:\/\/deportes.umh.es\/en\/wp-json\/wp\/v2\/types\/page"}],"author":[{"embeddable":true,"href":"https:\/\/deportes.umh.es\/en\/wp-json\/wp\/v2\/users\/47"}],"replies":[{"embeddable":true,"href":"https:\/\/deportes.umh.es\/en\/wp-json\/wp\/v2\/comments?post=496"}],"version-history":[{"count":0,"href":"https:\/\/deportes.umh.es\/en\/wp-json\/wp\/v2\/pages\/496\/revisions"}],"up":[{"embeddable":true,"href":"https:\/\/deportes.umh.es\/en\/wp-json\/wp\/v2\/pages\/7"}],"wp:attachment":[{"href":"https:\/\/deportes.umh.es\/en\/wp-json\/wp\/v2\/media?parent=496"}],"curies":[{"name":"wp","href":"https:\/\/api.w.org\/{rel}","templated":true}]}}