{"id":4890,"date":"2016-11-11T11:22:50","date_gmt":"2016-11-11T10:22:50","guid":{"rendered":"http:\/\/deportes.umh.es\/?page_id=4890"},"modified":"2020-07-27T09:10:37","modified_gmt":"2020-07-27T07:10:37","slug":"deporte-adaptado","status":"publish","type":"page","link":"https:\/\/deportes.umh.es\/en\/actividades-2\/deporte-adaptado\/","title":{"rendered":"Inclusive Sport"},"content":{"rendered":"<p>Continuing with the commitment, acquired by the UMH, to ensure equal opportunities for our students, and clearly betting on the inclusion of people with functional diversity, the Office of Sports has been integrating in its competition activities\u00a0Inclusive Sport.<\/p>\n<p><span title=\"Durante el curso 2015-2016, la UMH particip\u00f3 por primera vez en CADU de GOALBALL (hasta ahora deporte de promoci\u00f3n), consiguiendo la medalla de PLATA.\">During the 2015-2016 academic year, the UMH participated for the first time in GOALBALL&#8217;s CADU (up to now promotion sport), obtaining the SILVER medal. <\/span><span title=\"El GoalBall es el \u00fanico deporte paral\u00edmpico creado espec\u00edficamente para personas con ceguera y deficiencias visuales, en el que participan dos equipos de tres jugadores cada uno, todos ellos con un antifaz totalmente opaco.\">Goalball is the only Paralympic sport created specifically for people with blindness and visual deficiencies, in which two teams of three players each participate, all with a totally opaque mask. <\/span><span title=\"En estas jornadas, personas con y sin discapacidad visual han tenido la oportunidad de competir de forma conjunta representando a su universidad, compitiendo con equipos de las Universidades de Valencia y Alicante.\">In these days, people with and without visual disabilities have had the opportunity to compete together representing their university, competing with teams from the Universities of Valencia and Alicante. <\/span><span title=\"Este deporte requiere de sentido auditivo para detectar la trayectoria de la pelota en juego (que lleva cascabeles en su interior) y requiere, adem\u00e1s, una gran capacidad para saber estar situado en cada momento en el lugar m\u00e1s apropiado, con el fin de lanzar la\">This sport requires auditory sense to detect the trajectory of the ball in play (which carries rattles inside) and also requires a great capacity to know to be located at any moment in the most appropriate place, in order to launch the <\/span><span title=\"pelota e introducirla en la porter\u00eda del equipo rival mediante un lanzamiento con la mano, e interceptando a la vez los lanzamientos del equipo contrario.\">Ball and enter it in the goal of the rival team by means of a throw by the hand, and intercepting at the same time the launches of the opposite team. <\/span><span title=\"Durante el partido, de 20 minutos de duraci\u00f3n, cada equipo se sit\u00faa en un lado de una pista de 18 metros de largo, frente a una porter\u00eda de 9 metros de ancho.\">During the game, 20 minutes long, each team is placed on one side of a track 18 meters long, in front of a goal 9 meters wide. <\/span><span title=\"Cualquiera de los tres miembros del equipo intenta que el bal\u00f3n no entre en la porter\u00eda, ganando el equipo que m\u00e1s goles consiga en la porter\u00eda contraria.\">Any of the three team members tries to keep the ball from entering the goal, winning the team that scores the most goals in the opposite goal.<\/span><\/p>\n<p><span title=\"Cualquiera de los tres miembros del equipo intenta que el bal\u00f3n no entre en la porter\u00eda, ganando el equipo que m\u00e1s goles consiga en la porter\u00eda contraria.\">Also during the 2015-2016 academic year, the UMH included in its swimming team, for the first time, both in CADU and in CEU, a member with functional diversity, Manuel Mart\u00ednez Mart\u00ednez, who at the University Spanish Championship (CEU) obtained excellent results : GOLD in 50 Braza, BRONZE in 100 Back and SILVER in 50 Back.<\/span><\/p>\n<p><a href=\"https:\/\/deportes.umh.es\/deporte-adaptado\/foto-goalball\/\" rel=\"attachment wp-att-4891\"><img loading=\"lazy\" class=\"alignnone  wp-image-4891\" src=\"https:\/\/deportes.umh.es\/files\/2016\/11\/foto-goalball-300x169.jpg\" alt=\"foto-goalball\" width=\"401\" height=\"226\" \/><\/a>\u00a0<a href=\"https:\/\/deportes.umh.es\/deporte-adaptado\/nat2-2\/\" rel=\"attachment wp-att-4893\"><img loading=\"lazy\" class=\"alignnone size-medium wp-image-4893\" src=\"https:\/\/deportes.umh.es\/files\/2016\/11\/nat2-300x225.jpg\" alt=\"nat2\" width=\"300\" height=\"225\" srcset=\"https:\/\/deportes.umh.es\/files\/2016\/11\/nat2-300x225.jpg 300w, https:\/\/deportes.umh.es\/files\/2016\/11\/nat2-768x576.jpg 768w, https:\/\/deportes.umh.es\/files\/2016\/11\/nat2-1024x768.jpg 1024w, https:\/\/deportes.umh.es\/files\/2016\/11\/nat2.jpg 1600w\" sizes=\"(max-width: 300px) 100vw, 300px\" \/><\/a><\/p>\n<p>In the same sense, also the course passed for the first time, the UMH has participated in CADU GOALBALL, (so far promotion sport), getting the SILVER medal.<\/p>\n<p>This course, 2016-2017, in addition to maintaining the participation of these sports in university competitions, the Sports Office has included Goalball in the internal competitions of the Trophy Rector, thus giving greater visibility to this new sport.<\/p>\n<p>If you want to compete with the UMU in CADU or CEU in\u00a0Inclusive Sport, consult all the information and register in our address <a href=\"https:\/\/deportes.umh.es\/competiciones\/\">https:\/\/deportes.umh.es\/competiciones\/<\/a><\/p>\n<p>If you want to participate in the Rector Trophy in Goalball, register in this link <a href=\"https:\/\/deportes.umh.es\/competiciones\/trofeo-rector-2\/\">https:\/\/deportes.umh.es\/competiciones\/trofeo-rector-2\/<\/a><\/p>\n<p><span class=\"alt-edited\">On the other hand, during the course of the Summer School and the Classroom Junior, managed by the Sports\u00a0Office, in July 2016,\u00a0have been organized games for children using wheelchairs, balls with sound, bandanas difficult for the<\/span> vision, among other capacities, thus creating situations in which they have been able to experience the game and the sport from the perspective of the people with functional diversity.<\/p>\n<p>__________________________________________________________________________________<\/p>\n<p>You can find much more information in ATED (Area of Attention to the Student with Disability, dependent of the Vicerrectorado of Studies and Sports) whose objective is to guarantee the access to an educative university educations: <a href=\"https:\/\/atenciondiscapacidad.umh.es\/\">https:\/\/atenciondiscapacidad.umh.es\/<\/a><\/p>\n<p>And in the Delegation of Students in <a href=\"https:\/\/delegacion.umh.es\/\">https:\/\/delegacion.umh.es\/<\/a><\/p>","protected":false},"excerpt":{"rendered":"<p>Continuing with the commitment, acquired by the UMH, to ensure equal opportunities for our students, and clearly betting on the inclusion of people with functional diversity, the Office of Sports has been integrating in its competition activities\u00a0Inclusive Sport.<br \/>\nDuring the 2015-2016 academic year, the UMH participated for the first time in GOALBALL&#8217;s CADU (up to now [&#8230;]<\/p>\n","protected":false},"author":544,"featured_media":0,"parent":7,"menu_order":0,"comment_status":"closed","ping_status":"closed","template":"","meta":{"_links_to":"","_links_to_target":""},"_links":{"self":[{"href":"https:\/\/deportes.umh.es\/en\/wp-json\/wp\/v2\/pages\/4890"}],"collection":[{"href":"https:\/\/deportes.umh.es\/en\/wp-json\/wp\/v2\/pages"}],"about":[{"href":"https:\/\/deportes.umh.es\/en\/wp-json\/wp\/v2\/types\/page"}],"author":[{"embeddable":true,"href":"https:\/\/deportes.umh.es\/en\/wp-json\/wp\/v2\/users\/544"}],"replies":[{"embeddable":true,"href":"https:\/\/deportes.umh.es\/en\/wp-json\/wp\/v2\/comments?post=4890"}],"version-history":[{"count":0,"href":"https:\/\/deportes.umh.es\/en\/wp-json\/wp\/v2\/pages\/4890\/revisions"}],"up":[{"embeddable":true,"href":"https:\/\/deportes.umh.es\/en\/wp-json\/wp\/v2\/pages\/7"}],"wp:attachment":[{"href":"https:\/\/deportes.umh.es\/en\/wp-json\/wp\/v2\/media?parent=4890"}],"curies":[{"name":"wp","href":"https:\/\/api.w.org\/{rel}","templated":true}]}}