{"id":4880,"date":"2016-11-09T14:57:40","date_gmt":"2016-11-09T13:57:40","guid":{"rendered":"http:\/\/deportes.umh.es\/?page_id=4880"},"modified":"2022-09-06T13:39:16","modified_gmt":"2022-09-06T11:39:16","slug":"cursos-de-perfeccionamiento","status":"publish","type":"page","link":"https:\/\/deportes.umh.es\/en\/formacion\/cursos-de-perfeccionamiento\/","title":{"rendered":"Training courses"},"content":{"rendered":"<p><span title=\"Presentaci\u00f3n de los Cursos de Perfeccionamiento \">Presentation of the Courses of Improvement<\/span><\/p>\n<p><span title=\"Plan de Cursos de Perfeccionamiento orientado al desarrollo de habilidades complementarias y la entrega de conocimientos necesarios para una formaci\u00f3n integral de los alumnos del Grado en Ciencias de la Actividad F\u00edsica, basado en las demandas del medio laboral en el cual nos encontramos. \">Plan of Courses of Improvement oriented to the development of complementary skills and the delivery of knowledge necessary for an integral formation of the students of the Degree in Sciences of the Physical Activity, based on the demands of the working environment in which we are.<\/span><\/p>\n<p><span title=\"Buscamos crear profesionales polivalentes, fomentando el desarrollo en diversos \u00e1mbitos de la actividad f\u00edsica, entregando una formaci\u00f3n complementaria que les permita desarrollarse en el \u00e1rea del fitness. \">We seek to create multipurpose professionals, encouraging development in various areas of physical activity, providing complementary training that allows them to develop in the area of fitness.<\/span><\/p>\n<p><span title=\"Est\u00e1n dirigidos a los alumnos del grado en Ciencias de la Actividad F\u00edsica y del Deporte, los alumnos del grado en Fisioterapia, y cualquier persona relacionada con el \u00e1mbito deportivo \">They are addressed to the students of the degree in Physical Activity and Sport Sciences, the students of the degree in Physiotherapy, and anyone related to the sports field.<\/span><\/p>\n<p><a href=\"https:\/\/cursosfitness.umh.es\/\">Click here for further info<\/a><\/p>","protected":false},"excerpt":{"rendered":"<p>Presentation of the Courses of Improvement<br \/>\nPlan of Courses of Improvement oriented to the development of complementary skills and the delivery of knowledge necessary for an integral formation of the students of the Degree in Sciences of the Physical Activity, based on the demands of the working environment in which we are.<br \/>\nWe seek to create multipurpose [&#8230;]<\/p>\n","protected":false},"author":46,"featured_media":0,"parent":10157,"menu_order":1,"comment_status":"closed","ping_status":"closed","template":"","meta":{"_links_to":"","_links_to_target":""},"_links":{"self":[{"href":"https:\/\/deportes.umh.es\/en\/wp-json\/wp\/v2\/pages\/4880"}],"collection":[{"href":"https:\/\/deportes.umh.es\/en\/wp-json\/wp\/v2\/pages"}],"about":[{"href":"https:\/\/deportes.umh.es\/en\/wp-json\/wp\/v2\/types\/page"}],"author":[{"embeddable":true,"href":"https:\/\/deportes.umh.es\/en\/wp-json\/wp\/v2\/users\/46"}],"replies":[{"embeddable":true,"href":"https:\/\/deportes.umh.es\/en\/wp-json\/wp\/v2\/comments?post=4880"}],"version-history":[{"count":0,"href":"https:\/\/deportes.umh.es\/en\/wp-json\/wp\/v2\/pages\/4880\/revisions"}],"up":[{"embeddable":true,"href":"https:\/\/deportes.umh.es\/en\/wp-json\/wp\/v2\/pages\/10157"}],"wp:attachment":[{"href":"https:\/\/deportes.umh.es\/en\/wp-json\/wp\/v2\/media?parent=4880"}],"curies":[{"name":"wp","href":"https:\/\/api.w.org\/{rel}","templated":true}]}}