{"id":17390,"date":"2025-10-29T09:38:50","date_gmt":"2025-10-29T08:38:50","guid":{"rendered":"https:\/\/deportes.umh.es\/?page_id=17390"},"modified":"2026-02-10T13:40:26","modified_gmt":"2026-02-10T12:40:26","slug":"como-hablar-en-publico","status":"publish","type":"page","link":"https:\/\/deportes.umh.es\/en\/unidad-de-asesoramiento-psicologico\/talleres\/curso-2025-2026\/como-hablar-en-publico\/","title":{"rendered":"<span lang=\"es\">(Espa\u00f1ol) C\u00f3mo Hablar en P\u00fablico<\/span>"},"content":{"rendered":"<p class=\"qtranxs-available-languages-message qtranxs-available-languages-message-en\">Sorry, this entry is only available in <a href=\"https:\/\/deportes.umh.es\/es\/wp-json\/wp\/v2\/pages\/17390\" class=\"qtranxs-available-language-link qtranxs-available-language-link-es\" title=\"Espa\u00f1ol\">European Spanish<\/a>.<\/p>","protected":false},"excerpt":{"rendered":"<p>Sorry, this entry is only available in European Spanish.<\/p>\n","protected":false},"author":12026,"featured_media":0,"parent":17189,"menu_order":1,"comment_status":"closed","ping_status":"closed","template":"","meta":{"_links_to":"","_links_to_target":""},"_links":{"self":[{"href":"https:\/\/deportes.umh.es\/en\/wp-json\/wp\/v2\/pages\/17390"}],"collection":[{"href":"https:\/\/deportes.umh.es\/en\/wp-json\/wp\/v2\/pages"}],"about":[{"href":"https:\/\/deportes.umh.es\/en\/wp-json\/wp\/v2\/types\/page"}],"author":[{"embeddable":true,"href":"https:\/\/deportes.umh.es\/en\/wp-json\/wp\/v2\/users\/12026"}],"replies":[{"embeddable":true,"href":"https:\/\/deportes.umh.es\/en\/wp-json\/wp\/v2\/comments?post=17390"}],"version-history":[{"count":0,"href":"https:\/\/deportes.umh.es\/en\/wp-json\/wp\/v2\/pages\/17390\/revisions"}],"up":[{"embeddable":true,"href":"https:\/\/deportes.umh.es\/en\/wp-json\/wp\/v2\/pages\/17189"}],"wp:attachment":[{"href":"https:\/\/deportes.umh.es\/en\/wp-json\/wp\/v2\/media?parent=17390"}],"curies":[{"name":"wp","href":"https:\/\/api.w.org\/{rel}","templated":true}]}}