{"id":15672,"date":"2024-02-27T16:11:54","date_gmt":"2024-02-27T15:11:54","guid":{"rendered":"https:\/\/deportes.umh.es\/?page_id=15672"},"modified":"2025-12-16T14:55:50","modified_gmt":"2025-12-16T13:55:50","slug":"beca-formacion-actividades-fisico-deportivas-en-la-ocsd","status":"publish","type":"page","link":"https:\/\/deportes.umh.es\/en\/formacion\/becas\/beca-formacion-actividades-fisico-deportivas-en-la-ocsd\/","title":{"rendered":"<span lang=\"es\">(Espa\u00f1ol) Beca Formaci\u00f3n Gesti\u00f3n Deportiva 2025<\/span>"},"content":{"rendered":"<p class=\"qtranxs-available-languages-message qtranxs-available-languages-message-en\">Sorry, this entry is only available in <a href=\"https:\/\/deportes.umh.es\/es\/wp-json\/wp\/v2\/pages\/15672\" class=\"qtranxs-available-language-link qtranxs-available-language-link-es\" title=\"Espa\u00f1ol\">European Spanish<\/a>.<\/p>","protected":false},"excerpt":{"rendered":"<p>Sorry, this entry is only available in European Spanish.<\/p>\n","protected":false},"author":397,"featured_media":0,"parent":497,"menu_order":0,"comment_status":"closed","ping_status":"closed","template":"","meta":{"_links_to":"","_links_to_target":""},"_links":{"self":[{"href":"https:\/\/deportes.umh.es\/en\/wp-json\/wp\/v2\/pages\/15672"}],"collection":[{"href":"https:\/\/deportes.umh.es\/en\/wp-json\/wp\/v2\/pages"}],"about":[{"href":"https:\/\/deportes.umh.es\/en\/wp-json\/wp\/v2\/types\/page"}],"author":[{"embeddable":true,"href":"https:\/\/deportes.umh.es\/en\/wp-json\/wp\/v2\/users\/397"}],"replies":[{"embeddable":true,"href":"https:\/\/deportes.umh.es\/en\/wp-json\/wp\/v2\/comments?post=15672"}],"version-history":[{"count":0,"href":"https:\/\/deportes.umh.es\/en\/wp-json\/wp\/v2\/pages\/15672\/revisions"}],"up":[{"embeddable":true,"href":"https:\/\/deportes.umh.es\/en\/wp-json\/wp\/v2\/pages\/497"}],"wp:attachment":[{"href":"https:\/\/deportes.umh.es\/en\/wp-json\/wp\/v2\/media?parent=15672"}],"curies":[{"name":"wp","href":"https:\/\/api.w.org\/{rel}","templated":true}]}}