{"id":845,"date":"2010-10-13T09:24:56","date_gmt":"2010-10-13T08:24:56","guid":{"rendered":"http:\/\/deportes.zeus.umh.es\/?page_id=845"},"modified":"2026-02-24T10:27:07","modified_gmt":"2026-02-24T09:27:07","slug":"formularios-y-creditos-le","status":"publish","type":"page","link":"https:\/\/deportes.umh.es\/ca\/formacion\/formularios-y-creditos-le\/","title":{"rendered":"Sol \u00b7 licituds, formularis i Cr\u00e8dits L.E."},"content":{"rendered":"<p>Tots els enlla\u00e7os estan disponibles nom\u00e9s a la p\u00e0gina en espanyol.<\/p>\n<p>FORMULARIS D&#8217;INSCRIPCI\u00d3<\/p>\n<p><a href=\"https:\/\/deportes.umh.es\/instalaciones-y-tarifas\/unidad-de-gestion-deportiva\/formularios-y-creditos-le\/\">\u00a0<\/a><\/p>\n<p>&#8230;<\/p>\n<p>DOCUMENTS PER A BEQUES<\/p>\n<p>Programa Esportistes d&#8217;Alt Nivell del CSD: Pich aqu\u00ed per descarregar-te el document que s&#8217;haur\u00e0 d&#8217;emplenar per remetre despr\u00e9s a la Unitat de Gesti\u00f3 Esportiva, emplenat segons les especificacions que es marquen al seu interior. Es prega no modificar l&#8217;estructura del document i seguir les seves instruccions escrupolosament.<\/p>\n<p>Per si de cas d\u00f3na problemes el word, tamb\u00e9 es pot descarregar en pdf. Per\u00f2 s&#8217;ha de presentar a ordinador i no escrit a m\u00e0.<\/p>\n<p>&#8230;<\/p>\n<p>DOCUMENTACI\u00d3 PER A PR\u00c0CTIQUES INTERNES EN LA UNITAT DE GESTI\u00d3 ESPORTIVA<\/p>\n<p>Per realitzar pr\u00e0ctiques internes a la unitat s&#8217;ha de complir amb els tr\u00e0mits a l&#8217;Observatori Ocupacional mitjan\u00e7ant l&#8217;acc\u00e9s personalitzat de cada estudiant. La sol \u00b7 licitud es realitza en l\u00ednia i els passos per fer-la correctament els podeu veure clicant aqu\u00ed.<\/p>\n<p>&#8230;<\/p>\n<p>SOL \u00b7 LICITUD DE CR\u00c8DITS<\/p>\n<p>Tamb\u00e9 pots omplir aquest formulari, sense necessitat d&#8217;anar al CEGECA: Formulari per la sol \u00b7 licitud de certificats per activitats esportives.<\/p>","protected":false},"excerpt":{"rendered":"<p>Tots els enlla\u00e7os estan disponibles nom\u00e9s a la p\u00e0gina en espanyol.<br \/>\nFORMULARIS D&#8217;INSCRIPCI\u00d3<br \/>\n\u00a0<br \/>\n&#8230;<br \/>\nDOCUMENTS PER A BEQUES<br \/>\nPrograma Esportistes d&#8217;Alt Nivell del CSD: Pich aqu\u00ed per descarregar-te el document que s&#8217;haur\u00e0 d&#8217;emplenar per remetre despr\u00e9s a la Unitat de Gesti\u00f3 Esportiva, emplenat segons les especificacions que es marquen al seu interior. Es prega no modificar l&#8217;estructura del document [&#8230;]<\/p>\n","protected":false},"author":47,"featured_media":0,"parent":10157,"menu_order":1,"comment_status":"closed","ping_status":"open","template":"","meta":{"_links_to":"","_links_to_target":""},"_links":{"self":[{"href":"https:\/\/deportes.umh.es\/ca\/wp-json\/wp\/v2\/pages\/845"}],"collection":[{"href":"https:\/\/deportes.umh.es\/ca\/wp-json\/wp\/v2\/pages"}],"about":[{"href":"https:\/\/deportes.umh.es\/ca\/wp-json\/wp\/v2\/types\/page"}],"author":[{"embeddable":true,"href":"https:\/\/deportes.umh.es\/ca\/wp-json\/wp\/v2\/users\/47"}],"replies":[{"embeddable":true,"href":"https:\/\/deportes.umh.es\/ca\/wp-json\/wp\/v2\/comments?post=845"}],"version-history":[{"count":0,"href":"https:\/\/deportes.umh.es\/ca\/wp-json\/wp\/v2\/pages\/845\/revisions"}],"up":[{"embeddable":true,"href":"https:\/\/deportes.umh.es\/ca\/wp-json\/wp\/v2\/pages\/10157"}],"wp:attachment":[{"href":"https:\/\/deportes.umh.es\/ca\/wp-json\/wp\/v2\/media?parent=845"}],"curies":[{"name":"wp","href":"https:\/\/api.w.org\/{rel}","templated":true}]}}