{"id":799,"date":"2010-09-21T13:13:16","date_gmt":"2010-09-21T12:13:16","guid":{"rendered":"http:\/\/deportes.zeus.umh.es\/?page_id=799"},"modified":"2026-02-24T11:24:16","modified_gmt":"2026-02-24T10:24:16","slug":"tarjeta-deportiva","status":"publish","type":"page","link":"https:\/\/deportes.umh.es\/ca\/actividades-2\/tarjeta-deportiva\/","title":{"rendered":"Targeta Esportiva TDU"},"content":{"rendered":"<p><\/p>\n<h2 style=\"text-align: center\"><strong><span style=\"text-decoration: underline\">IMPORTANT! INSCRIPCIONS A PARTIR DE L&#8217;1 DE OCTUBRE<\/span><\/strong><\/h2>\n<p>\u00c9s v\u00e0lida per a accedir al Gimn\u00e0s, Piscina d&#8217;estiu i Tennis de Taula.<br \/>\nEls Esportistes i Club Erasmus UMH, tant per renovar com per a nous clients hauran de venir a l&#8217;Oficina<br \/>\n____________________PROCEDIMIENTO PER A LA RENOVACI\u00d3 O ALTA: ________________<\/p>\n<p>.<\/p>\n<p>Estudiants, PAS i PDI o usuaris amb TIU UMH: Podran renovar o pagar l&#8217;expedici\u00f3 de la TDU en la pr\u00f2pia Oficina d&#8217;Esports (aportant la TIU) o b\u00e9:<\/p>\n<p>On line: en AQUEST ENLLA\u00c7 DE REBUTS UMH, (Tipus Activitats Esportives, Subtipus Targeta Esportiva Universit\u00e0ria) omplint totes les dades requerides i introduint el DNI (sense lletra) a l&#8217;apartat &#8220;Codi TEU&#8221;.<br \/>\nUn cop farcits, seleccionar el descompte aplicable. Si el descompte \u00e9s incorrecte es notificar\u00e0 per a la seva modificaci\u00f3.<\/p>\n<p>Les persones que NO S\u00d3N UMH podran treure la TDU nom\u00e9s en persona a l&#8217;Oficina d&#8217;Esports. Per\u00f2 podran renovar la TDU:<\/p>\n<p>On line: en AQUEST ENLLA\u00c7 DE REBUTS UMH, (Tipus Activitats Esportives, Subtipus Targeta Esportiva Universit\u00e0ria) omplint totes les dades requerides i introduint el n\u00famero del codi de barres del TEU (al dors de la TEU) a l&#8217;apartat &#8220;Codi TEU&#8221; .<br \/>\nEls pagaments On Line activen la TDU al dia seg\u00fcent h\u00e0bil del seu abonament.<\/p>\n<p>Hi haur\u00e0 un per\u00edode d&#8217;adequaci\u00f3 al nou sistema els 15 primers dies d&#8217;octubre en el qual encara es permetr\u00e0 l&#8217;entrada de les TEU caducades.<\/p>\n<p>Les tarifes s\u00f3n: 180 \u20ac No UMH &#8211; 120 \u20ac Extensa &#8211; 60 \u20ac UMH &#8211; 30 \u20ac Esportistes UMH &#8211; 45 \u20ac Club Erasmus<\/p>\n<p>___________________________________ INFORMACI\u00d3 GENERAL: _______________________________<\/p>\n<p>.<\/p>\n<p>Els pagaments no autoritzats o irregulars no s&#8217;han de tenir en compte i no permetran la devoluci\u00f3 de l&#8217;import.<br \/>\nPer fer el pagament On Line s&#8217;haur\u00e0 d&#8217;utilitzar una targeta de cr\u00e8dit o d\u00e8bit habilitada per a aix\u00f2.<br \/>\nL&#8217;aplicaci\u00f3 per al pagament tamb\u00e9 donar\u00e0 l&#8217;opci\u00f3 d&#8217;imprimir el rebut i acudir a una entitat banc\u00e0ria a abonar-lo.<br \/>\nFes clic aqu\u00ed per con\u00e8ixer els serveis de la TDU, les tarifes de totes les activitats i els descomptes per col\u00b7lectius.<\/p>\n<p>TAXES TARGETA EXTENSA UMH<\/p>\n<p>L&#8217;any compr\u00e8n des de l&#8217;1 d&#8217;octubre fins al 30 de setembre.<br \/>\nL&#8217;horari d&#8217;atenci\u00f3 al p\u00fablic per a expedir la TDU \u00e9s de dilluns a divendres de 9h a 14h.<\/p>\n<p>\u00c9s v\u00e0lida per a accedir al Gimn\u00e0s, Piscina d&#8217;estiu i Tennis de Taula.<\/p>\n<p><strong>Horaris Gimn\u00e0s Elche:<\/strong> de dilluns a divendres, de 8h a 22:45h i dissabtes de 8h a 22h. Els horaris especials en per\u00edodes de vacances es publiquen en funci\u00f3 de les modificacions pertinents. Agost tancat.<\/p>\n<p><strong>Horaris Gimn\u00e0s Sant Joan:<\/strong> de dilluns a divendres, de 9h a 21:00h. Dissabtes tancat. Els horaris especials en per\u00edodes de vacances es publiquen en funci\u00f3 de les modificacions pertinents. Agost tancat.<\/p>\n<p>Horaris Piscina: De dilluns a divendres, de 8h a 22h i dissabtes de 8h a 14h. Des de l&#8217;1 de juny al 30 de setembre.<\/p>\n<p>__________________________ NORMES D&#8217;ACC\u00c9S: ______________________<\/p>\n<p>ACC\u00c9S LLIURE: Hi haur\u00e0 un l\u00edmit de 48 usuaris. El sistema d&#8217;acc\u00e9s \u00e9s el seg\u00fcent:<\/p>\n<p>1r.- Control d&#8217;acc\u00e9s a la mateixa sala davant el monitor: Presentaci\u00f3 de la TDU \/ TIU UMH \/ TIU UA a la sala al monitor \/ a.<\/p>\n<p>2n.- \u00c9s obligatori l&#8217;\u00fas de tovallola a l&#8217;interior i est\u00e0 prohibit l&#8217;acc\u00e9s amb bosses o motxilles, aix\u00ed com menjar dins de la sala.<\/p>\n<p>3r.- S&#8217;ha de obeir en tot moment les indicacions dels monitors al c\u00e0rrec.<br \/>\nTamb\u00e9 es podr\u00e0 accedir per a usos puntuals d&#8217;un sol dia mitjan\u00e7ant el pagament de 3 \u20ac (1.5 \u20ac UMH) al quiosc de tiquets de consergeria de l&#8217;Edifici el Clot. El tiquet caldr\u00e0 lliurar-se al monitor \/ a de la sala juntament amb la presentaci\u00f3 del DNI per acreditar la majoria d&#8217;edat o la pertinen\u00e7a a la UMH i la validesa del descompte.<br \/>\nTraductor de Google para empresas:Google Translator ToolkitTraductor de sitios webGlobal Market Finder<\/p>","protected":false},"excerpt":{"rendered":"<p>IMPORTANT! INSCRIPCIONS A PARTIR DE L&#8217;1 DE OCTUBRE<br \/>\n\u00c9s v\u00e0lida per a accedir al Gimn\u00e0s, Piscina d&#8217;estiu i Tennis de Taula.<br \/>\nEls Esportistes i Club Erasmus UMH, tant per renovar com per a nous clients hauran de venir a l&#8217;Oficina<br \/>\n____________________PROCEDIMIENTO PER A LA RENOVACI\u00d3 O ALTA: ________________<br \/>\n.<br \/>\nEstudiants, PAS i PDI o usuaris amb TIU UMH: Podran renovar [&#8230;]<\/p>\n","protected":false},"author":47,"featured_media":0,"parent":7,"menu_order":2,"comment_status":"closed","ping_status":"open","template":"","meta":{"_links_to":"","_links_to_target":""},"_links":{"self":[{"href":"https:\/\/deportes.umh.es\/ca\/wp-json\/wp\/v2\/pages\/799"}],"collection":[{"href":"https:\/\/deportes.umh.es\/ca\/wp-json\/wp\/v2\/pages"}],"about":[{"href":"https:\/\/deportes.umh.es\/ca\/wp-json\/wp\/v2\/types\/page"}],"author":[{"embeddable":true,"href":"https:\/\/deportes.umh.es\/ca\/wp-json\/wp\/v2\/users\/47"}],"replies":[{"embeddable":true,"href":"https:\/\/deportes.umh.es\/ca\/wp-json\/wp\/v2\/comments?post=799"}],"version-history":[{"count":0,"href":"https:\/\/deportes.umh.es\/ca\/wp-json\/wp\/v2\/pages\/799\/revisions"}],"up":[{"embeddable":true,"href":"https:\/\/deportes.umh.es\/ca\/wp-json\/wp\/v2\/pages\/7"}],"wp:attachment":[{"href":"https:\/\/deportes.umh.es\/ca\/wp-json\/wp\/v2\/media?parent=799"}],"curies":[{"name":"wp","href":"https:\/\/api.w.org\/{rel}","templated":true}]}}