{"id":7,"date":"2009-01-15T12:12:03","date_gmt":"2009-01-15T11:12:03","guid":{"rendered":"http:\/\/deportes.zeus.umh.es\/?page_id=7"},"modified":"2026-01-29T10:44:06","modified_gmt":"2026-01-29T09:44:06","slug":"actividades-2","status":"publish","type":"page","link":"https:\/\/deportes.umh.es\/ca\/actividades-2\/","title":{"rendered":"Activitats"},"content":{"rendered":"<p><\/p>\n<p style=\"text-align: justify\"><span style=\"font-weight: 400\"><span dir=\"auto\" style=\"vertical-align: inherit\"><span dir=\"auto\" style=\"vertical-align: inherit\">La <\/span><\/span><\/span><b><span dir=\"auto\" style=\"vertical-align: inherit\"><span dir=\"auto\" style=\"vertical-align: inherit\">Universitat Miguel Hern\u00e1ndez <\/span><\/span><\/b><span style=\"font-weight: 400\"><span dir=\"auto\" style=\"vertical-align: inherit\"><span dir=\"auto\" style=\"vertical-align: inherit\">ofereix a tota la comunitat universit\u00e0ria i ciutadania un gran repertori d&#8217;activitats i serveis d&#8217;activitat f\u00edsica i esportiva amb l&#8217;objectiu de promoure <\/span><\/span><strong><span dir=\"auto\" style=\"vertical-align: inherit\"><span dir=\"auto\" style=\"vertical-align: inherit\">h\u00e0bits actius, saludables i recreatius<\/span><\/span><\/strong><span dir=\"auto\" style=\"vertical-align: inherit\"><span dir=\"auto\" style=\"vertical-align: inherit\"> als seus diferents campus.\u00a0<\/span><\/span><\/span><\/p>\n<p style=\"text-align: justify\"><span style=\"font-weight: 400\"><span dir=\"auto\" style=\"vertical-align: inherit\"><span dir=\"auto\" style=\"vertical-align: inherit\">Recordeu que la participaci\u00f3 en aquestes activitats est\u00e0 reservada a <\/span><\/span><strong><span dir=\"auto\" style=\"vertical-align: inherit\"><span dir=\"auto\" style=\"vertical-align: inherit\">majors de 18 anys.<\/span><\/span><\/strong><\/span><\/p>\n<p style=\"text-align: justify\"><span style=\"font-weight: 400\"><span dir=\"auto\" style=\"vertical-align: inherit\"><span dir=\"auto\" style=\"vertical-align: inherit\">L&#8217;\u00fas de les instal\u00b7lacions i la participaci\u00f3 en activitats s&#8217;ajusta al calendari acad\u00e8mic del curs lectiu, per la qual cosa les <\/span><\/span><\/span><span style=\"font-weight: 400\"><span dir=\"auto\" style=\"vertical-align: inherit\"><span dir=\"auto\" style=\"vertical-align: inherit\">\u00a0instal\u00b7lacions romandran <\/span><\/span><strong><span dir=\"auto\" style=\"vertical-align: inherit\"><span dir=\"auto\" style=\"vertical-align: inherit\">tancades en dies festius i en els per\u00edodes de vacances<\/span><\/span><\/strong><span dir=\"auto\" style=\"vertical-align: inherit\"><span dir=\"auto\" style=\"vertical-align: inherit\"> de Nadal, Setmana Santa i agost (excepte la piscina descoberta del campus d&#8217;Elx) <\/span><\/span><\/span><span style=\"font-weight: 400\"><span dir=\"auto\" style=\"vertical-align: inherit\"><span dir=\"auto\" style=\"vertical-align: inherit\">.\u00a0<\/span><\/span><\/span><\/p>\n<p><a href=\"https:\/\/deportes.umh.es\/actividades-2\/actividades-dirigidas\/\"><img loading=\"lazy\" class=\"alignleft wp-image-11770 size-full\" src=\"https:\/\/deportes.umh.es\/files\/2021\/07\/ACTIVIDADES-DIRIGIDAS.png\" alt=\"Activitats dirigides\" width=\"150\" height=\"150\" \/><\/a><\/p>\n<p style=\"text-align: left\">\u00a0 \u00a0 \u00a0<a href=\"https:\/\/deportes.umh.es\/cursos\/musculacion-y-cardio\/\" target=\"_blank\" rel=\"noopener noreferrer\"><img loading=\"lazy\" class=\"alignleft wp-image-11820 size-full\" src=\"https:\/\/deportes.umh.es\/files\/2021\/07\/PMC.png\" alt=\"programa de musculaci\u00f3 i cardio\" width=\"150\" height=\"150\" \/><\/a>\u00a0 <a href=\"https:\/\/deportes.umh.es\/cursos\/cursos-de-la-unidad-de-gestion-deportiva\/\"><img loading=\"lazy\" class=\"alignleft wp-image-11818 size-full\" src=\"https:\/\/deportes.umh.es\/files\/2021\/07\/PISCINA-UMH-2.png\" alt=\"piscina umh\" width=\"150\" height=\"150\" \/><\/a><a href=\"https:\/\/deportes.umh.es\/cursos\/tarjeta-deportiva\/\" target=\"_blank\" rel=\"noopener noreferrer\"><img loading=\"lazy\" class=\"alignleft wp-image-11808 size-full\" src=\"https:\/\/deportes.umh.es\/files\/2021\/07\/MUSCULACION-Y-TDU.png\" alt=\"sala de musculaci\u00f3 i te d'u\" width=\"150\" height=\"150\" \/><\/a><a href=\"https:\/\/deportes.umh.es\/cursos\/ev-aj\/\" target=\"_blank\" rel=\"noopener noreferrer\"><img loading=\"lazy\" class=\"alignleft wp-image-11796 size-full\" src=\"https:\/\/deportes.umh.es\/files\/2021\/07\/ESCUELA-VERANO-AULA-JUNIOR.png\" alt=\"escola d'estiu i aula j\u00fanior\" width=\"150\" height=\"150\" \/><\/a> <a href=\"https:\/\/deportes.umh.es\/cursos\/pausa-saludable\/\" target=\"_blank\" rel=\"noopener noreferrer\"><img loading=\"lazy\" class=\"alignleft wp-image-11814 size-full\" src=\"https:\/\/deportes.umh.es\/files\/2021\/07\/PAUSA-SALUDABLE-1.png\" alt=\"pausa saludable\" width=\"150\" height=\"150\" \/><\/a>\u00a0 \u00a0 <a href=\"https:\/\/deportes.umh.es\/actividades-2\/spazio-umhsaludable-%c2%b7-campus-de-altea\/\"><img loading=\"lazy\" class=\"alignnone wp-image-17066\" src=\"https:\/\/deportes.umh.es\/files\/2025\/06\/BOTON-SPAZIO-SALUDABLE-ALTEA.png\" alt=\"\" width=\"123\" height=\"123\" srcset=\"https:\/\/deportes.umh.es\/files\/2025\/06\/BOTON-SPAZIO-SALUDABLE-ALTEA.png 500w, https:\/\/deportes.umh.es\/files\/2025\/06\/BOTON-SPAZIO-SALUDABLE-ALTEA-300x300.png 300w, https:\/\/deportes.umh.es\/files\/2025\/06\/BOTON-SPAZIO-SALUDABLE-ALTEA-150x150.png 150w\" sizes=\"(max-width: 123px) 100vw, 123px\" \/><\/a>\u00a0 <a href=\"https:\/\/deportes.umh.es\/cursos\/encuesta-de-valoracion-actividades-y-escuelas-deportivas\/\"><img loading=\"lazy\" class=\"alignleft wp-image-11794 size-full\" src=\"https:\/\/deportes.umh.es\/files\/2021\/07\/ENCUESTAS.png\" alt=\"enquestes de valoraci\u00f3 d'activitats\" width=\"150\" height=\"150\" \/><\/a>\u00a0 \u00a0<a href=\"https:\/\/deportes.umh.es\/cursos\/organizacion-de-eventos-deportivos\/\" target=\"_blank\" rel=\"noopener noreferrer\"><img loading=\"lazy\" class=\"alignleft wp-image-11812 size-full\" src=\"https:\/\/deportes.umh.es\/files\/2021\/07\/ORG-EVEN-DEPOR.png\" alt=\"organitzaci\u00f3 d'esdeveniments esportius\" width=\"150\" height=\"150\" \/><\/a><\/p>\n<p><strong>\u00a0<\/strong><\/p>\n<p>&nbsp;<\/p>\n<p><em><span dir=\"auto\" style=\"vertical-align: inherit\"><span dir=\"auto\" style=\"vertical-align: inherit\">L&#8217;Oficina de Campus Saludables i Esports de la Universitat Miguel Hern\u00e1ndez no t\u00e9 una asseguran\u00e7a pr\u00f2pia i espec\u00edfica d&#8217;accidents de salut per a les seves instal\u00b7lacions i activitats. <\/span><\/span><a href=\"https:\/\/deportes.umh.es\/informacion-sobre-seguros\/\"><span dir=\"auto\" style=\"vertical-align: inherit\"><span dir=\"auto\" style=\"vertical-align: inherit\">Consulta m\u00e9s informaci\u00f3 sobre cobertures.<\/span><\/span><\/a><\/em><\/p>","protected":false},"excerpt":{"rendered":"<p>La Universitat Miguel Hern\u00e1ndez ofereix a tota la comunitat universit\u00e0ria i ciutadania un gran repertori d&#8217;activitats i serveis d&#8217;activitat f\u00edsica i esportiva amb l&#8217;objectiu de promoure h\u00e0bits actius, saludables i recreatius als seus diferents campus.\u00a0<br \/>\nRecordeu que la participaci\u00f3 en aquestes activitats est\u00e0 reservada a majors de 18 anys.<br \/>\nL&#8217;\u00fas de les instal\u00b7lacions i la participaci\u00f3 en [&#8230;]<\/p>\n","protected":false},"author":47,"featured_media":0,"parent":0,"menu_order":1,"comment_status":"closed","ping_status":"open","template":"","meta":{"_links_to":"","_links_to_target":""},"_links":{"self":[{"href":"https:\/\/deportes.umh.es\/ca\/wp-json\/wp\/v2\/pages\/7"}],"collection":[{"href":"https:\/\/deportes.umh.es\/ca\/wp-json\/wp\/v2\/pages"}],"about":[{"href":"https:\/\/deportes.umh.es\/ca\/wp-json\/wp\/v2\/types\/page"}],"author":[{"embeddable":true,"href":"https:\/\/deportes.umh.es\/ca\/wp-json\/wp\/v2\/users\/47"}],"replies":[{"embeddable":true,"href":"https:\/\/deportes.umh.es\/ca\/wp-json\/wp\/v2\/comments?post=7"}],"version-history":[{"count":0,"href":"https:\/\/deportes.umh.es\/ca\/wp-json\/wp\/v2\/pages\/7\/revisions"}],"wp:attachment":[{"href":"https:\/\/deportes.umh.es\/ca\/wp-json\/wp\/v2\/media?parent=7"}],"curies":[{"name":"wp","href":"https:\/\/api.w.org\/{rel}","templated":true}]}}