{"id":5675,"date":"2017-10-19T14:49:55","date_gmt":"2017-10-19T12:49:55","guid":{"rendered":"http:\/\/deportes.umh.es\/?page_id=5675"},"modified":"2025-11-11T13:55:09","modified_gmt":"2025-11-11T12:55:09","slug":"fundacion-trinidad-alfonso","status":"publish","type":"page","link":"https:\/\/deportes.umh.es\/ca\/formacion\/becas\/fundacion-trinidad-alfonso\/","title":{"rendered":"Fundaci\u00f3 Trinidad Alfonso"},"content":{"rendered":"<p><\/p>\n<h3 style=\"text-align: center\">BEQUES Fundaci\u00f3 Trinitat Alfonso CURS 2021\/2022<\/h3>\n<p><a href=\"https:\/\/deportes.umh.es\/files\/2022\/06\/Convocatoria-Premios-FTA-para-deportistas-titulados-2021-2022.pdf\">Convocat\u00f2ria de premis Fundaci\u00f3 Trinitat Alfonso per a estudiantat esportista titulat, en compliment del Conveni de col\u00b7laboraci\u00f3 entre les set universitats valencianes del Campionat Auton\u00f2mic d&#8217;Esport Universitari (CADU) i la Fundaci\u00f3 Trinidad Alfonso per a la promoci\u00f3 de l&#8217;esport universitari.<\/a><\/p>\n<p><a href=\"https:\/\/deportes.umh.es\/files\/2022\/06\/Convocatoria-Premios-FTA-para-deportistas-titulados-2021-2022.pdf\">Informaci\u00f3 ampliada i document de sol\u00b7licitud dels premis FTA per a estudiants esportistes titulats.<\/a><\/p>\n<p>&nbsp;<\/p>\n<p>&nbsp;<\/p>\n<p><a href=\"https:\/\/deportes.umh.es\/files\/2019\/11\/RPremios-fta.pdf\">https:\/\/deportes.umh.es\/files\/2019\/11\/RPremios-fta.pdf<\/a><\/p>","protected":false},"excerpt":{"rendered":"<p>BEQUES Fundaci\u00f3 Trinitat Alfonso CURS 2021\/2022<br \/>\nConvocat\u00f2ria de premis Fundaci\u00f3 Trinitat Alfonso per a estudiantat esportista titulat, en compliment del Conveni de col\u00b7laboraci\u00f3 entre les set universitats valencianes del Campionat Auton\u00f2mic d&#8217;Esport Universitari (CADU) i la Fundaci\u00f3 Trinidad Alfonso per a la promoci\u00f3 de l&#8217;esport universitari.<br \/>\nInformaci\u00f3 ampliada i document de sol\u00b7licitud dels premis FTA per a [&#8230;]<\/p>\n","protected":false},"author":544,"featured_media":0,"parent":497,"menu_order":5,"comment_status":"closed","ping_status":"closed","template":"","meta":{"_links_to":"","_links_to_target":""},"_links":{"self":[{"href":"https:\/\/deportes.umh.es\/ca\/wp-json\/wp\/v2\/pages\/5675"}],"collection":[{"href":"https:\/\/deportes.umh.es\/ca\/wp-json\/wp\/v2\/pages"}],"about":[{"href":"https:\/\/deportes.umh.es\/ca\/wp-json\/wp\/v2\/types\/page"}],"author":[{"embeddable":true,"href":"https:\/\/deportes.umh.es\/ca\/wp-json\/wp\/v2\/users\/544"}],"replies":[{"embeddable":true,"href":"https:\/\/deportes.umh.es\/ca\/wp-json\/wp\/v2\/comments?post=5675"}],"version-history":[{"count":0,"href":"https:\/\/deportes.umh.es\/ca\/wp-json\/wp\/v2\/pages\/5675\/revisions"}],"up":[{"embeddable":true,"href":"https:\/\/deportes.umh.es\/ca\/wp-json\/wp\/v2\/pages\/497"}],"wp:attachment":[{"href":"https:\/\/deportes.umh.es\/ca\/wp-json\/wp\/v2\/media?parent=5675"}],"curies":[{"name":"wp","href":"https:\/\/api.w.org\/{rel}","templated":true}]}}