{"id":5225,"date":"2017-03-09T22:11:53","date_gmt":"2017-03-09T21:11:53","guid":{"rendered":"http:\/\/deportes.umh.es\/?page_id=5225"},"modified":"2020-07-24T13:38:28","modified_gmt":"2020-07-24T11:38:28","slug":"proyeccion-audiovisual","status":"publish","type":"page","link":"https:\/\/deportes.umh.es\/ca\/proyeccion-audiovisual\/","title":{"rendered":"Concurs 20 aniversari P\u00edndoles Saludables"},"content":{"rendered":"<p>CONCURS P\u00cdNDOLES SALUDABLES<\/p>\n<p>Concurs que consisteix en la realitzaci\u00f3 de projeccions audiovisuals que fomentin la pr\u00e0ctica d&#8217;activitat f\u00edsica, promoguin h\u00e0bits saludables i informin de com prevenir malalties professionals, a trav\u00e9s de missatges tem\u00e0tics.<\/p>\n<p>Hi poden participar tots els alumnes de la universitat Miguel Hern\u00e1ndez d&#8217;Elx, omplint el formulari que apareix al final d&#8217;aquesta p\u00e0gina.<\/p>\n<p>Es seleccionaran 20 propostes valorant l&#8217;originalitat i l&#8217;aplicabilitat del contingut en la vida di\u00e0ria, les propostes seleccionades realitzaran l&#8217;enregistrament del video, que tindr\u00e0 una durada d&#8217;entre 5 i 8 minuts, i rebran roba esportiva com a premi.<\/p>\n<p>Els missatges saludables han de ser clars i de f\u00e0cil aplicabilitat tant en l&#8217;\u00e0mbit laboral com personal, promovent l&#8217;adopci\u00f3 d&#8217;h\u00e0bits i estils de vida saludables, a l&#8217;\u00e0rea nutricional, de l&#8217;activitat f\u00edsica, el control emocional i l&#8217;ergonomia.<\/p>\n<p>Missatges exemple per a cada tema<\/p>\n<p>Nutricional: Trigues 20 minuts al dia en preparar el teu dinar i berenar saludable (preparaci\u00f3 d&#8217;amanida de fruites i batuts).<br \/>\nActivitat f\u00edsica: Realitza 5 minuts d&#8217;estiraments cada 2 hores durant la teva jornada laboral (en la projecci\u00f3 es realitzen 5 minuts d&#8217;estirament perqu\u00e8 ells puguin realitzar-la a la vegada que ho veuen).<br \/>\nControl emocional: Controla l&#8217;estr\u00e8s amb la respiraci\u00f3 (ensenyar exercicis de respiraci\u00f3 que es puguin realitzar en l&#8217;entorn laboral durant 20 minuts).<br \/>\nErgonomia: Cuida la teva esquena (registra la teva postura en el lloc de treball durant 20 minuts i compru\u00e9bala amb les recomanacions que et vam enviar).<br \/>\nLes projeccions seran enviades per correu electr\u00f2nic als treballadors de la universitat, a m\u00e9s de ser projectats a les pantalles dels edificis.<\/p>\n<p>\n<!-- iframe plugin v.4.5 wordpress.org\/plugins\/iframe\/ -->\n<iframe src=\"https:\/\/docs.google.com\/forms\/d\/e\/1FAIpQLSdqNt9kiy1kfuHGaka5ilAVm0-uR5VsW2k0J2y_eiDSHtgyyQ\/viewform?embedded=true\" width=\"760\" height=\"1200\" frameborder=\"0\" marginheight=\"0\" marginwidth=\"0\" scrolling=\"yes\" class=\"iframe-class\"><\/iframe>\nCargando&#8230;<\/p>","protected":false},"excerpt":{"rendered":"<p>CONCURS P\u00cdNDOLES SALUDABLES<br \/>\nConcurs que consisteix en la realitzaci\u00f3 de projeccions audiovisuals que fomentin la pr\u00e0ctica d&#8217;activitat f\u00edsica, promoguin h\u00e0bits saludables i informin de com prevenir malalties professionals, a trav\u00e9s de missatges tem\u00e0tics.<br \/>\nHi poden participar tots els alumnes de la universitat Miguel Hern\u00e1ndez d&#8217;Elx, omplint el formulari que apareix al final d&#8217;aquesta p\u00e0gina.<br \/>\nEs seleccionaran 20 propostes [&#8230;]<\/p>\n","protected":false},"author":46,"featured_media":0,"parent":0,"menu_order":15,"comment_status":"closed","ping_status":"closed","template":"","meta":{"_links_to":"","_links_to_target":""},"_links":{"self":[{"href":"https:\/\/deportes.umh.es\/ca\/wp-json\/wp\/v2\/pages\/5225"}],"collection":[{"href":"https:\/\/deportes.umh.es\/ca\/wp-json\/wp\/v2\/pages"}],"about":[{"href":"https:\/\/deportes.umh.es\/ca\/wp-json\/wp\/v2\/types\/page"}],"author":[{"embeddable":true,"href":"https:\/\/deportes.umh.es\/ca\/wp-json\/wp\/v2\/users\/46"}],"replies":[{"embeddable":true,"href":"https:\/\/deportes.umh.es\/ca\/wp-json\/wp\/v2\/comments?post=5225"}],"version-history":[{"count":0,"href":"https:\/\/deportes.umh.es\/ca\/wp-json\/wp\/v2\/pages\/5225\/revisions"}],"wp:attachment":[{"href":"https:\/\/deportes.umh.es\/ca\/wp-json\/wp\/v2\/media?parent=5225"}],"curies":[{"name":"wp","href":"https:\/\/api.w.org\/{rel}","templated":true}]}}