{"id":5060,"date":"2017-02-07T13:10:38","date_gmt":"2017-02-07T12:10:38","guid":{"rendered":"http:\/\/deportes.umh.es\/?page_id=5060"},"modified":"2024-02-07T08:58:49","modified_gmt":"2024-02-07T07:58:49","slug":"cadu-y-ceu","status":"publish","type":"page","link":"https:\/\/deportes.umh.es\/ca\/competiciones\/cadu-y-ceu\/","title":{"rendered":"Inscripci\u00f3 Equips UMH &#8211; CADU i CEU"},"content":{"rendered":"<p>Si vols participar en els Campionats Universitaris representant a la UMH, omple el formulari amb les teves dades i segueix atentament totes les not\u00edcies relacionades amb les dates de competici\u00f3 i per\u00edodes de selecci\u00f3 en el cas dels esports col\u00b7lectius.<\/p>\n<p>\n<!-- iframe plugin v.4.5 wordpress.org\/plugins\/iframe\/ -->\n<iframe src=\"https:\/\/docs.google.com\/forms\/d\/e\/1FAIpQLSe1qX7F0y3nL2_y2K5XMdfNGszYNkoZA6HOZDfznYlolSW1HA\/viewform?embedded=true\" width=\"700\" height=\"640\" frameborder=\"0\" marginheight=\"0\" 0=\"marginwidth=&quot;0&quot;&gt;Cargando\u2026&lt;\/iframe\" scrolling=\"yes\" class=\"iframe-class\"><\/iframe>\n<\/p>","protected":false},"excerpt":{"rendered":"<p>Si vols participar en els Campionats Universitaris representant a la UMH, omple el formulari amb les teves dades i segueix atentament totes les not\u00edcies relacionades amb les dates de competici\u00f3 i per\u00edodes de selecci\u00f3 en el cas dels esports col\u00b7lectius.<\/p>\n","protected":false},"author":429,"featured_media":0,"parent":442,"menu_order":2,"comment_status":"closed","ping_status":"closed","template":"","meta":{"_links_to":"","_links_to_target":""},"_links":{"self":[{"href":"https:\/\/deportes.umh.es\/ca\/wp-json\/wp\/v2\/pages\/5060"}],"collection":[{"href":"https:\/\/deportes.umh.es\/ca\/wp-json\/wp\/v2\/pages"}],"about":[{"href":"https:\/\/deportes.umh.es\/ca\/wp-json\/wp\/v2\/types\/page"}],"author":[{"embeddable":true,"href":"https:\/\/deportes.umh.es\/ca\/wp-json\/wp\/v2\/users\/429"}],"replies":[{"embeddable":true,"href":"https:\/\/deportes.umh.es\/ca\/wp-json\/wp\/v2\/comments?post=5060"}],"version-history":[{"count":0,"href":"https:\/\/deportes.umh.es\/ca\/wp-json\/wp\/v2\/pages\/5060\/revisions"}],"up":[{"embeddable":true,"href":"https:\/\/deportes.umh.es\/ca\/wp-json\/wp\/v2\/pages\/442"}],"wp:attachment":[{"href":"https:\/\/deportes.umh.es\/ca\/wp-json\/wp\/v2\/media?parent=5060"}],"curies":[{"name":"wp","href":"https:\/\/api.w.org\/{rel}","templated":true}]}}