{"id":496,"date":"2010-03-16T18:34:40","date_gmt":"2010-03-16T17:34:40","guid":{"rendered":"http:\/\/deportes.zeus.umh.es\/?page_id=496"},"modified":"2026-03-03T16:08:23","modified_gmt":"2026-03-03T15:08:23","slug":"musculacion-y-cardio","status":"publish","type":"page","link":"https:\/\/deportes.umh.es\/ca\/actividades-2\/musculacion-y-cardio\/","title":{"rendered":"Programa de Musculaci\u00f3 i Cardio PMC"},"content":{"rendered":"<p><\/p>\n<h2>INSCRIPCIONS TRIMESTRE OCTUBRE-DESEMBRE<\/h2>\n<p>__________________________________________________________________________________________________________________________________________________________________________________________________________________________________________________________________________________________________________<\/p>\n<p>Informem que est\u00e0 obert el per\u00edode d&#8217;inscripcions per al PMC de l&#8217;trimestre octubre &#8211; desembre, que comen\u00e7ar\u00e0 el proper 5 d&#8217;octubre. Recordem que per als nous usuaris cal omplir el formulari situat a la part inferior de la p\u00e0gina per optar a la pla\u00e7a. Els antics usuaris que sol\u00b7licitessin el reemborsament de l&#8217;trimestre afectat pel COVID han d&#8217;indicar la seva continuaci\u00f3 i abonament.<\/p>\n<p>S&#8217;han establert protocols d&#8217;inscripci\u00f3, \u00fas i higiene per dur a terme les sessions, maximitzant les mesures de seguretat amb l&#8217;objectiu d&#8217;oferir un servei d&#8217;entrenament segur i de qualitat. \u00c9s obligat\u00f2ria la seva lectura i acceptaci\u00f3 de l&#8217;acompliment per al desenvolupament de les sessions.<\/p>\n<p><a href=\"https:\/\/deportes.umh.es\/files\/2020\/10\/PROTOCOLO-PMC-Oficina-de-Campus-Saludables-y-Deportes-1.pdf\"><img loading=\"lazy\" class=\"aligncenter wp-image-10442 \" src=\"https:\/\/deportes.umh.es\/files\/2020\/10\/NORMATIVA-PMC-300x137.png\" alt=\"\" width=\"236\" height=\"108\" srcset=\"https:\/\/deportes.umh.es\/files\/2020\/10\/NORMATIVA-PMC-300x137.png 300w, https:\/\/deportes.umh.es\/files\/2020\/10\/NORMATIVA-PMC.png 441w\" sizes=\"(max-width: 236px) 100vw, 236px\" \/><\/a><\/p>\n<p>__________________________________________________________________________________________________________________________________________________________________________________________________________________________________________________________________________________________________________<\/p>\n<p>El programa de musculaci\u00f3 i cardio, m\u00e9s conegut com &#8220;PMC&#8221; \u00e9s un servei d&#8217;entrenament que busca millorar la qualitat de vida i el benestar dels seus usuaris utilitzant com a mitj\u00e0 per aconseguir-ho la pr\u00e0ctica d&#8217;activitat f\u00edsica.<\/p>\n<p>En aquest programa rebr\u00e0 una atenci\u00f3 individualitzada, \u00e9s a dir, els monitors planificaran les sessions atenent a les seves necessitats i possibilitats de pr\u00e0ctica, tenint en compte els seus objectius i interessos de cara a l&#8217;entrenament.<\/p>\n<p>El programa es troba ubicat al complex de formaci\u00f3 esportiva &#8220;el Clot&#8221;, ubicat dins de les instal\u00b7lacions de la Universitat Miguel Hern\u00e1ndez d&#8217;Elx.<\/p>\n<p>El programa inclou dins del seu funcionament:<\/p>\n<p>PMC: Programa d&#8217;entrenament que t\u00e9 una durada trimestral (inclou la planificaci\u00f3 d&#8217;entrenament i la supervisi\u00f3 d&#8217;un monitor).<br \/>\nVCF: La valoraci\u00f3 de condici\u00f3 f\u00edsica inclou un conjunt de proves que es realitza a l&#8217;inici de l&#8217;activitat, per despr\u00e9s fer un seguiment d&#8217;una per trimestre. T\u00e9 per objectiu determinar els canvis que es produeixen en l&#8217;usuari a causa del seu proc\u00e9s d&#8217;entrenament i amb aix\u00f2 poder ajustar les c\u00e0rregues de treball durant les sessions. El pagament de la VCF \u00e9s obligatori per participar en el programa, aquest pagament t\u00e9 una validesa anual i \u00e9s un servei que s&#8217;esgota amb la prestaci\u00f3, pel que no \u00e9s retornable un cop s&#8217;ha realitzat.<br \/>\nPer\u00edodes del PMC:<\/p>\n<p>1r trimestre: 1 octubre-31 desembre<br \/>\n2 \u25cb trimestre: 1 gener &#8211; 31 mar\u00e7<br \/>\n3r trimestre: 1 abril &#8211; 30 juny<br \/>\nPMC estiu: mesos de juliol i setembre<br \/>\nDurant el curs 2016-2017 el PMC disposar\u00e0 dels torns i horaris de funcionament:<\/p>\n<p>Torns de 3 dies d&#8217;entrenament a la setmana:<br \/>\nDilluns, dimecres i divendres de (08: 00-09: 00) (09: 30-10: 30) (15: 30-16: 30) (17: 00-18: 00) (19: 00-20: 00 ) (20: 30-21: 30)<br \/>\nTorns de 2 dies d&#8217;entrenament a la setmana:<br \/>\nDimarts i dijous de (08: 00-09: 00) (09: 30-10: 30) (15: 30-16: 30) (19: 30-20: 30) (20: 30-21: 30)<br \/>\nEls dies en qu\u00e8 la sala tingui un horari diferent de l&#8217;habitual (festius, per\u00edodes de vacances, etc.) els torns que es trobin dins l&#8217;horari d&#8217;obertura de la sala es mantindran. Els usuaris dels torns que no inclou l&#8217;horari d&#8217;obertura podran assistir a torns diferents a l&#8217;habitual per no perdre la sessi\u00f3.<\/p>\n<p>Els preus tant del PMC com de la VCF s\u00f3n els seg\u00fcents:<\/p>\n<p>PMC 3 sessions: 96 \u20ac Personal no UMH; 72 \u20ac UMH Extensa; 48 \u20ac Personal UMH.<\/p>\n<p>PMC 2 sessions: 72 \u20ac Personal no UMH; 54 \u20ac UMH Extensa; 36 \u20ac Personal UMH.<\/p>\n<p>PMC Estiu 3 sessions: 32 \u20ac Personal no UMH; 24 \u20ac UMH Extensa; 20 \u20ac Personal UMH.<\/p>\n<p>PMC Estiu 2 sessions: 24 \u20ac Personal no UMH; 18 \u20ac UMH Extensa; 12 \u20ac Personal UMH.<\/p>\n<p>VCF: 100 \u20ac Personal no UMH; 75 \u20ac UMH Extensa; 50 \u20ac Personal UMH.<\/p>\n<p><a href=\"https:\/\/deportes.umh.es\/files\/2010\/03\/acuerdo-normativa-de-la-tarjeta-umh-extensa.pdf\">Fes clic aqu\u00ed per con\u00e8ixer que fa a la Targeta UMH Extensa.<\/a><\/p>\n<p><a href=\"https:\/\/deportes.umh.es\/files\/2010\/03\/4649_NORMATIVA-TARJETA-UMH-SOLIDARIA.pdf\">Fes clic aqu\u00ed per con\u00e8ixer que fa a la Targeta UMH Solid\u00e0ria.<\/a><\/p>\n<p>La realitzaci\u00f3 dels pagaments es far\u00e0 efectiva en els primers 10 dies previs al trimestre, i es realitzar\u00e0 la confirmaci\u00f3 d&#8217;estar inscrit per part del coordinador del programa. La no realitzaci\u00f3 del pagament en el temps establert significar\u00e0 la no acceptaci\u00f3 de l&#8217;activitat per l&#8217;usuari.<\/p>\n<p>A continuaci\u00f3 es detallen els passos a seguir per generar realitzar la inscripci\u00f3:<\/p>\n<p>1r.- Ompli la informaci\u00f3 del q\u00fcestionari baix especificat. No oblidi assenyalar les hores i dies preferits.<\/p>\n<p>2\u00ba.- Una vegada enviat el q\u00fcestionari ens posarem en contacte per correu electr\u00f2nic amb vost\u00e8 per confirmar la pla\u00e7a sol\u00b7licitada, i s&#8217;indicar\u00e0 el procediment per al pagament.<\/p>\n<p>Q\u00dcESTIONARI D&#8217;INSCRIPCI\u00d3: (Un cop estigui completat esperi a rebre la contestaci\u00f3 del coordinador amb la confirmaci\u00f3 del torn i horari seleccionats.)<\/p>\n<p><div role=\"form\" class=\"wpcf7\" id=\"wpcf7-f6272-o2\" lang=\"en-US\" dir=\"ltr\">\n<div class=\"screen-reader-response\"><p role=\"status\" aria-live=\"polite\" aria-atomic=\"true\"><\/p> <ul><\/ul><\/div>\n<form action=\"\/ca\/wp-json\/wp\/v2\/pages\/496#wpcf7-f6272-o2\" method=\"post\" class=\"wpcf7-form init\" novalidate=\"novalidate\" data-status=\"init\">\n<div style=\"display: none;\">\n<input type=\"hidden\" name=\"_wpcf7\" value=\"6272\" \/>\n<input type=\"hidden\" name=\"_wpcf7_version\" value=\"5.5.2\" \/>\n<input type=\"hidden\" name=\"_wpcf7_locale\" value=\"en_US\" \/>\n<input type=\"hidden\" name=\"_wpcf7_unit_tag\" value=\"wpcf7-f6272-o2\" \/>\n<input type=\"hidden\" name=\"_wpcf7_container_post\" value=\"0\" \/>\n<input type=\"hidden\" name=\"_wpcf7_posted_data_hash\" value=\"\" \/>\n<input type=\"hidden\" name=\"_wpcf7_recaptcha_response\" value=\"\" \/>\n<\/div>\n<table>\n<tr>\n<th colspan=\"2\">Formulario de inscripci\u00f3n en el Programa de Musculaci\u00f3n y Cardio PMC:<\/th>\n<\/tr>\n<tr>\n<th colspan=\"2\">(*) Campos requeridos<\/th>\n<\/tr>\n<tr>\n<td>Nombre (*):<\/td>\n<td>\n    <span class=\"wpcf7-form-control-wrap nombre\"><input type=\"text\" name=\"nombre\" value=\"\" size=\"40\" class=\"wpcf7-form-control wpcf7-text wpcf7-validates-as-required\" aria-required=\"true\" aria-invalid=\"false\" \/><\/span> <\/td>\n<\/tr>\n<tr>\n<td>Apellidos (*):<\/td>\n<td>\n    <span class=\"wpcf7-form-control-wrap apellidos\"><input type=\"text\" name=\"apellidos\" value=\"\" size=\"40\" class=\"wpcf7-form-control wpcf7-text wpcf7-validates-as-required\" aria-required=\"true\" aria-invalid=\"false\" \/><\/span> <\/td>\n<\/tr>\n<tr>\n<td>Fecha de Nacimiento (*):<\/td>\n<td>\n   <span class=\"wpcf7-form-control-wrap fecha\"><input type=\"date\" name=\"fecha\" value=\"\" class=\"wpcf7-form-control wpcf7-date wpcf7-validates-as-required wpcf7-validates-as-date\" aria-required=\"true\" aria-invalid=\"false\" \/><\/span> <\/td>\n<\/tr>\n<tr>\n<td>DNI\/NIF\/NIE (00000000A) (*):<\/td>\n<td>\n    <span class=\"wpcf7-form-control-wrap dni\"><input type=\"text\" name=\"dni\" value=\"\" size=\"40\" class=\"wpcf7-form-control wpcf7-text wpcf7-validates-as-required\" aria-required=\"true\" aria-invalid=\"false\" \/><\/span> <\/td>\n<\/tr>\n<tr>\n<td>Sexo (*):<\/td>\n<td>\n    <span class=\"wpcf7-form-control-wrap sexo\"><span class=\"wpcf7-form-control wpcf7-radio\"><span class=\"wpcf7-list-item first\"><span class=\"wpcf7-list-item-label\">Hombre<\/span><input type=\"radio\" name=\"sexo\" value=\"Hombre\" \/><\/span><span class=\"wpcf7-list-item last\"><span class=\"wpcf7-list-item-label\">Mujer<\/span><input type=\"radio\" name=\"sexo\" value=\"Mujer\" \/><\/span><\/span><\/span> <\/td>\n<\/tr>\n<tr>\n<td>Correo electr\u00f3nico (*):<\/td>\n<td>\n    <span class=\"wpcf7-form-control-wrap correo\"><input type=\"email\" name=\"correo\" value=\"\" size=\"40\" class=\"wpcf7-form-control wpcf7-text wpcf7-email wpcf7-validates-as-required wpcf7-validates-as-email\" aria-required=\"true\" aria-invalid=\"false\" \/><\/span> <\/td>\n<\/tr>\n<tr>\n<td>Tel\u00e9fono (*):<\/td>\n<td>\n  <span class=\"wpcf7-form-control-wrap telefono\"><input type=\"tel\" name=\"telefono\" value=\"\" size=\"40\" class=\"wpcf7-form-control wpcf7-text wpcf7-tel wpcf7-validates-as-required wpcf7-validates-as-tel\" aria-required=\"true\" aria-invalid=\"false\" \/><\/span> <\/td>\n<\/tr>\n<tr>\n<td>Peso y Altura (00kg-00.00m) (*):<\/td>\n<td>\n    <span class=\"wpcf7-form-control-wrap peso-alt\"><input type=\"text\" name=\"peso-alt\" value=\"\" size=\"40\" class=\"wpcf7-form-control wpcf7-text\" aria-invalid=\"false\" \/><\/span> <\/td>\n<\/tr>\n<tr>\n<td>Tarifa (*):<\/td>\n<td>\n    <span class=\"wpcf7-form-control-wrap tarifa\"><select name=\"tarifa\" class=\"wpcf7-form-control wpcf7-select wpcf7-validates-as-required\" aria-required=\"true\" aria-invalid=\"false\"><option value=\"UMH\">UMH<\/option><option value=\"Extensa\">Extensa<\/option><option value=\"No UMH\">No UMH<\/option><\/select><\/span> <\/td>\n<\/tr>\n<tr>\n<td>Colectivo (*):<\/td>\n<td>\n   <span class=\"wpcf7-form-control-wrap colectivo\"><select name=\"colectivo\" class=\"wpcf7-form-control wpcf7-select wpcf7-validates-as-required\" aria-required=\"true\" aria-invalid=\"false\"><option value=\"PAS\">PAS<\/option><option value=\"PDI\">PDI<\/option><option value=\"Estudiante\">Estudiante<\/option><option value=\"Extensa\">Extensa<\/option><option value=\"Solidaria\">Solidaria<\/option><option value=\"UA\">UA<\/option><option value=\"Alumni\">Alumni<\/option><option value=\"Externo\">Externo<\/option><\/select><\/span> <\/td>\n<\/tr>\n<tr>\n<td>D\u00edas y Horario elegidos (ver grupos abiertos arriba) (*):<\/td>\n<td>\n  <span class=\"wpcf7-form-control-wrap dias\"><input type=\"text\" name=\"dias\" value=\"\" size=\"40\" class=\"wpcf7-form-control wpcf7-text wpcf7-validates-as-required\" aria-required=\"true\" aria-invalid=\"false\" \/><\/span> <\/td>\n<\/tr>\n<tr>\n<td>\u00bfAlg\u00fan m\u00e9dico le ha dicho que padece una enfermedad card\u00edaca y que s\u00f3lo debe practicar actividades f\u00edsicas recomendadas por un m\u00e9dico?:<\/td>\n<td>\n    <span class=\"wpcf7-form-control-wrap p1\"><select name=\"p1\" class=\"wpcf7-form-control wpcf7-select wpcf7-validates-as-required\" aria-required=\"true\" aria-invalid=\"false\"><option value=\"No\">No<\/option><option value=\"S\u00ed\">S\u00ed<\/option><\/select><\/span> <\/td>\n<\/tr>\n<tr>\n<td>\u00bfTiene dolor en el pecho cuando practica alguna actividad f\u00edsica?:<\/td>\n<td>\n    <span class=\"wpcf7-form-control-wrap p2\"><select name=\"p2\" class=\"wpcf7-form-control wpcf7-select wpcf7-validates-as-required\" aria-required=\"true\" aria-invalid=\"false\"><option value=\"No\">No<\/option><option value=\"S\u00ed\">S\u00ed<\/option><\/select><\/span> <\/td>\n<\/tr>\n<tr>\n<td>En el \u00faltimo mes, \u00bfha tenido dolor en el pecho cuando no estaba practicando actividades f\u00edsicas?:<\/td>\n<td>\n    <span class=\"wpcf7-form-control-wrap p3\"><select name=\"p3\" class=\"wpcf7-form-control wpcf7-select wpcf7-validates-as-required\" aria-required=\"true\" aria-invalid=\"false\"><option value=\"No\">No<\/option><option value=\"S\u00ed\">S\u00ed<\/option><\/select><\/span> <\/td>\n<\/tr>\n<tr>\n<td>\u00bfPierde el equilibrio por mareos, o ha perdido alguna vez el conocimiento?:<\/td>\n<td>\n    <span class=\"wpcf7-form-control-wrap p4\"><select name=\"p4\" class=\"wpcf7-form-control wpcf7-select wpcf7-validates-as-required\" aria-required=\"true\" aria-invalid=\"false\"><option value=\"No\">No<\/option><option value=\"S\u00ed\">S\u00ed<\/option><\/select><\/span> <\/td>\n<\/tr>\n<tr>\n<td>\u00bfTiene alg\u00fan problema en huesos o articulaciones que se pueda agravar con un cambio de la actividad f\u00edsica?:<\/td>\n<td>\n    <span class=\"wpcf7-form-control-wrap p5\"><select name=\"p5\" class=\"wpcf7-form-control wpcf7-select wpcf7-validates-as-required\" aria-required=\"true\" aria-invalid=\"false\"><option value=\"No\">No<\/option><option value=\"S\u00ed\">S\u00ed<\/option><\/select><\/span> <\/td>\n<\/tr>\n<tr>\n<td>\u00bfEst\u00e1 tomando medicamentos recetados por el m\u00e9dico (p. ej., diur\u00e9ticos) para la tensi\u00f3n arterial o el coraz\u00f3n?:<\/td>\n<td>\n    <span class=\"wpcf7-form-control-wrap p6\"><select name=\"p6\" class=\"wpcf7-form-control wpcf7-select wpcf7-validates-as-required\" aria-required=\"true\" aria-invalid=\"false\"><option value=\"No\">No<\/option><option value=\"S\u00ed\">S\u00ed<\/option><\/select><\/span> <\/td>\n<\/tr>\n<tr>\n<td>\u00bfSabe de cualquier otra raz\u00f3n por la que no deber\u00eda practicar una actividad f\u00edsica?:<\/td>\n<td>\n    <span class=\"wpcf7-form-control-wrap p7\"><select name=\"p7\" class=\"wpcf7-form-control wpcf7-select wpcf7-validates-as-required\" aria-required=\"true\" aria-invalid=\"false\"><option value=\"No\">No<\/option><option value=\"S\u00ed\">S\u00ed<\/option><\/select><\/span> <\/td>\n<\/tr>\n<tr colspan=\"2\">\n<td  colspan=\"2\">\n<span class=\"wpcf7-form-control-wrap recaptcha\" data-name=\"recaptcha\"><span data-sitekey=\"6LeuwNIqAAAAADJJzruAdMdG26PHcgNP_SeG-JjN\" class=\"wpcf7-form-control g-recaptcha wpcf7-recaptcha\"><\/span>\r\n<noscript>\r\n\t<div class=\"grecaptcha-noscript\">\r\n\t\t<iframe src=\"https:\/\/www.google.com\/recaptcha\/api\/fallback?k=6LeuwNIqAAAAADJJzruAdMdG26PHcgNP_SeG-JjN\" frameborder=\"0\" scrolling=\"no\" width=\"310\" height=\"430\">\r\n\t\t<\/iframe>\r\n\t\t<textarea name=\"g-recaptcha-response\" rows=\"3\" cols=\"40\" placeholder=\"reCaptcha Response Here\">\r\n\t\t<\/textarea>\r\n\t<\/div>\r\n<\/noscript>\r\n<\/span>\n<\/td>\n<\/tr>\n<tr>\n<td colspan=\"2\"><input type=\"submit\" value=\"Enviar\" class=\"wpcf7-form-control has-spinner wpcf7-submit\" \/><\/td>\n<\/tr>\n<\/table>\n<div class=\"wpcf7-response-output\" aria-hidden=\"true\"><\/div><\/form><\/div><\/p>","protected":false},"excerpt":{"rendered":"<p>INSCRIPCIONS TRIMESTRE OCTUBRE-DESEMBRE<br \/>\n__________________________________________________________________________________________________________________________________________________________________________________________________________________________________________________________________________________________________________<br \/>\nInformem que est\u00e0 obert el per\u00edode d&#8217;inscripcions per al PMC de l&#8217;trimestre octubre &#8211; desembre, que comen\u00e7ar\u00e0 el proper 5 d&#8217;octubre. Recordem que per als nous usuaris cal omplir el formulari situat a la part inferior de la p\u00e0gina per optar a la pla\u00e7a. Els antics usuaris que sol\u00b7licitessin el reemborsament de l&#8217;trimestre [&#8230;]<\/p>\n","protected":false},"author":47,"featured_media":0,"parent":7,"menu_order":3,"comment_status":"closed","ping_status":"closed","template":"","meta":{"_links_to":"","_links_to_target":""},"_links":{"self":[{"href":"https:\/\/deportes.umh.es\/ca\/wp-json\/wp\/v2\/pages\/496"}],"collection":[{"href":"https:\/\/deportes.umh.es\/ca\/wp-json\/wp\/v2\/pages"}],"about":[{"href":"https:\/\/deportes.umh.es\/ca\/wp-json\/wp\/v2\/types\/page"}],"author":[{"embeddable":true,"href":"https:\/\/deportes.umh.es\/ca\/wp-json\/wp\/v2\/users\/47"}],"replies":[{"embeddable":true,"href":"https:\/\/deportes.umh.es\/ca\/wp-json\/wp\/v2\/comments?post=496"}],"version-history":[{"count":0,"href":"https:\/\/deportes.umh.es\/ca\/wp-json\/wp\/v2\/pages\/496\/revisions"}],"up":[{"embeddable":true,"href":"https:\/\/deportes.umh.es\/ca\/wp-json\/wp\/v2\/pages\/7"}],"wp:attachment":[{"href":"https:\/\/deportes.umh.es\/ca\/wp-json\/wp\/v2\/media?parent=496"}],"curies":[{"name":"wp","href":"https:\/\/api.w.org\/{rel}","templated":true}]}}