{"id":4890,"date":"2016-11-11T11:22:50","date_gmt":"2016-11-11T10:22:50","guid":{"rendered":"http:\/\/deportes.umh.es\/?page_id=4890"},"modified":"2020-07-27T09:10:37","modified_gmt":"2020-07-27T07:10:37","slug":"deporte-adaptado","status":"publish","type":"page","link":"https:\/\/deportes.umh.es\/ca\/actividades-2\/deporte-adaptado\/","title":{"rendered":"Esport Inclusiu"},"content":{"rendered":"<p>Seguint amb el comprom\u00eds, adquirit per la UMH, de garantir la igualtat d&#8217;oportunitats dels nostres estudiants, i apostant clarament per la inclusi\u00f3 de les persones amb diversitat funcional, l&#8217;Oficina d&#8217;Esports ha anat integrant en les seves activitats de competici\u00f3 l&#8217;Esport Inclusiu.<\/p>\n<p><span title=\"Durante el curso 2015-2016, la UMH particip\u00f3 por primera vez en CADU de GOALBALL (hasta ahora deporte de promoci\u00f3n), consiguiendo la medalla de PLATA.\">Durant el curs 2015-2016, la UMH va participar per primera vegada en CADU de Goalball (fins ara esport de promoci\u00f3), aconseguint la medalla d&#8217;ARGENT. <\/span><span title=\"El GoalBall es el \u00fanico deporte paral\u00edmpico creado espec\u00edficamente para personas con ceguera y deficiencias visuales, en el que participan dos equipos de tres jugadores cada uno, todos ellos con un antifaz totalmente opaco.\">El Goalball \u00e9s l&#8217;\u00fanic esport paral\u00edmpic creat espec\u00edficament per a persones amb ceguesa i defici\u00e8ncies visuals, en el qual participen dos equips de tres jugadors cadascun, tots ells amb un antifa\u00e7 totalment opac. <\/span><span title=\"En estas jornadas, personas con y sin discapacidad visual han tenido la oportunidad de competir de forma conjunta representando a su universidad, compitiendo con equipos de las Universidades de Valencia y Alicante.\">En aquestes jornades, persones amb i sense discapacitat visual han tingut l&#8217;oportunitat de competir de forma conjunta representant a la seva universitat, competint amb equips de les universitats de Val\u00e8ncia i Alacant. <\/span><span title=\"Este deporte requiere de sentido auditivo para detectar la trayectoria de la pelota en juego (que lleva cascabeles en su interior) y requiere, adem\u00e1s, una gran capacidad para saber estar situado en cada momento en el lugar m\u00e1s apropiado, con el fin de lanzar la\">Aquest esport requereix de sentit auditiu per detectar la traject\u00f2ria de la pilota en joc (que porta cascavells al seu interior) i requereix, a m\u00e9s, una gran capacitat per saber estar situat a cada moment en el lloc m\u00e9s apropiat, per tal de llan\u00e7ar la <\/span><span title=\"pelota e introducirla en la porter\u00eda del equipo rival mediante un lanzamiento con la mano, e interceptando a la vez los lanzamientos del equipo contrario.\">pilota i introduir-la en la porteria de l&#8217;equip rival mitjan\u00e7ant un llan\u00e7ament amb la m\u00e0, i interceptant alhora els llan\u00e7aments de l&#8217;equip contrari. <\/span><span title=\"Durante el partido, de 20 minutos de duraci\u00f3n, cada equipo se sit\u00faa en un lado de una pista de 18 metros de largo, frente a una porter\u00eda de 9 metros de ancho.\">Durant el partit, de 20 minuts de durada, cada equip es situa en un costat d&#8217;una pista de 18 metres de llarg, davant d&#8217;una porteria de 9 metres d&#8217;ample. <\/span><span title=\"Cualquiera de los tres miembros del equipo intenta que el bal\u00f3n no entre en la porter\u00eda, ganando el equipo que m\u00e1s goles consiga en la porter\u00eda contraria.\">Qualsevol dels tres membres de l&#8217;equip intenta que la pilota no entri a la porteria, guanyant l&#8217;equip que m\u00e9s gols aconsegueixi a la porteria contr\u00e0ria.<\/span><\/p>\n<p><span title=\"Cualquiera de los tres miembros del equipo intenta que el bal\u00f3n no entre en la porter\u00eda, ganando el equipo que m\u00e1s goles consiga en la porter\u00eda contraria.\">Tamb\u00e9 durant el curs 2015-2016 la UMH va incloure en el seu equip de nataci\u00f3, per primera vegada, tant en CADU com a CEU, un integrant amb diversitat funcional, Manuel Mart\u00ednez Mart\u00ednez, qui en el Campionat d&#8217;Espanya Universitari (CEU) va obtenir uns excel\u00b7lents resultats : OR a 50 Bra\u00e7a, BRONZE en 100 Esquena i ARGENT 50 Esquena.<\/span><\/p>\n<p><a href=\"https:\/\/deportes.umh.es\/deporte-adaptado\/foto-goalball\/\" rel=\"attachment wp-att-4891\"><img loading=\"lazy\" class=\"alignnone  wp-image-4891\" src=\"https:\/\/deportes.umh.es\/files\/2016\/11\/foto-goalball-300x169.jpg\" alt=\"foto-goalball\" width=\"396\" height=\"223\" \/><\/a>\u00a0 <a href=\"https:\/\/deportes.umh.es\/deporte-adaptado\/nat2-2\/\" rel=\"attachment wp-att-4893\"><img loading=\"lazy\" class=\"alignnone size-medium wp-image-4893\" src=\"https:\/\/deportes.umh.es\/files\/2016\/11\/nat2-300x225.jpg\" alt=\"nat2\" width=\"300\" height=\"225\" srcset=\"https:\/\/deportes.umh.es\/files\/2016\/11\/nat2-300x225.jpg 300w, https:\/\/deportes.umh.es\/files\/2016\/11\/nat2-768x576.jpg 768w, https:\/\/deportes.umh.es\/files\/2016\/11\/nat2-1024x768.jpg 1024w, https:\/\/deportes.umh.es\/files\/2016\/11\/nat2.jpg 1600w\" sizes=\"(max-width: 300px) 100vw, 300px\" \/><\/a><\/p>\n<p><span title=\"Cualquiera de los tres miembros del equipo intenta que el bal\u00f3n no entre en la porter\u00eda, ganando el equipo que m\u00e1s goles consiga en la porter\u00eda contraria.\">\u00a0<\/span>Aquest curs, 2016-2017, a m\u00e9s de mantenir la participaci\u00f3 d&#8217;aquests esports a les competicions universit\u00e0ries, l&#8217;Oficina d&#8217;Esports ha incl\u00f2s el Goalball en les competicions internes del Trofeu Rector, donant d&#8217;aquesta manera m\u00e9s visibilitat a aquest nou esport.<\/p>\n<p>Si vols competir amb la UMH en CADU o CEU a Esport Inclusiu, consulta tota la informaci\u00f3 i inscriu-te a la nostra direcci\u00f3n <a href=\"https:\/\/deportes.umh.es\/competiciones\/\">https:\/\/deportes.umh.es\/competiciones\/<\/a><\/p>\n<p>Si el que vols \u00e9s participar en el Trofeu Rector en Goalball, inscriu-te a aquest enlla\u00e7 <a href=\"https:\/\/deportes.umh.es\/competiciones\/trofeo-rector-2\/\">https:\/\/deportes.umh.es\/competiciones\/trofeo-rector-2\/<\/a><\/p>\n<p>D&#8217;altra banda, durant la realitzaci\u00f3 de l&#8217;Escola d&#8217;Estiu i l&#8217;Aula Junior, serveis gestionats per l&#8217;Oficina d&#8217;Esports, al juliol de 2016, s&#8217;han organitzat jocs per als nens utilitzant cadires de rodes, pilotes amb so, mocadors per dificultar-los la visi\u00f3, entre d&#8217;altres capacitats, creant aix\u00ed situacions en qu\u00e8 han pogut experimentar el joc i l&#8217;esport des de la perspectiva de les persones amb diversitat funcional.<\/p>\n<p>____________________________________________________________________________________<\/p>\n<p>Podeu trobar molta m\u00e9s informaci\u00f3 a ATED (\u00c0rea d&#8217;Atenci\u00f3 a l&#8217;Estudiant amb Discapacitat, dependent del Vicerectorat d&#8217;Estudis i Esports) l&#8217;objectiu \u00e9s garantir l&#8217;acc\u00e9s a uns ensenyaments universitaris inclusives: <a href=\"https:\/\/atenciondiscapacidad.umh.es\/\">https:\/\/atenciondiscapacidad.umh.es\/<\/a><\/p>\n<p>I a la Delegaci\u00f3 d&#8217;Estudiants en <a href=\"https:\/\/delegacion.umh.es\/\">https:\/\/delegacion.umh.es\/<\/a><\/p>","protected":false},"excerpt":{"rendered":"<p>Seguint amb el comprom\u00eds, adquirit per la UMH, de garantir la igualtat d&#8217;oportunitats dels nostres estudiants, i apostant clarament per la inclusi\u00f3 de les persones amb diversitat funcional, l&#8217;Oficina d&#8217;Esports ha anat integrant en les seves activitats de competici\u00f3 l&#8217;Esport Inclusiu.<br \/>\nDurant el curs 2015-2016, la UMH va participar per primera vegada en CADU de Goalball [&#8230;]<\/p>\n","protected":false},"author":544,"featured_media":0,"parent":7,"menu_order":0,"comment_status":"closed","ping_status":"closed","template":"","meta":{"_links_to":"","_links_to_target":""},"_links":{"self":[{"href":"https:\/\/deportes.umh.es\/ca\/wp-json\/wp\/v2\/pages\/4890"}],"collection":[{"href":"https:\/\/deportes.umh.es\/ca\/wp-json\/wp\/v2\/pages"}],"about":[{"href":"https:\/\/deportes.umh.es\/ca\/wp-json\/wp\/v2\/types\/page"}],"author":[{"embeddable":true,"href":"https:\/\/deportes.umh.es\/ca\/wp-json\/wp\/v2\/users\/544"}],"replies":[{"embeddable":true,"href":"https:\/\/deportes.umh.es\/ca\/wp-json\/wp\/v2\/comments?post=4890"}],"version-history":[{"count":0,"href":"https:\/\/deportes.umh.es\/ca\/wp-json\/wp\/v2\/pages\/4890\/revisions"}],"up":[{"embeddable":true,"href":"https:\/\/deportes.umh.es\/ca\/wp-json\/wp\/v2\/pages\/7"}],"wp:attachment":[{"href":"https:\/\/deportes.umh.es\/ca\/wp-json\/wp\/v2\/media?parent=4890"}],"curies":[{"name":"wp","href":"https:\/\/api.w.org\/{rel}","templated":true}]}}