{"id":4880,"date":"2016-11-09T14:57:40","date_gmt":"2016-11-09T13:57:40","guid":{"rendered":"http:\/\/deportes.umh.es\/?page_id=4880"},"modified":"2022-09-06T13:39:16","modified_gmt":"2022-09-06T11:39:16","slug":"cursos-de-perfeccionamiento","status":"publish","type":"page","link":"https:\/\/deportes.umh.es\/ca\/formacion\/cursos-de-perfeccionamiento\/","title":{"rendered":"Cursos de Perfeccionament"},"content":{"rendered":"<p><span title=\"Presentaci\u00f3n de los Cursos de Perfeccionamiento \"><span style=\"text-decoration: underline\">Presentaci\u00f3 dels Cursos de Perfeccionament<\/span><\/span><\/p>\n<p><span title=\"Plan de Cursos de Perfeccionamiento orientado al desarrollo de habilidades complementarias y la entrega de conocimientos necesarios para una formaci\u00f3n integral de los alumnos del Grado en Ciencias de la Actividad F\u00edsica, basado en las demandas del medio laboral en el cual nos encontramos. \">Pla de Cursos de Perfeccionament orientat al desenvolupament d&#8217;habilitats complement\u00e0ries i el lliurament de coneixements necessaris per a una formaci\u00f3 integral dels alumnes del Grau en Ci\u00e8ncies de l&#8217;Activitat F\u00edsica, basat en les demandes del medi laboral en el qual ens trobem.<\/span><\/p>\n<p><span title=\"Buscamos crear profesionales polivalentes, fomentando el desarrollo en diversos \u00e1mbitos de la actividad f\u00edsica, entregando una formaci\u00f3n complementaria que les permita desarrollarse en el \u00e1rea del fitness. \">Busquem crear professionals polivalents, fomentant el desenvolupament en diversos \u00e0mbits de l&#8217;activitat f\u00edsica, lliurant una formaci\u00f3 complement\u00e0ria que els permeti desenvolupar-se en l&#8217;\u00e0rea del fitness.<\/span><\/p>\n<p><span title=\"Est\u00e1n dirigidos a los alumnos del grado en Ciencias de la Actividad F\u00edsica y del Deporte, los alumnos del grado en Fisioterapia, y cualquier persona relacionada con el \u00e1mbito deportivo \">Estan dirigits als alumnes del grau en Ci\u00e8ncies de l&#8217;Activitat F\u00edsica i l&#8217;Esport, els alumnes del grau en Fisioter\u00e0pia, i qualsevol persona relacionada amb l&#8217;\u00e0mbit esportiu.<\/span><\/p>\n<p>Tota la informaci\u00f2 dels curses se ha habilitat\u00a0<a href=\"https:\/\/cursosfitness.umh.es\/\">en aquesta plataforma interactiva -punxa a\u00e7\u00ed-.<\/a><\/p>","protected":false},"excerpt":{"rendered":"<p>Presentaci\u00f3 dels Cursos de Perfeccionament<br \/>\nPla de Cursos de Perfeccionament orientat al desenvolupament d&#8217;habilitats complement\u00e0ries i el lliurament de coneixements necessaris per a una formaci\u00f3 integral dels alumnes del Grau en Ci\u00e8ncies de l&#8217;Activitat F\u00edsica, basat en les demandes del medi laboral en el qual ens trobem.<br \/>\nBusquem crear professionals polivalents, fomentant el desenvolupament en diversos \u00e0mbits [&#8230;]<\/p>\n","protected":false},"author":46,"featured_media":0,"parent":10157,"menu_order":1,"comment_status":"closed","ping_status":"closed","template":"","meta":{"_links_to":"","_links_to_target":""},"_links":{"self":[{"href":"https:\/\/deportes.umh.es\/ca\/wp-json\/wp\/v2\/pages\/4880"}],"collection":[{"href":"https:\/\/deportes.umh.es\/ca\/wp-json\/wp\/v2\/pages"}],"about":[{"href":"https:\/\/deportes.umh.es\/ca\/wp-json\/wp\/v2\/types\/page"}],"author":[{"embeddable":true,"href":"https:\/\/deportes.umh.es\/ca\/wp-json\/wp\/v2\/users\/46"}],"replies":[{"embeddable":true,"href":"https:\/\/deportes.umh.es\/ca\/wp-json\/wp\/v2\/comments?post=4880"}],"version-history":[{"count":0,"href":"https:\/\/deportes.umh.es\/ca\/wp-json\/wp\/v2\/pages\/4880\/revisions"}],"up":[{"embeddable":true,"href":"https:\/\/deportes.umh.es\/ca\/wp-json\/wp\/v2\/pages\/10157"}],"wp:attachment":[{"href":"https:\/\/deportes.umh.es\/ca\/wp-json\/wp\/v2\/media?parent=4880"}],"curies":[{"name":"wp","href":"https:\/\/api.w.org\/{rel}","templated":true}]}}