{"id":442,"date":"2010-03-16T14:35:09","date_gmt":"2010-03-16T13:35:09","guid":{"rendered":"http:\/\/deportes.zeus.umh.es\/?page_id=442"},"modified":"2026-01-29T13:21:14","modified_gmt":"2026-01-29T12:21:14","slug":"competiciones","status":"publish","type":"page","link":"https:\/\/deportes.umh.es\/ca\/competiciones\/","title":{"rendered":"Competicions"},"content":{"rendered":"<p><\/p>\n<p style=\"text-align: justify\"><span dir=\"auto\" style=\"vertical-align: inherit\"><span dir=\"auto\" style=\"vertical-align: inherit\">A la <\/span><\/span><strong><span dir=\"auto\" style=\"vertical-align: inherit\"><span dir=\"auto\" style=\"vertical-align: inherit\">Universitat Miguel Hern\u00e1ndez<\/span><\/span><\/strong><span dir=\"auto\" style=\"vertical-align: inherit\"><span dir=\"auto\" style=\"vertical-align: inherit\"> es pot participar en diferents tipus de competici\u00f3 amb l&#8217;objectiu de promocionar l&#8217;esport i l&#8217;activitat esportiva, aix\u00ed com l&#8217;esport de competici\u00f3 dels equips universitaris.<\/span><\/span><\/p>\n<p style=\"text-align: justify\"><span dir=\"auto\" style=\"vertical-align: inherit\"><span dir=\"auto\" style=\"vertical-align: inherit\">Les competicions internes estan adre\u00e7ades a <\/span><\/span><strong><span dir=\"auto\" style=\"vertical-align: inherit\"><span dir=\"auto\" style=\"vertical-align: inherit\">tots els membres de la comunitat universit\u00e0ria<\/span><\/span><\/strong><span dir=\"auto\" style=\"vertical-align: inherit\"><span dir=\"auto\" style=\"vertical-align: inherit\"> , l&#8217;objectiu de la qual \u00e9s fomentar l&#8217;esport, la participaci\u00f3 sota un clima de companyerisme i que facilita la interacci\u00f3 entre estudiants de diferents titulacions.<\/span><\/span><\/p>\n<p style=\"text-align: justify\"><span dir=\"auto\" style=\"vertical-align: inherit\"><span dir=\"auto\" style=\"vertical-align: inherit\">A m\u00e9s, la universitat compta amb els seus propis <\/span><\/span><strong><span dir=\"auto\" style=\"vertical-align: inherit\"><span dir=\"auto\" style=\"vertical-align: inherit\">equips que competeixen davant de la resta d&#8217;universitats de la Comunitat Valenciana<\/span><\/span><\/strong><span dir=\"auto\" style=\"vertical-align: inherit\"><span dir=\"auto\" style=\"vertical-align: inherit\"> al <\/span><\/span><a href=\"https:\/\/www.caducv.com\/\"><span dir=\"auto\" style=\"vertical-align: inherit\"><span dir=\"auto\" style=\"vertical-align: inherit\">Campionat Auton\u00f2mic d&#8217;Esport Universitari (CADU)<\/span><\/span><\/a><span dir=\"auto\" style=\"vertical-align: inherit\"><span dir=\"auto\" style=\"vertical-align: inherit\"> . Per aix\u00f2 els esportistes han d&#8217;accedir a trav\u00e9s de les <\/span><\/span><strong><span dir=\"auto\" style=\"vertical-align: inherit\"><span dir=\"auto\" style=\"vertical-align: inherit\">proves de selecci\u00f3<\/span><\/span><\/strong><span dir=\"auto\" style=\"vertical-align: inherit\"><span dir=\"auto\" style=\"vertical-align: inherit\"> als equips i representar la <\/span><\/span><strong><span dir=\"auto\" style=\"vertical-align: inherit\"><span dir=\"auto\" style=\"vertical-align: inherit\">UMH<\/span><\/span><\/strong><span dir=\"auto\" style=\"vertical-align: inherit\"><span dir=\"auto\" style=\"vertical-align: inherit\"> als CADU i CEU, podent obtenir <\/span><\/span><strong><span dir=\"auto\" style=\"vertical-align: inherit\"><span dir=\"auto\" style=\"vertical-align: inherit\">reconeixement de cr\u00e8dits<\/span><\/span><\/strong><span dir=\"auto\" style=\"vertical-align: inherit\"><span dir=\"auto\" style=\"vertical-align: inherit\"> per la seva participaci\u00f3 si compleixen els requisits establerts per l&#8217;OCSD. Quan la UMH competeixi com a local ho far\u00e0 en els horaris exposats en aquest <\/span><\/span><a href=\"https:\/\/deportes.umh.es\/files\/2021\/11\/Horarios-de-juego-UMH-liga-CADU.pdf\" target=\"_blank\" rel=\"noopener noreferrer\"><span dir=\"auto\" style=\"vertical-align: inherit\"><span dir=\"auto\" style=\"vertical-align: inherit\">PDF\u00a0<\/span><\/span><\/a><\/p>\n<hr \/>\n<p><span dir=\"auto\" style=\"vertical-align: inherit\"><span dir=\"auto\" style=\"vertical-align: inherit\">La <\/span><\/span><strong><span dir=\"auto\" style=\"vertical-align: inherit\"><span dir=\"auto\" style=\"vertical-align: inherit\">Generalitat Valenciana,\u00a0<\/span><\/span><\/strong><span dir=\"auto\" style=\"vertical-align: inherit\"><span dir=\"auto\" style=\"vertical-align: inherit\"> mitjan\u00e7ant la convocat\u00f2ria de subvencions destinades a fomentar l&#8217;esport universitari i contribuir a l&#8217;organitzaci\u00f3 del Campionat Auton\u00f2mic d&#8217;Esport Universitari de la Comunitat Valenciana (CADU), temporada 2024-2025, ha concedit a la Universitat Miguel Hern\u00e1ndez d&#8217;Elx una <\/span><\/span><strong><span dir=\"auto\" style=\"vertical-align: inherit\"><span dir=\"auto\" style=\"vertical-align: inherit\">subvenci\u00f3 de 25.607,00\u20ac<\/span><\/span><\/strong><span dir=\"auto\" style=\"vertical-align: inherit\"><span dir=\"auto\" style=\"vertical-align: inherit\"> .<\/span><\/span><a href=\"https:\/\/deportes.umh.es\/files\/2025\/12\/comunitat-1.png\"><img loading=\"lazy\" class=\"wp-image-17621 aligncenter\" src=\"https:\/\/deportes.umh.es\/files\/2025\/12\/comunitat-1-300x65.png\" alt=\"\" width=\"658\" height=\"143\" srcset=\"https:\/\/deportes.umh.es\/files\/2025\/12\/comunitat-1-300x65.png 300w, https:\/\/deportes.umh.es\/files\/2025\/12\/comunitat-1-768x166.png 768w, https:\/\/deportes.umh.es\/files\/2025\/12\/comunitat-1.png 889w\" sizes=\"(max-width: 658px) 100vw, 658px\" \/><\/a><\/p>\n<hr \/>\n<p style=\"text-align: center\"><a href=\"https:\/\/deportes.umh.es\/competiciones\/cadu-y-ceu\/\" target=\"_blank\" rel=\"noopener noreferrer\"><img loading=\"lazy\" class=\"alignleft wp-image-11806 size-full\" src=\"https:\/\/deportes.umh.es\/files\/2021\/07\/INSCRIPCI\u00d3N-EQUIPOS-UMH-1.png\" alt=\"inscripci\u00f3 equips umh\" width=\"150\" height=\"150\" \/><\/a><\/p>\n<p style=\"text-align: left\">\u00a0\u00a0<a href=\"https:\/\/deportes.umh.es\/competiciones\/trofeo-rector-2\/\" target=\"_blank\" rel=\"noopener noreferrer\"><img loading=\"lazy\" class=\"alignleft wp-image-11832 size-full\" src=\"https:\/\/deportes.umh.es\/files\/2021\/07\/TORNEOS-UMH.png\" alt=\"tornejos interns o eme hache\" width=\"150\" height=\"150\" \/><\/a> <a href=\"https:\/\/deportes.umh.es\/files\/2022\/11\/CRITERIOS-Y-PROCEDIMIENTO-DE-SELECCION.pdf\" target=\"_blank\" rel=\"noopener noreferrer\"><img loading=\"lazy\" class=\"alignleft wp-image-11786 size-full\" src=\"https:\/\/deportes.umh.es\/files\/2021\/07\/CADU-BOTON.png\" alt=\"procediments de selecci\u00f3 cadu i ceu\" width=\"150\" height=\"150\" \/><\/a> <a href=\"https:\/\/deportes.umh.es\/files\/2023\/12\/Documento-A4-Portada-de-Informe-Proyecto-Deporte-Infantil-Ilustrado-Azul-y-Rojo-1.png\"><img loading=\"lazy\" class=\"alignleft wp-image-12463 size-thumbnail\" src=\"https:\/\/deportes.umh.es\/files\/2021\/11\/CALENDARIO-INDIVIDUAL-CADU-1-150x150.png\" alt=\"\" width=\"150\" height=\"150\" srcset=\"https:\/\/deportes.umh.es\/files\/2021\/11\/CALENDARIO-INDIVIDUAL-CADU-1-150x150.png 150w, https:\/\/deportes.umh.es\/files\/2021\/11\/CALENDARIO-INDIVIDUAL-CADU-1-300x300.png 300w, https:\/\/deportes.umh.es\/files\/2021\/11\/CALENDARIO-INDIVIDUAL-CADU-1-1024x1024.png 1024w, https:\/\/deportes.umh.es\/files\/2021\/11\/CALENDARIO-INDIVIDUAL-CADU-1-768x768.png 768w, https:\/\/deportes.umh.es\/files\/2021\/11\/CALENDARIO-INDIVIDUAL-CADU-1.png 1080w\" sizes=\"(max-width: 150px) 100vw, 150px\" \/><\/a> <a href=\"https:\/\/deportes.umh.es\/files\/2024\/12\/Calendario-CADU-2024.25-2-grupos.pdf\"><img loading=\"lazy\" class=\"alignnone wp-image-16685\" src=\"https:\/\/deportes.umh.es\/files\/2024\/12\/boton-calendario-1.png\" alt=\"\" width=\"142\" height=\"116\" \/><\/a><img loading=\"lazy\" class=\"alignleft wp-image-14198 size-thumbnail\" src=\"https:\/\/deportes.umh.es\/files\/2022\/09\/HORARIOS-PMC-300x300-1-150x150.png\" alt=\"Horari partits\" width=\"150\" height=\"150\" srcset=\"https:\/\/deportes.umh.es\/files\/2022\/09\/HORARIOS-PMC-300x300-1-150x150.png 150w, https:\/\/deportes.umh.es\/files\/2022\/09\/HORARIOS-PMC-300x300-1.png 300w\" sizes=\"(max-width: 150px) 100vw, 150px\" \/><a href=\"https:\/\/deportes.umh.es\/files\/2023\/12\/PROTOCOLO-DE-ACCIDENTES-CADU.pdf\"><img loading=\"lazy\" class=\"alignleft wp-image-15422 size-full\" src=\"https:\/\/deportes.umh.es\/files\/2023\/12\/BOTON-1.png\" alt=\"\" width=\"125\" height=\"149\" \/><\/a><\/p>\n<p><\/p>","protected":false},"excerpt":{"rendered":"<p>A la Universitat Miguel Hern\u00e1ndez es pot participar en diferents tipus de competici\u00f3 amb l&#8217;objectiu de promocionar l&#8217;esport i l&#8217;activitat esportiva, aix\u00ed com l&#8217;esport de competici\u00f3 dels equips universitaris.<br \/>\nLes competicions internes estan adre\u00e7ades a tots els membres de la comunitat universit\u00e0ria , l&#8217;objectiu de la qual \u00e9s fomentar l&#8217;esport, la participaci\u00f3 sota un clima de [&#8230;]<\/p>\n","protected":false},"author":47,"featured_media":0,"parent":0,"menu_order":1,"comment_status":"closed","ping_status":"closed","template":"","meta":{"_links_to":"","_links_to_target":""},"_links":{"self":[{"href":"https:\/\/deportes.umh.es\/ca\/wp-json\/wp\/v2\/pages\/442"}],"collection":[{"href":"https:\/\/deportes.umh.es\/ca\/wp-json\/wp\/v2\/pages"}],"about":[{"href":"https:\/\/deportes.umh.es\/ca\/wp-json\/wp\/v2\/types\/page"}],"author":[{"embeddable":true,"href":"https:\/\/deportes.umh.es\/ca\/wp-json\/wp\/v2\/users\/47"}],"replies":[{"embeddable":true,"href":"https:\/\/deportes.umh.es\/ca\/wp-json\/wp\/v2\/comments?post=442"}],"version-history":[{"count":0,"href":"https:\/\/deportes.umh.es\/ca\/wp-json\/wp\/v2\/pages\/442\/revisions"}],"wp:attachment":[{"href":"https:\/\/deportes.umh.es\/ca\/wp-json\/wp\/v2\/media?parent=442"}],"curies":[{"name":"wp","href":"https:\/\/api.w.org\/{rel}","templated":true}]}}