{"id":3756,"date":"2015-07-27T13:46:09","date_gmt":"2015-07-27T11:46:09","guid":{"rendered":"http:\/\/deportes.umh.es\/?page_id=3756"},"modified":"2022-02-22T13:12:17","modified_gmt":"2022-02-22T12:12:17","slug":"residencia-universitaria-pueblo-cientifico","status":"publish","type":"page","link":"https:\/\/deportes.umh.es\/ca\/instalaciones-y-tarifas\/residencia-universitaria-pueblo-cientifico\/","title":{"rendered":"Universit\u00e0ria Poble Cient\u00edfic"},"content":{"rendered":"<p>\n\t\t<style type=\"text\/css\">\n\t\t\t#gallery-2 {\n\t\t\t\tmargin: auto;\n\t\t\t}\n\t\t\t#gallery-2 .gallery-item {\n\t\t\t\tfloat: left;\n\t\t\t\tmargin-top: 10px;\n\t\t\t\ttext-align: center;\n\t\t\t\twidth: 25%;\n\t\t\t}\n\t\t\t#gallery-2 img {\n\t\t\t\tborder: 2px solid #cfcfcf;\n\t\t\t}\n\t\t\t#gallery-2 .gallery-caption {\n\t\t\t\tmargin-left: 0;\n\t\t\t}\n\t\t\t\/* see gallery_shortcode() in wp-includes\/media.php *\/\n\t\t<\/style>\n\t\t<div id='gallery-2' class='gallery galleryid-3756 gallery-columns-4 gallery-size-thumbnail'><dl class='gallery-item'>\n\t\t\t<dt class='gallery-icon portrait'>\n\t\t\t\t<a href='https:\/\/deportes.umh.es\/files\/2020\/03\/20200313_112350.jpg'><img width=\"150\" height=\"150\" src=\"https:\/\/deportes.umh.es\/files\/2020\/03\/20200313_112350-150x150.jpg\" class=\"attachment-thumbnail size-thumbnail\" alt=\"\" loading=\"lazy\" \/><\/a>\n\t\t\t<\/dt><\/dl><dl class='gallery-item'>\n\t\t\t<dt class='gallery-icon landscape'>\n\t\t\t\t<a href='https:\/\/deportes.umh.es\/files\/2020\/03\/20200313_112432.jpg'><img width=\"150\" height=\"150\" src=\"https:\/\/deportes.umh.es\/files\/2020\/03\/20200313_112432-150x150.jpg\" class=\"attachment-thumbnail size-thumbnail\" alt=\"\" loading=\"lazy\" \/><\/a>\n\t\t\t<\/dt><\/dl><dl class='gallery-item'>\n\t\t\t<dt class='gallery-icon landscape'>\n\t\t\t\t<a href='https:\/\/deportes.umh.es\/files\/2020\/03\/20200313_112531.jpg'><img width=\"150\" height=\"150\" src=\"https:\/\/deportes.umh.es\/files\/2020\/03\/20200313_112531-150x150.jpg\" class=\"attachment-thumbnail size-thumbnail\" alt=\"\" loading=\"lazy\" \/><\/a>\n\t\t\t<\/dt><\/dl><dl class='gallery-item'>\n\t\t\t<dt class='gallery-icon landscape'>\n\t\t\t\t<a href='https:\/\/deportes.umh.es\/files\/2020\/03\/20200313_113436.jpg'><img width=\"150\" height=\"150\" src=\"https:\/\/deportes.umh.es\/files\/2020\/03\/20200313_113436-150x150.jpg\" class=\"attachment-thumbnail size-thumbnail\" alt=\"\" loading=\"lazy\" \/><\/a>\n\t\t\t<\/dt><\/dl><br style=\"clear: both\" \/><dl class='gallery-item'>\n\t\t\t<dt class='gallery-icon portrait'>\n\t\t\t\t<a href='https:\/\/deportes.umh.es\/files\/2020\/03\/20200313_112825.jpg'><img width=\"150\" height=\"150\" src=\"https:\/\/deportes.umh.es\/files\/2020\/03\/20200313_112825-150x150.jpg\" class=\"attachment-thumbnail size-thumbnail\" alt=\"\" loading=\"lazy\" \/><\/a>\n\t\t\t<\/dt><\/dl><dl class='gallery-item'>\n\t\t\t<dt class='gallery-icon portrait'>\n\t\t\t\t<a href='https:\/\/deportes.umh.es\/files\/2020\/03\/20200313_112759.jpg'><img width=\"150\" height=\"150\" src=\"https:\/\/deportes.umh.es\/files\/2020\/03\/20200313_112759-150x150.jpg\" class=\"attachment-thumbnail size-thumbnail\" alt=\"\" loading=\"lazy\" \/><\/a>\n\t\t\t<\/dt><\/dl><dl class='gallery-item'>\n\t\t\t<dt class='gallery-icon landscape'>\n\t\t\t\t<a href='https:\/\/deportes.umh.es\/files\/2020\/03\/20200313_112709.jpg'><img width=\"150\" height=\"150\" src=\"https:\/\/deportes.umh.es\/files\/2020\/03\/20200313_112709-150x150.jpg\" class=\"attachment-thumbnail size-thumbnail\" alt=\"\" loading=\"lazy\" \/><\/a>\n\t\t\t<\/dt><\/dl><dl class='gallery-item'>\n\t\t\t<dt class='gallery-icon landscape'>\n\t\t\t\t<a href='https:\/\/deportes.umh.es\/files\/2020\/03\/20200313_112640.jpg'><img width=\"150\" height=\"150\" src=\"https:\/\/deportes.umh.es\/files\/2020\/03\/20200313_112640-150x150.jpg\" class=\"attachment-thumbnail size-thumbnail\" alt=\"\" loading=\"lazy\" \/><\/a>\n\t\t\t<\/dt><\/dl><br style=\"clear: both\" \/>\n\t\t<\/div>\n<\/p>\n<p>6 cases independents, al campus d&#8217;Elx, al costat del nou edifici Arenals i al costat de les instal\u00b7lacions esportives del Clot.<\/p>\n<p>Funcionen en r\u00e8gim de casa compartida, amb zona comuna de cuina i sala d&#8217;estar, i habitacions d&#8217;\u00fas compartit amb bany incl\u00f2s.<\/p>\n<p>Hi ha en total 24 habitacions disponibles: 8 dobles, 2 per a persones amb mobilitat redu\u00efda, i 14 individuals.<\/p>\n<p>Protocol d&#8217;\u00fas:<\/p>\n<p><strong>Important durant per\u00edode COVID:<\/strong><\/p>\n<p>Es fa obligatori per fer la reserva de presentar el resultat negatiu de el test PCR per part de totes les persones que vagin a habitar al Poble Cient\u00edfic, en un per\u00edode de 7 dies previ a l&#8217;inici de l&#8217;estada.<\/p>\n<p>Obligacions dels usuaris:<\/p>\n<p>Mantenir en bon estat de l&#8217;immoble i dels estris de la casa segons es detalla en l&#8217;inventari.<br \/>\nRespectar la resta de persones que es trobi allotjades al recinte.<br \/>\nEst\u00e0 prohibida l&#8217;entrada de persones alienes al contracte de resid\u00e8ncia.<br \/>\nGuardar les normes de dec\u00f2rum i de conviv\u00e8ncia, i s&#8217;estableixen hores de silenci des de les 22h fins a les 8h.<br \/>\nMantenir l&#8217;estada, parament, mobles i electrodom\u00e8stics nets i en un correcte \u00fas fins a la seva sortida i deixar ordenada la roba de casa, per a la seva neteja per part del servei de manteniment.<br \/>\nDeixar lliure de menjar i restes d&#8217;alimentaci\u00f3 l&#8217;estada abans de la sortida.<br \/>\nComplir les normes que reglament\u00e0riament s&#8217;estableixin.<br \/>\nEs prohibeix l&#8217;entrada d&#8217;animals de companyia.<br \/>\nTarifes per habitaci\u00f3: 360 \u20ac \/ Mes, 135 \u20ac \/ Setmana 27 \u20ac \/ Dia (+ 10% IVA)<\/p>\n<p><a href=\"https:\/\/deportes.umh.es\/files\/2015\/07\/Conexi\u00f3n-a-la-red-Wifi-UMH.pdf\">Conexi\u00f2 a la red Wifi UMH<\/a><\/p>\n<p><a href=\"https:\/\/deportes.umh.es\/files\/2021\/09\/Informaci\u00f3n-\u00fatil-1.pdf\">Informaci\u00f3 \u00fatil<\/a><\/p>\n<p><div role=\"form\" class=\"wpcf7\" id=\"wpcf7-f6374-o2\" lang=\"en-US\" dir=\"ltr\">\n<div class=\"screen-reader-response\"><p role=\"status\" aria-live=\"polite\" aria-atomic=\"true\"><\/p> <ul><\/ul><\/div>\n<form action=\"\/ca\/wp-json\/wp\/v2\/pages\/3756#wpcf7-f6374-o2\" method=\"post\" class=\"wpcf7-form init\" novalidate=\"novalidate\" data-status=\"init\">\n<div style=\"display: none;\">\n<input type=\"hidden\" name=\"_wpcf7\" value=\"6374\" \/>\n<input type=\"hidden\" name=\"_wpcf7_version\" value=\"5.5.2\" \/>\n<input type=\"hidden\" name=\"_wpcf7_locale\" value=\"en_US\" \/>\n<input type=\"hidden\" name=\"_wpcf7_unit_tag\" value=\"wpcf7-f6374-o2\" \/>\n<input type=\"hidden\" name=\"_wpcf7_container_post\" value=\"0\" \/>\n<input type=\"hidden\" name=\"_wpcf7_posted_data_hash\" value=\"\" \/>\n<input type=\"hidden\" name=\"_wpcf7_recaptcha_response\" value=\"\" \/>\n<\/div>\n<table>\n<tr>\n<th colspan=\"2\">Formulario de solicitud de reserva de habitaci\u00f3n:<\/th>\n<\/tr>\n<tr>\n<th colspan=\"2\">(*) Campos requeridos<\/th>\n<\/tr>\n<tr>\n<td>Nombre (*):<\/td>\n<td>\n    <span class=\"wpcf7-form-control-wrap nombre\"><input type=\"text\" name=\"nombre\" value=\"\" size=\"40\" class=\"wpcf7-form-control wpcf7-text wpcf7-validates-as-required\" aria-required=\"true\" aria-invalid=\"false\" \/><\/span> <\/td>\n<\/tr>\n<tr>\n<td>Apellidos\/Departamento UMH\/Servicio UMH (*):<\/td>\n<td>\n    <span class=\"wpcf7-form-control-wrap apellidos\"><input type=\"text\" name=\"apellidos\" value=\"\" size=\"40\" class=\"wpcf7-form-control wpcf7-text wpcf7-validates-as-required\" aria-required=\"true\" aria-invalid=\"false\" \/><\/span> <\/td>\n<\/tr>\n<tr>\n<td>Vinculaci\u00f3n de quien reserva con la Universidad (*):<\/td>\n<td>\n    <span class=\"wpcf7-form-control-wrap vinculo\"><select name=\"vinculo\" class=\"wpcf7-form-control wpcf7-select wpcf7-validates-as-required\" aria-required=\"true\" aria-invalid=\"false\"><option value=\"Pertenece a la UMH\">Pertenece a la UMH<\/option><option value=\"No pertenece a la UMH\">No pertenece a la UMH<\/option><\/select><\/span> <\/td>\n<\/tr>\n<tr>\n<td>DNI\/NIE \/CIF de la persona o entidad para la facturaci\u00f3n (*):<\/td>\n<td>\n    <span class=\"wpcf7-form-control-wrap dni-fact\"><input type=\"text\" name=\"dni-fact\" value=\"\" size=\"40\" class=\"wpcf7-form-control wpcf7-text wpcf7-validates-as-required\" aria-required=\"true\" aria-invalid=\"false\" \/><\/span> <\/td>\n<\/tr>\n<tr>\n<td>Direcci\u00f3n para la facturaci\u00f3n (*):<\/td>\n<td>\n    <span class=\"wpcf7-form-control-wrap direccion\"><input type=\"text\" name=\"direccion\" value=\"\" size=\"40\" class=\"wpcf7-form-control wpcf7-text wpcf7-validates-as-required\" aria-required=\"true\" aria-invalid=\"false\" \/><\/span> <\/td>\n<\/tr>\n<tr>\n<td>Persona responsable de la UMH (*):<\/td>\n<td>\n    <span class=\"wpcf7-form-control-wrap persona\"><input type=\"text\" name=\"persona\" value=\"\" size=\"40\" class=\"wpcf7-form-control wpcf7-text wpcf7-validates-as-required\" aria-required=\"true\" aria-invalid=\"false\" \/><\/span> <\/td>\n<\/tr>\n<tr>\n<td>Correo electr\u00f3nico responsable UMH(*):<\/td>\n<td>\n    <span class=\"wpcf7-form-control-wrap correo\"><input type=\"email\" name=\"correo\" value=\"\" size=\"40\" class=\"wpcf7-form-control wpcf7-text wpcf7-email wpcf7-validates-as-required wpcf7-validates-as-email\" aria-required=\"true\" aria-invalid=\"false\" \/><\/span> <\/td>\n<\/tr>\n<tr>\n<td>Tel\u00e9fono responsable de la UMH (*):<\/td>\n<td>\n  <span class=\"wpcf7-form-control-wrap telefono-responsable\"><input type=\"tel\" name=\"telefono-responsable\" value=\"\" size=\"40\" class=\"wpcf7-form-control wpcf7-text wpcf7-tel wpcf7-validates-as-required wpcf7-validates-as-tel\" aria-required=\"true\" aria-invalid=\"false\" \/><\/span> <\/td>\n<\/tr>\n<tr>\n<td>Num. de inquilinos (ni\u00f1os\/adultos) (*):<\/td>\n<td>\n    <span class=\"wpcf7-form-control-wrap inquilinos\"><input type=\"text\" name=\"inquilinos\" value=\"\" size=\"40\" class=\"wpcf7-form-control wpcf7-text wpcf7-validates-as-required\" aria-required=\"true\" aria-invalid=\"false\" \/><\/span> <\/td>\n<\/tr>\n<tr>\n<td>Inquilino principal o al cargo del grupo (*):<\/td>\n<td>\n    <span class=\"wpcf7-form-control-wrap inquilino-principal\"><input type=\"text\" name=\"inquilino-principal\" value=\"\" size=\"40\" class=\"wpcf7-form-control wpcf7-text wpcf7-validates-as-required\" aria-required=\"true\" aria-invalid=\"false\" \/><\/span> <\/td>\n<\/tr>\n<tr>\n<td>DNI\/NIE \/CIF del inquilino principal (*):<\/td>\n<td>\n    <span class=\"wpcf7-form-control-wrap dni-inquilino\"><input type=\"text\" name=\"dni-inquilino\" value=\"\" size=\"40\" class=\"wpcf7-form-control wpcf7-text wpcf7-validates-as-required\" aria-required=\"true\" aria-invalid=\"false\" \/><\/span> <\/td>\n<\/tr>\n<tr>\n<td>Tel\u00e9fono del inquilino principal (*):<\/td>\n<td>\n  <span class=\"wpcf7-form-control-wrap telefono-inquilino\"><input type=\"tel\" name=\"telefono-inquilino\" value=\"\" size=\"40\" class=\"wpcf7-form-control wpcf7-text wpcf7-tel wpcf7-validates-as-required wpcf7-validates-as-tel\" aria-required=\"true\" aria-invalid=\"false\" \/><\/span> <\/td>\n<\/tr>\n<tr>\n<td>Num. de habitaciones individuales solicitadas:<\/td>\n<td>\n    <span class=\"wpcf7-form-control-wrap hab-ind\"><input type=\"number\" name=\"hab-ind\" value=\"0\" class=\"wpcf7-form-control wpcf7-number wpcf7-validates-as-number\" aria-invalid=\"false\" \/><\/span> <\/td>\n<\/tr>\n<tr>\n<td>Num. de habitaciones dobles solicitadas:<\/td>\n<td>\n    <span class=\"wpcf7-form-control-wrap hab-doble\"><input type=\"number\" name=\"hab-doble\" value=\"0\" class=\"wpcf7-form-control wpcf7-number wpcf7-validates-as-number\" aria-invalid=\"false\" \/><\/span> <\/td>\n<\/tr>\n<tr>\n<td>Num. de habitaciones para personas con movilidad reducida solicitadas:<\/td>\n<td>\n    <span class=\"wpcf7-form-control-wrap hab-dis\"><input type=\"number\" name=\"hab-dis\" value=\"0\" class=\"wpcf7-form-control wpcf7-number wpcf7-validates-as-number\" aria-invalid=\"false\" \/><\/span> <\/td>\n<\/tr>\n<tr>\n<td>Fecha de entrada (*):<\/td>\n<td>\n   <span class=\"wpcf7-form-control-wrap entrada\"><input type=\"date\" name=\"entrada\" value=\"\" class=\"wpcf7-form-control wpcf7-date wpcf7-validates-as-required wpcf7-validates-as-date\" aria-required=\"true\" aria-invalid=\"false\" \/><\/span> <\/td>\n<\/tr>\n<tr>\n<td>Fecha de salida (*):<\/td>\n<td>\n   <span class=\"wpcf7-form-control-wrap salida\"><input type=\"date\" name=\"salida\" value=\"\" class=\"wpcf7-form-control wpcf7-date wpcf7-validates-as-required wpcf7-validates-as-date\" aria-required=\"true\" aria-invalid=\"false\" \/><\/span> <\/td>\n<\/tr>\n<tr>\n<td>Modo de pago (*):<\/td>\n<td>\n    <span class=\"wpcf7-form-control-wrap pago\"><select name=\"pago\" class=\"wpcf7-form-control wpcf7-select wpcf7-validates-as-required\" aria-required=\"true\" aria-invalid=\"false\"><option value=\"Recibo\">Recibo<\/option><option value=\"Factura interna\">Factura interna<\/option><option value=\"Factura ordinaria\">Factura ordinaria<\/option><\/select><\/span> <\/td>\n<\/tr>\n<tr>\n<td>Motivo de la visita o estancia:<\/td>\n<td>\n   <span class=\"wpcf7-form-control-wrap motivo\"><textarea name=\"motivo\" cols=\"40\" rows=\"10\" class=\"wpcf7-form-control wpcf7-textarea\" aria-invalid=\"false\"><\/textarea><\/span> <\/td>\n<\/tr>\n<tr>\n<td colspan=\"2\">\n<span class=\"wpcf7-form-control-wrap recaptcha\" data-name=\"recaptcha\"><span data-sitekey=\"6LeuwNIqAAAAADJJzruAdMdG26PHcgNP_SeG-JjN\" class=\"wpcf7-form-control g-recaptcha wpcf7-recaptcha\"><\/span>\r\n<noscript>\r\n\t<div class=\"grecaptcha-noscript\">\r\n\t\t<iframe src=\"https:\/\/www.google.com\/recaptcha\/api\/fallback?k=6LeuwNIqAAAAADJJzruAdMdG26PHcgNP_SeG-JjN\" frameborder=\"0\" scrolling=\"no\" width=\"310\" height=\"430\">\r\n\t\t<\/iframe>\r\n\t\t<textarea name=\"g-recaptcha-response\" rows=\"3\" cols=\"40\" placeholder=\"reCaptcha Response Here\">\r\n\t\t<\/textarea>\r\n\t<\/div>\r\n<\/noscript>\r\n<\/span>\n<\/td>\n<\/tr>\n<tr>\n<td colspan=\"2\"><input type=\"submit\" value=\"Enviar\" class=\"wpcf7-form-control has-spinner wpcf7-submit\" \/><\/td>\n<\/tr>\n<\/table>\n<div class=\"wpcf7-response-output\" aria-hidden=\"true\"><\/div><\/form><\/div><\/p>","protected":false},"excerpt":{"rendered":"<p>\t\t\t#gallery-5 {<br \/>\n\t\t\t\tmargin: auto;<br \/>\n\t\t\t}<br \/>\n\t\t\t#gallery-5 .gallery-item {<br \/>\n\t\t\t\tfloat: left;<br \/>\n\t\t\t\tmargin-top: 10px;<br \/>\n\t\t\t\ttext-align: center;<br \/>\n\t\t\t\twidth: 25%;<br \/>\n\t\t\t}<br \/>\n\t\t\t#gallery-5 img {<br \/>\n\t\t\t\tborder: 2px solid #cfcfcf;<br \/>\n\t\t\t}<br \/>\n\t\t\t#gallery-5 .gallery-caption {<br \/>\n\t\t\t\tmargin-left: 0;<br \/>\n\t\t\t}<br \/>\n\t\t\t\/* see gallery_shortcode() in wp-includes\/media.php *\/<\/p>\n<p>6 cases independents, al campus d&#8217;Elx, al costat del nou edifici Arenals i al costat de les instal\u00b7lacions esportives del Clot.<br \/>\nFuncionen en r\u00e8gim de casa compartida, amb zona comuna de cuina i sala d&#8217;estar, [&#8230;]<\/p>\n","protected":false},"author":47,"featured_media":0,"parent":41,"menu_order":3,"comment_status":"closed","ping_status":"open","template":"","meta":{"_links_to":"","_links_to_target":""},"_links":{"self":[{"href":"https:\/\/deportes.umh.es\/ca\/wp-json\/wp\/v2\/pages\/3756"}],"collection":[{"href":"https:\/\/deportes.umh.es\/ca\/wp-json\/wp\/v2\/pages"}],"about":[{"href":"https:\/\/deportes.umh.es\/ca\/wp-json\/wp\/v2\/types\/page"}],"author":[{"embeddable":true,"href":"https:\/\/deportes.umh.es\/ca\/wp-json\/wp\/v2\/users\/47"}],"replies":[{"embeddable":true,"href":"https:\/\/deportes.umh.es\/ca\/wp-json\/wp\/v2\/comments?post=3756"}],"version-history":[{"count":0,"href":"https:\/\/deportes.umh.es\/ca\/wp-json\/wp\/v2\/pages\/3756\/revisions"}],"up":[{"embeddable":true,"href":"https:\/\/deportes.umh.es\/ca\/wp-json\/wp\/v2\/pages\/41"}],"wp:attachment":[{"href":"https:\/\/deportes.umh.es\/ca\/wp-json\/wp\/v2\/media?parent=3756"}],"curies":[{"name":"wp","href":"https:\/\/api.w.org\/{rel}","templated":true}]}}