{"id":2829,"date":"2013-09-18T13:38:18","date_gmt":"2013-09-18T11:38:18","guid":{"rendered":"http:\/\/deportes.umh.es\/?page_id=2829"},"modified":"2025-10-29T10:21:36","modified_gmt":"2025-10-29T09:21:36","slug":"trofeo-rector-2","status":"publish","type":"page","link":"https:\/\/deportes.umh.es\/ca\/competiciones\/trofeo-rector-2\/","title":{"rendered":"Competicions Internes y TR"},"content":{"rendered":"<p>El Torneig Rector \u00e9s la competici\u00f3 que disputa la comunitat de la Universitat Miguel Hern\u00e1ndez. Es desenvolupa al llarg del curs acad\u00e8mic en modalitats esportives individuals i d&#8217;equip.<\/p>\n<p>Podran prendre part, tots aquells que acrediten ser alumnes de la Universitat Miguel Hern\u00e1ndez, ja sigui de llicenciatura o de qualsevol dels cicles de Grau, M\u00e0ster i Doctorat dels t\u00edtols que s&#8217;imparteixen en la UMH, aix\u00ed com tot el personal PDI i PAS pertanyent a la Universitat d&#8217;Elx.<\/p>\n<p><strong>Informaci\u00f3<\/strong><\/p>\n<p>A la p\u00e0gina de l&#8217;Oficina d&#8217;Esports\u00a0apareixer\u00e0 tota la informaci\u00f3 de la competici\u00f3: reglaments, calendaris, classificacions, etc.<\/p>\n<p>Ser\u00e0 condici\u00f3 necess\u00e0ria per a l&#8217;organitzaci\u00f3 de la competici\u00f3 la inscripci\u00f3 d&#8217;un m\u00ednim de quatre equips per modalitat esportiva, i en el cas d&#8217;esports individuals un m\u00ednim de 4 persones per modalitat.<\/p>\n<p>Mitjan\u00e7ant correu electr\u00f2nic s&#8217;informar\u00e0 als participants de la competici\u00f3 les possibles modificacions imprevistes de la competici\u00f3.<\/p>\n<p>Qualsevol dubte sobre la competici\u00f3 es resoldr\u00e0 mitjan\u00e7ant correu electr\u00f2nic <a href=\"mailto:deportes@umh.es\">deportes@umh.es<\/a><\/p>\n<p><strong>\u00a0Inscripcion<\/strong><\/p>\n<p>La inscripci\u00f3 t\u00e9 un cost de 10 \u20ac per equip (futbol 7 i f. Sala). Si el teu equip est\u00e0 inscrit en futbol 7 i futbol sala has de pagar 10 \u20ac per cada modalitat.<\/p>\n<p>Mitjan\u00e7ant aquest enlla\u00e7 <a href=\"https:\/\/universite.umh.es\/recibos\/default.asp\">https:\/\/universite.umh.es\/recibos\/default.asp<\/a> es realitza el pagament de la inscripci\u00f3.<\/p>\n<p><em>-Tipo &lt; Actividades deportivas y cursos<\/em><\/p>\n<p><em>-Subtipo &lt; Trofeo Rector equipos<\/em><\/p>\n<p><strong>\u00a0Normativa<\/strong><\/p>\n<p><strong>Formulari:<\/strong><\/p>\n<p>\n<!-- iframe plugin v.4.5 wordpress.org\/plugins\/iframe\/ -->\n<iframe src=\"https:\/\/docs.google.com\/forms\/d\/1iFmX5NeKM2_wNXwTJqgBUgOPXkj32MlbAbBlDx79INs\/viewform?embedded=true#start=embed\" width=\"760\" height=\"1200\" frameborder=\"0\" marginheight=\"0\" marginwidth=\"0\" scrolling=\"yes\" class=\"iframe-class\"><\/iframe>\n<\/p>","protected":false},"excerpt":{"rendered":"<p>El Torneig Rector \u00e9s la competici\u00f3 que disputa la comunitat de la Universitat Miguel Hern\u00e1ndez. Es desenvolupa al llarg del curs acad\u00e8mic en modalitats esportives individuals i d&#8217;equip.<br \/>\nPodran prendre part, tots aquells que acrediten ser alumnes de la Universitat Miguel Hern\u00e1ndez, ja sigui de llicenciatura o de qualsevol dels cicles de Grau, M\u00e0ster i Doctorat [&#8230;]<\/p>\n","protected":false},"author":438,"featured_media":0,"parent":442,"menu_order":3,"comment_status":"closed","ping_status":"closed","template":"","meta":{"_links_to":"","_links_to_target":""},"_links":{"self":[{"href":"https:\/\/deportes.umh.es\/ca\/wp-json\/wp\/v2\/pages\/2829"}],"collection":[{"href":"https:\/\/deportes.umh.es\/ca\/wp-json\/wp\/v2\/pages"}],"about":[{"href":"https:\/\/deportes.umh.es\/ca\/wp-json\/wp\/v2\/types\/page"}],"author":[{"embeddable":true,"href":"https:\/\/deportes.umh.es\/ca\/wp-json\/wp\/v2\/users\/438"}],"replies":[{"embeddable":true,"href":"https:\/\/deportes.umh.es\/ca\/wp-json\/wp\/v2\/comments?post=2829"}],"version-history":[{"count":0,"href":"https:\/\/deportes.umh.es\/ca\/wp-json\/wp\/v2\/pages\/2829\/revisions"}],"up":[{"embeddable":true,"href":"https:\/\/deportes.umh.es\/ca\/wp-json\/wp\/v2\/pages\/442"}],"wp:attachment":[{"href":"https:\/\/deportes.umh.es\/ca\/wp-json\/wp\/v2\/media?parent=2829"}],"curies":[{"name":"wp","href":"https:\/\/api.w.org\/{rel}","templated":true}]}}