{"id":2386,"date":"2012-12-03T10:22:45","date_gmt":"2012-12-03T09:22:45","guid":{"rendered":"http:\/\/deportes.umh.es\/presentacion\/directorio\/"},"modified":"2026-04-21T12:30:44","modified_gmt":"2026-04-21T10:30:44","slug":"directorio","status":"publish","type":"page","link":"https:\/\/deportes.umh.es\/ca\/presentacion\/directorio\/","title":{"rendered":"Directori"},"content":{"rendered":"<p><\/p>\n<h6><strong><span dir=\"auto\" style=\"vertical-align: inherit\"><span dir=\"auto\" style=\"vertical-align: inherit\">Contacte general:<\/span><\/span><\/strong><\/h6>\n<ul>\n<li><span dir=\"auto\" style=\"vertical-align: inherit\"><span dir=\"auto\" style=\"vertical-align: inherit\">Tots els assumptes: <\/span><\/span><a href=\"mailto:deportes@umh.es\"><span dir=\"auto\" style=\"vertical-align: inherit\"><span dir=\"auto\" style=\"vertical-align: inherit\">deportes@umh.es <\/span><\/span><\/a> <strong><span dir=\"auto\" style=\"vertical-align: inherit\"><span dir=\"auto\" style=\"vertical-align: inherit\">Tel. 96 522 2699<\/span><\/span><\/strong><\/li>\n<li><span dir=\"auto\" style=\"vertical-align: inherit\"><span dir=\"auto\" style=\"vertical-align: inherit\">Instal\u00b7lacions esportives: <\/span><\/span><a href=\"mailto:inst.deportes@umh.es\"><span dir=\"auto\" style=\"vertical-align: inherit\"><span dir=\"auto\" style=\"vertical-align: inherit\">inst.deportes@umh.es<\/span><\/span><\/a><\/li>\n<li><span dir=\"auto\" style=\"vertical-align: inherit\"><span dir=\"auto\" style=\"vertical-align: inherit\">Activitats dirigides: <\/span><\/span><a href=\"mailto:actividades.palau@umh.es\"><span dir=\"auto\" style=\"vertical-align: inherit\"><span dir=\"auto\" style=\"vertical-align: inherit\">activitats.palau@umh.es<\/span><\/span><\/a><\/li>\n<li><span dir=\"auto\" style=\"vertical-align: inherit\"><span dir=\"auto\" style=\"vertical-align: inherit\">Programa de Musculaci\u00f3 i Cardio:\u00a0 <\/span><\/span><a href=\"mailto:pmc@umh.es\"><span dir=\"auto\" style=\"vertical-align: inherit\"><span dir=\"auto\" style=\"vertical-align: inherit\">pmc@umh.es<\/span><\/span><\/a><\/li>\n<li><span dir=\"auto\" style=\"vertical-align: inherit\"><span dir=\"auto\" style=\"vertical-align: inherit\">Competicions universit\u00e0ries: <\/span><\/span><a href=\"mailto:secretaria.cadu@umh.es\"><span dir=\"auto\" style=\"vertical-align: inherit\"><span dir=\"auto\" style=\"vertical-align: inherit\">secret\u00e0ria.cadu@umh.es<\/span><\/span><\/a><\/li>\n<li><span dir=\"auto\" style=\"vertical-align: inherit\"><span dir=\"auto\" style=\"vertical-align: inherit\">Resid\u00e8ncia universit\u00e0ria: <\/span><\/span><a href=\"mailto:reservacasas@umh.es\"><span dir=\"auto\" style=\"vertical-align: inherit\"><span dir=\"auto\" style=\"vertical-align: inherit\">reservacasas@umh.es<\/span><\/span><\/a><\/li>\n<\/ul>\n<h6><strong><span dir=\"auto\" style=\"vertical-align: inherit\"><span dir=\"auto\" style=\"vertical-align: inherit\">Integrants de la Unitat:<\/span><\/span><\/strong><\/h6>\n<ul>\n<li><a href=\"https:\/\/www.umh.es\/contenido\/Estudios\/:persona_175549\/datos_es.html?marcaTxtBusc=alvaro%20coves\"><span dir=\"auto\" style=\"vertical-align: inherit\"><span dir=\"auto\" style=\"vertical-align: inherit\">\u00c1lvaro Coves<\/span><\/span><\/a><span dir=\"auto\" style=\"vertical-align: inherit\"><span dir=\"auto\" style=\"vertical-align: inherit\"> : <\/span><\/span><strong><span dir=\"auto\" style=\"vertical-align: inherit\"><span dir=\"auto\" style=\"vertical-align: inherit\">Cap d&#8217;Oficina<\/span><\/span><\/strong><\/li>\n<li><a href=\"https:\/\/www.umh.es\/contenido\/Estudios\/:persona_165167\/datos_es.html?marcaTxtBusc=laura%20carbonell\"><span dir=\"auto\" style=\"vertical-align: inherit\"><span dir=\"auto\" style=\"vertical-align: inherit\">Laura Carbonell<\/span><\/span><\/a><span dir=\"auto\" style=\"vertical-align: inherit\"><span dir=\"auto\" style=\"vertical-align: inherit\"> : <\/span><\/span><strong><span dir=\"auto\" style=\"vertical-align: inherit\"><span dir=\"auto\" style=\"vertical-align: inherit\">\u00c0rea d&#8217;Activitats F\u00edsic Esportives<\/span><\/span><\/strong><span dir=\"auto\" style=\"vertical-align: inherit\"><span dir=\"auto\" style=\"vertical-align: inherit\"> \/ Ext: 2537<\/span><\/span><\/li>\n<li><a href=\"https:\/\/www.umh.es\/contenido\/Universidad\/:persona_277552\/datos_es.html\"><span dir=\"auto\" style=\"vertical-align: inherit\"><span dir=\"auto\" style=\"vertical-align: inherit\">Luisa Rodr\u00edguez<\/span><\/span><\/a><span dir=\"auto\" style=\"vertical-align: inherit\"><span dir=\"auto\" style=\"vertical-align: inherit\"> : <\/span><\/span><strong><span dir=\"auto\" style=\"vertical-align: inherit\"><span dir=\"auto\" style=\"vertical-align: inherit\">\u00c0rea de Competici\u00f3 Esportiva Universit\u00e0ria<\/span><\/span><\/strong><span dir=\"auto\" style=\"vertical-align: inherit\"><span dir=\"auto\" style=\"vertical-align: inherit\"> \/ Ext: 2698<\/span><\/span><\/li>\n<li><a href=\"https:\/\/www.umh.es\/contenido\/Estudios\/:persona_2034\/datos_es.html?marcaTxtBusc=david%20mu%C3%B1oz\"><span dir=\"auto\" style=\"vertical-align: inherit\"><span dir=\"auto\" style=\"vertical-align: inherit\">David Mu\u00f1oz<\/span><\/span><\/a><span dir=\"auto\" style=\"vertical-align: inherit\"><span dir=\"auto\" style=\"vertical-align: inherit\"> : <\/span><\/span><strong><span dir=\"auto\" style=\"vertical-align: inherit\"><span dir=\"auto\" style=\"vertical-align: inherit\">\u00c0rea d&#8217;Administraci\u00f3 i Competici\u00f3<\/span><\/span><\/strong><span dir=\"auto\" style=\"vertical-align: inherit\"><span dir=\"auto\" style=\"vertical-align: inherit\"> \/ Ext: 8762<\/span><\/span><\/li>\n<li><a href=\"https:\/\/www.umh.es\/contenido\/Estudios\/:persona_244789\/datos_es.html?marcaTxtBusc=maria%20del%20rosario%20alvarez\"><span dir=\"auto\" style=\"vertical-align: inherit\"><span dir=\"auto\" style=\"vertical-align: inherit\">Maria del Rosario \u00c1lvarez<\/span><\/span><\/a><span dir=\"auto\" style=\"vertical-align: inherit\"><span dir=\"auto\" style=\"vertical-align: inherit\"> : <\/span><\/span><strong><span dir=\"auto\" style=\"vertical-align: inherit\"><span dir=\"auto\" style=\"vertical-align: inherit\">\u00c0rea Econ\u00f2mica<\/span><\/span><\/strong><span dir=\"auto\" style=\"vertical-align: inherit\"><span dir=\"auto\" style=\"vertical-align: inherit\"> \/ Ext: 8342<\/span><\/span><\/li>\n<li><a href=\"https:\/\/www.umh.es\/contenido\/Universidad\/:persona_162391\/datos_es.html?marcaTxtBusc=JUAN%20CARLOS%20JIMENEZ%20RUIZ\"><span dir=\"auto\" style=\"vertical-align: inherit\"><span dir=\"auto\" style=\"vertical-align: inherit\">Juan Carlos Jim\u00e9nez<\/span><\/span><\/a><span dir=\"auto\" style=\"vertical-align: inherit\"><span dir=\"auto\" style=\"vertical-align: inherit\"> : <\/span><\/span><strong><span dir=\"auto\" style=\"vertical-align: inherit\"><span dir=\"auto\" style=\"vertical-align: inherit\">\u00c0rea d&#8217;Administraci\u00f3 i Poblat Cient\u00edfic<\/span><\/span><\/strong><span dir=\"auto\" style=\"vertical-align: inherit\"><span dir=\"auto\" style=\"vertical-align: inherit\"> \/ Ext: 2556<\/span><\/span><\/li>\n<li><a href=\"https:\/\/www.umh.es\/contenido\/Universidad\/:persona_242378\/datos_es.html?marcaTxtBusc=catalina%20josefina%20sanchez%20castillo\"><span dir=\"auto\" style=\"vertical-align: inherit\"><span dir=\"auto\" style=\"vertical-align: inherit\">Catalina Josefina S\u00e1nchez Castell<\/span><\/span><\/a><span dir=\"auto\" style=\"vertical-align: inherit\"><span dir=\"auto\" style=\"vertical-align: inherit\"> : <\/span><\/span><strong><span dir=\"auto\" style=\"vertical-align: inherit\"><span dir=\"auto\" style=\"vertical-align: inherit\">\u00c0rea d&#8217;Administraci\u00f3, Escola d&#8217;Estiu i Aula Junior<\/span><\/span><\/strong><span dir=\"auto\" style=\"vertical-align: inherit\"><span dir=\"auto\" style=\"vertical-align: inherit\"> \u00a0\/ Ext: 2120<\/span><\/span><\/li>\n<li><a href=\"https:\/\/www.umh.es\/contenido\/Estudios\/:persona_262316\/datos_es.html?marcaTxtBusc=inmaculada%20olivares\"><span dir=\"auto\" style=\"vertical-align: inherit\"><span dir=\"auto\" style=\"vertical-align: inherit\">Immaculada Olivares<\/span><\/span><\/a><span dir=\"auto\" style=\"vertical-align: inherit\"><span dir=\"auto\" style=\"vertical-align: inherit\"> : <\/span><\/span><strong><span dir=\"auto\" style=\"vertical-align: inherit\"><span dir=\"auto\" style=\"vertical-align: inherit\">Instal\u00b7lacions i Administraci\u00f3<\/span><\/span><\/strong><span dir=\"auto\" style=\"vertical-align: inherit\"><span dir=\"auto\" style=\"vertical-align: inherit\"> \/ Ext: 8857<\/span><\/span><\/li>\n<li><a href=\"https:\/\/www.umh.es\/contenido\/Estudios\/:persona_191730\/datos_es.html?clase=:PAS\"><span dir=\"auto\" style=\"vertical-align: inherit\"><span dir=\"auto\" style=\"vertical-align: inherit\">Ana Mart\u00ednez<\/span><\/span><\/a><span dir=\"auto\" style=\"vertical-align: inherit\"><span dir=\"auto\" style=\"vertical-align: inherit\"> : <\/span><\/span><strong><span dir=\"auto\" style=\"vertical-align: inherit\"><span dir=\"auto\" style=\"vertical-align: inherit\">Unitat d&#8217;Assessorament Psicol\u00f2gic<\/span><\/span><\/strong><span dir=\"auto\" style=\"vertical-align: inherit\"><span dir=\"auto\" style=\"vertical-align: inherit\"> \/ Ext: 52822<\/span><\/span><\/li>\n<\/ul>\n<h6><strong><span dir=\"auto\" style=\"vertical-align: inherit\"><span dir=\"auto\" style=\"vertical-align: inherit\">CAMPUS D&#8217;ELX. EDIFICI EL CLOT<\/span><\/span><\/strong><\/h6>\n<p><strong><span dir=\"auto\" style=\"vertical-align: inherit\"><span dir=\"auto\" style=\"vertical-align: inherit\">Consergeria<\/span><\/span><\/strong><span dir=\"auto\" style=\"vertical-align: inherit\"><span dir=\"auto\" style=\"vertical-align: inherit\"> : Tel. 96 665 8852<\/span><\/span><\/p>\n<h6><strong><span dir=\"auto\" style=\"vertical-align: inherit\"><span dir=\"auto\" style=\"vertical-align: inherit\">CAMPUS D&#8217;ELX. PALAU D\u00b4ESPORTS\u00a0 \u00a0 \u00a0 \u00a0 \u00a0 \u00a0 \u00a0 \u00a0 \u00a0 \u00a0 \u00a0 \u00a0 \u00a0 \u00a0 \u00a0 \u00a0 \u00a0 \u00a0 \u00a0 \u00a0<\/span><\/span><\/strong><\/h6>\n<p><strong><span dir=\"auto\" style=\"vertical-align: inherit\"><span dir=\"auto\" style=\"vertical-align: inherit\">Consergeria<\/span><\/span><\/strong><span dir=\"auto\" style=\"vertical-align: inherit\"><span dir=\"auto\" style=\"vertical-align: inherit\"> : Tel. 96 522 2445<\/span><\/span><\/p>\n<h6><strong><span dir=\"auto\" style=\"vertical-align: inherit\"><span dir=\"auto\" style=\"vertical-align: inherit\">CAMPUS DE SAINT JOHN. CENTRE ESPORTIU<\/span><\/span><\/strong><\/h6>\n<p><strong><span dir=\"auto\" style=\"vertical-align: inherit\"><span dir=\"auto\" style=\"vertical-align: inherit\">Consergeria<\/span><\/span><\/strong><span dir=\"auto\" style=\"vertical-align: inherit\"><span dir=\"auto\" style=\"vertical-align: inherit\"> : Tel. 96 591 9442<\/span><\/span><\/p>","protected":false},"excerpt":{"rendered":"<p>Contacte general:<\/p>\n<p>Tots els assumptes: deportes@umh.es  Tel. 96 522 2699<br \/>\nInstal\u00b7lacions esportives: inst.deportes@umh.es<br \/>\nActivitats dirigides: activitats.palau@umh.es<br \/>\nPrograma de Musculaci\u00f3 i Cardio:\u00a0 pmc@umh.es<br \/>\nCompeticions universit\u00e0ries: secret\u00e0ria.cadu@umh.es<br \/>\nResid\u00e8ncia universit\u00e0ria: reservacasas@umh.es<\/p>\n<p>Integrants de la Unitat:<\/p>\n<p>\u00c1lvaro Coves : Cap d&#8217;Oficina<br \/>\nLaura Carbonell : \u00c0rea d&#8217;Activitats F\u00edsic Esportives \/ Ext: 2537<br \/>\nLuisa Rodr\u00edguez : \u00c0rea de Competici\u00f3 Esportiva Universit\u00e0ria \/ Ext: 2698<br \/>\nDavid Mu\u00f1oz : \u00c0rea d&#8217;Administraci\u00f3 i Competici\u00f3 [&#8230;]<\/p>\n","protected":false},"author":47,"featured_media":0,"parent":1366,"menu_order":0,"comment_status":"closed","ping_status":"closed","template":"","meta":{"_links_to":"","_links_to_target":""},"_links":{"self":[{"href":"https:\/\/deportes.umh.es\/ca\/wp-json\/wp\/v2\/pages\/2386"}],"collection":[{"href":"https:\/\/deportes.umh.es\/ca\/wp-json\/wp\/v2\/pages"}],"about":[{"href":"https:\/\/deportes.umh.es\/ca\/wp-json\/wp\/v2\/types\/page"}],"author":[{"embeddable":true,"href":"https:\/\/deportes.umh.es\/ca\/wp-json\/wp\/v2\/users\/47"}],"replies":[{"embeddable":true,"href":"https:\/\/deportes.umh.es\/ca\/wp-json\/wp\/v2\/comments?post=2386"}],"version-history":[{"count":0,"href":"https:\/\/deportes.umh.es\/ca\/wp-json\/wp\/v2\/pages\/2386\/revisions"}],"up":[{"embeddable":true,"href":"https:\/\/deportes.umh.es\/ca\/wp-json\/wp\/v2\/pages\/1366"}],"wp:attachment":[{"href":"https:\/\/deportes.umh.es\/ca\/wp-json\/wp\/v2\/media?parent=2386"}],"curies":[{"name":"wp","href":"https:\/\/api.w.org\/{rel}","templated":true}]}}