{"id":215,"date":"2009-10-13T14:58:24","date_gmt":"2009-10-13T13:58:24","guid":{"rendered":"http:\/\/deportes.zeus.umh.es\/?page_id=215"},"modified":"2024-01-18T13:47:27","modified_gmt":"2024-01-18T12:47:27","slug":"como-hacer-una-reserva","status":"publish","type":"page","link":"https:\/\/deportes.umh.es\/ca\/instalaciones-y-tarifas\/como-hacer-una-reserva\/","title":{"rendered":"Reserva i \u00fas d&#8217;instal \u00b7 lacions"},"content":{"rendered":"<p><\/p>\n<p style=\"text-align: center\"><strong>PROCEDIMENT GENERAL PER A RESERVAR LES INSTAL.LACIONS ESPORTIVAS.\u00a0<\/strong><\/p>\n<p style=\"text-align: center\"><span style=\"color: #ff0000\"><strong>US RECORDEM QUE DURANT EL PER\u00cdODE DE SETMANA SANTA (del 24 de mar\u00e7 al 4 d&#8217;abril, tots dos inclosos, a Elx) NOM\u00c9S ESTARAN OBERTES LES INSTAL\u00b7LACIONS DEL PALAU EN HORARI DE 15 A 23 HORES\u00a0\u00a0<\/strong><\/span><\/p>\n<p><strong>\u00a0 \u00a0 \u00a0 \u00a0 \u00a0\u00a0<span style=\"color: #0000ff\">ACC\u00c8S<\/span><\/strong><\/p>\n<ul>\n<li>Per a que la Comunitat Universit\u00e1ria<strong>: <\/strong>PAS, PDI, Estudiantes, Extensa, Solidaria y Alumni, puga accedir als servicis de activitats esportives ON LINE\u00a0\u00a0<a href=\"http:\/\/actividadesdeportivas.umh.es\/Login\" target=\"_blank\" rel=\"noopener noreferrer\">se accede des de este enlla\u00e7.<\/a><\/li>\n<li>LEls usuaris no registrats a la UMH tindr\u00e1n que sol.licitar el seu registre al formulari de la <a href=\"http:\/\/actividadesdeportivas.umh.es\/Login\" target=\"_blank\" rel=\"noopener noreferrer\">web de reservas<\/a> o be a\u00a0la Oficina de Esports.<\/li>\n<li><span style=\"color: #0000ff\"><strong>TARIFES<\/strong><\/span>: Cons\u00faltalas <a href=\"https:\/\/deportes.umh.es\/files\/2009\/10\/Tarifas-Publicadas.pdf\">Tarifes instalacions campus d&#8217; Elx\u00a0<\/a>y <a href=\"https:\/\/deportes.umh.es\/files\/2019\/06\/Tarifas-PublicadasSantJoan.pdf\">tarifes instalacions campus de Sant Joan<\/a><\/li>\n<li><\/li>\n<li><strong><span style=\"color: #0000ff\">UBICACI\u00d3N Y FOTOS:<\/span><\/strong><\/li>\n<\/ul>\n<p><span style=\"text-decoration: underline\"><strong>PALAU D`ESPORTS_________Pincha aqu\u00ed para ver las instalaciones_____________________<\/strong><\/span><\/p>\n\n<!-- iframe plugin v.4.5 wordpress.org\/plugins\/iframe\/ -->\n<iframe src=\"http:\/\/universite.umh.es\/localizaciones\/default.htm?face=nok&#038;selT=estancias&#038;selI=E30P0022\" width=\"100%\" height=\"250\" scrolling=\"yes\" class=\"iframe-class\" frameborder=\"0\"><\/iframe>\n\n<p><a href=\"https:\/\/deportes.umh.es\/files\/2010\/05\/img_4913.jpg\"><img loading=\"lazy\" class=\"alignnone size-medium wp-image-636\" src=\"https:\/\/deportes.umh.es\/files\/2010\/05\/img_4913-300x225.jpg\" alt=\"\" width=\"300\" height=\"225\" srcset=\"https:\/\/deportes.umh.es\/files\/2010\/05\/img_4913-300x225.jpg 300w, https:\/\/deportes.umh.es\/files\/2010\/05\/img_4913-1024x768.jpg 1024w\" sizes=\"(max-width: 300px) 100vw, 300px\" \/><\/a><a href=\"https:\/\/deportes.umh.es\/files\/2010\/10\/img_4909.jpg\"><img loading=\"lazy\" class=\"alignnone size-medium wp-image-833\" src=\"https:\/\/deportes.umh.es\/files\/2010\/10\/img_4909-300x225.jpg\" alt=\"\" width=\"300\" height=\"225\" srcset=\"https:\/\/deportes.umh.es\/files\/2010\/10\/img_4909-300x225.jpg 300w, https:\/\/deportes.umh.es\/files\/2010\/10\/img_4909-1024x768.jpg 1024w\" sizes=\"(max-width: 300px) 100vw, 300px\" \/><\/a><a href=\"https:\/\/deportes.umh.es\/files\/2010\/10\/img_4923.jpg\"><img loading=\"lazy\" class=\"alignnone size-medium wp-image-829\" src=\"https:\/\/deportes.umh.es\/files\/2010\/10\/img_4923-300x225.jpg\" alt=\"\" width=\"300\" height=\"225\" srcset=\"https:\/\/deportes.umh.es\/files\/2010\/10\/img_4923-300x225.jpg 300w, https:\/\/deportes.umh.es\/files\/2010\/10\/img_4923-1024x768.jpg 1024w\" sizes=\"(max-width: 300px) 100vw, 300px\" \/><\/a><a href=\"https:\/\/deportes.umh.es\/files\/2010\/10\/img_4914.jpg\"><img loading=\"lazy\" class=\"alignnone size-medium wp-image-830\" src=\"https:\/\/deportes.umh.es\/files\/2010\/10\/img_4914-300x225.jpg\" alt=\"\" width=\"300\" height=\"225\" srcset=\"https:\/\/deportes.umh.es\/files\/2010\/10\/img_4914-300x225.jpg 300w, https:\/\/deportes.umh.es\/files\/2010\/10\/img_4914-1024x768.jpg 1024w\" sizes=\"(max-width: 300px) 100vw, 300px\" \/><\/a><a href=\"https:\/\/deportes.umh.es\/files\/2011\/09\/dscn4074.jpg\"><img loading=\"lazy\" class=\"alignnone size-medium wp-image-1385\" src=\"https:\/\/deportes.umh.es\/files\/2011\/09\/dscn4074-300x225.jpg\" alt=\"\" width=\"300\" height=\"225\" srcset=\"https:\/\/deportes.umh.es\/files\/2011\/09\/dscn4074-300x225.jpg 300w, https:\/\/deportes.umh.es\/files\/2011\/09\/dscn4074-1024x768.jpg 1024w\" sizes=\"(max-width: 300px) 100vw, 300px\" \/><\/a><a href=\"https:\/\/deportes.umh.es\/files\/2011\/09\/dscn4078.jpg\"><img loading=\"lazy\" class=\"alignnone size-medium wp-image-1388\" src=\"https:\/\/deportes.umh.es\/files\/2011\/09\/dscn4078-300x225.jpg\" alt=\"\" width=\"300\" height=\"225\" srcset=\"https:\/\/deportes.umh.es\/files\/2011\/09\/dscn4078-300x225.jpg 300w, https:\/\/deportes.umh.es\/files\/2011\/09\/dscn4078-1024x768.jpg 1024w\" sizes=\"(max-width: 300px) 100vw, 300px\" \/><\/a><\/p>\n<p><a href=\"https:\/\/deportes.umh.es\/files\/2010\/10\/img_4911.jpg\"><img loading=\"lazy\" class=\"alignnone size-medium wp-image-834\" src=\"https:\/\/deportes.umh.es\/files\/2010\/10\/img_4911-300x225.jpg\" alt=\"\" width=\"300\" height=\"225\" srcset=\"https:\/\/deportes.umh.es\/files\/2010\/10\/img_4911-300x225.jpg 300w, https:\/\/deportes.umh.es\/files\/2010\/10\/img_4911-1024x768.jpg 1024w\" sizes=\"(max-width: 300px) 100vw, 300px\" \/><\/a><a href=\"https:\/\/deportes.umh.es\/files\/2010\/10\/img_4907.jpg\"><img loading=\"lazy\" class=\"alignnone size-medium wp-image-837\" src=\"https:\/\/deportes.umh.es\/files\/2010\/10\/img_4907-300x225.jpg\" alt=\"\" width=\"300\" height=\"225\" srcset=\"https:\/\/deportes.umh.es\/files\/2010\/10\/img_4907-300x225.jpg 300w, https:\/\/deportes.umh.es\/files\/2010\/10\/img_4907-1024x768.jpg 1024w\" sizes=\"(max-width: 300px) 100vw, 300px\" \/><\/a><a href=\"https:\/\/deportes.umh.es\/files\/2010\/10\/img_4908.jpg\"><img loading=\"lazy\" class=\"alignnone size-medium wp-image-836\" src=\"https:\/\/deportes.umh.es\/files\/2010\/10\/img_4908-300x225.jpg\" alt=\"\" width=\"300\" height=\"225\" srcset=\"https:\/\/deportes.umh.es\/files\/2010\/10\/img_4908-300x225.jpg 300w, https:\/\/deportes.umh.es\/files\/2010\/10\/img_4908-1024x768.jpg 1024w\" sizes=\"(max-width: 300px) 100vw, 300px\" \/><\/a><\/p>\n<p><span style=\"text-decoration: underline\"><strong>ZONA POLIDEPORTIVA PISCINA, CAMPO GOLF_______________________________<\/strong><\/span><\/p>\n\n<!-- iframe plugin v.4.5 wordpress.org\/plugins\/iframe\/ -->\n<iframe src=\"http:\/\/universite.umh.es\/localizaciones\/default.htm?face=nok&#038;selT=estancias&#038;selI=E19P0016\" width=\"100%\" height=\"250\" scrolling=\"yes\" class=\"iframe-class\" frameborder=\"0\"><\/iframe>\n\n<p><a href=\"https:\/\/deportes.umh.es\/files\/2010\/05\/umh_2800.jpg\"><img loading=\"lazy\" class=\"alignnone size-medium wp-image-600\" src=\"https:\/\/deportes.umh.es\/files\/2010\/05\/umh_2800-300x199.jpg\" alt=\"\" width=\"300\" height=\"199\" srcset=\"https:\/\/deportes.umh.es\/files\/2010\/05\/umh_2800-300x199.jpg 300w, https:\/\/deportes.umh.es\/files\/2010\/05\/umh_2800-1024x682.jpg 1024w\" sizes=\"(max-width: 300px) 100vw, 300px\" \/><\/a><a href=\"https:\/\/deportes.umh.es\/files\/2010\/03\/Piscina-UMH.jpg\"><img loading=\"lazy\" class=\"alignnone size-medium wp-image-1529\" title=\"Piscina UMH\" src=\"https:\/\/deportes.umh.es\/files\/2010\/03\/Piscina-UMH-300x200.jpg\" alt=\"\" width=\"300\" height=\"200\" srcset=\"https:\/\/deportes.umh.es\/files\/2010\/03\/Piscina-UMH-300x200.jpg 300w, https:\/\/deportes.umh.es\/files\/2010\/03\/Piscina-UMH.jpg 720w\" sizes=\"(max-width: 300px) 100vw, 300px\" \/><\/a><\/p>\n<p><a href=\"https:\/\/deportes.umh.es\/files\/2010\/05\/umh_2741.jpg\"><img loading=\"lazy\" class=\"alignnone size-medium wp-image-602\" src=\"https:\/\/deportes.umh.es\/files\/2010\/05\/umh_2741-300x200.jpg\" alt=\"\" width=\"300\" height=\"200\" srcset=\"https:\/\/deportes.umh.es\/files\/2010\/05\/umh_2741-300x200.jpg 300w, https:\/\/deportes.umh.es\/files\/2010\/05\/umh_2741-1024x682.jpg 1024w\" sizes=\"(max-width: 300px) 100vw, 300px\" \/><\/a><a href=\"https:\/\/deportes.umh.es\/files\/2010\/05\/umh_2735.jpg\"><img loading=\"lazy\" class=\"alignnone size-medium wp-image-601\" src=\"https:\/\/deportes.umh.es\/files\/2010\/05\/umh_2735-300x200.jpg\" alt=\"\" width=\"300\" height=\"200\" srcset=\"https:\/\/deportes.umh.es\/files\/2010\/05\/umh_2735-300x200.jpg 300w, https:\/\/deportes.umh.es\/files\/2010\/05\/umh_2735-1024x682.jpg 1024w\" sizes=\"(max-width: 300px) 100vw, 300px\" \/><\/a><\/p>\n<p><span style=\"text-decoration: underline\"><strong>ZONA DEPORTIVA EL CLOT____Pincha aqu\u00ed para ver las instalaciones_____________________<\/strong><\/span><\/p>\n\n<!-- iframe plugin v.4.5 wordpress.org\/plugins\/iframe\/ -->\n<iframe src=\"http:\/\/universite.umh.es\/localizaciones\/default.htm?face=nok&#038;selT=estancias&#038;selI=E34P0040\" width=\"100%\" height=\"250\" scrolling=\"yes\" class=\"iframe-class\" frameborder=\"0\"><\/iframe>\n\n<p><a href=\"https:\/\/deportes.umh.es\/files\/2013\/03\/f\u00fatbol.jpg\"><img loading=\"lazy\" class=\"alignnone size-medium wp-image-4249\" src=\"https:\/\/deportes.umh.es\/files\/2013\/03\/f\u00fatbol-300x205.jpg\" alt=\"f\u00fatbol\" width=\"300\" height=\"205\" srcset=\"https:\/\/deportes.umh.es\/files\/2013\/03\/f\u00fatbol-300x205.jpg 300w, https:\/\/deportes.umh.es\/files\/2013\/03\/f\u00fatbol-1024x698.jpg 1024w, https:\/\/deportes.umh.es\/files\/2013\/03\/f\u00fatbol.jpg 1380w\" sizes=\"(max-width: 300px) 100vw, 300px\" \/><\/a><a href=\"https:\/\/deportes.umh.es\/files\/2013\/03\/IMG_1789.jpg\"><img loading=\"lazy\" class=\"alignnone wp-image-4250\" src=\"https:\/\/deportes.umh.es\/files\/2013\/03\/IMG_1789-300x168.jpg\" alt=\"IMG_1789\" width=\"364\" height=\"204\" srcset=\"https:\/\/deportes.umh.es\/files\/2013\/03\/IMG_1789-300x168.jpg 300w, https:\/\/deportes.umh.es\/files\/2013\/03\/IMG_1789-1024x575.jpg 1024w, https:\/\/deportes.umh.es\/files\/2013\/03\/IMG_1789.jpg 1600w\" sizes=\"(max-width: 364px) 100vw, 364px\" \/><\/a><\/p>\n<p><a href=\"https:\/\/deportes.umh.es\/files\/2013\/03\/Patinaje.jpg\"><img loading=\"lazy\" class=\"alignnone wp-image-4254\" src=\"https:\/\/deportes.umh.es\/files\/2013\/03\/Patinaje-300x205.jpg\" alt=\"Patinaje\" width=\"329\" height=\"225\" srcset=\"https:\/\/deportes.umh.es\/files\/2013\/03\/Patinaje-300x205.jpg 300w, https:\/\/deportes.umh.es\/files\/2013\/03\/Patinaje-1024x698.jpg 1024w, https:\/\/deportes.umh.es\/files\/2013\/03\/Patinaje.jpg 1380w\" sizes=\"(max-width: 329px) 100vw, 329px\" \/><\/a><a href=\"https:\/\/deportes.umh.es\/files\/2013\/03\/DSCF1074.jpg\"><img loading=\"lazy\" class=\"alignnone wp-image-4251\" src=\"https:\/\/deportes.umh.es\/files\/2013\/03\/DSCF1074-300x225.jpg\" alt=\"DSCF1074\" width=\"301\" height=\"226\" srcset=\"https:\/\/deportes.umh.es\/files\/2013\/03\/DSCF1074-300x225.jpg 300w, https:\/\/deportes.umh.es\/files\/2013\/03\/DSCF1074-1024x768.jpg 1024w\" sizes=\"(max-width: 301px) 100vw, 301px\" \/><\/a><\/p>\n<p><a href=\"https:\/\/deportes.umh.es\/files\/2013\/03\/m\u00f3dulo.jpg\"><img loading=\"lazy\" class=\"alignnone wp-image-4252\" src=\"https:\/\/deportes.umh.es\/files\/2013\/03\/m\u00f3dulo-300x205.jpg\" alt=\"m\u00f3dulo\" width=\"329\" height=\"225\" srcset=\"https:\/\/deportes.umh.es\/files\/2013\/03\/m\u00f3dulo-300x205.jpg 300w, https:\/\/deportes.umh.es\/files\/2013\/03\/m\u00f3dulo-1024x698.jpg 1024w, https:\/\/deportes.umh.es\/files\/2013\/03\/m\u00f3dulo.jpg 1380w\" sizes=\"(max-width: 329px) 100vw, 329px\" \/><\/a><a href=\"https:\/\/deportes.umh.es\/files\/2013\/03\/BMX.jpg\"><img loading=\"lazy\" class=\"alignnone wp-image-4253\" src=\"https:\/\/deportes.umh.es\/files\/2013\/03\/BMX-300x205.jpg\" alt=\"BMX\" width=\"329\" height=\"225\" srcset=\"https:\/\/deportes.umh.es\/files\/2013\/03\/BMX-300x205.jpg 300w, https:\/\/deportes.umh.es\/files\/2013\/03\/BMX-1024x698.jpg 1024w, https:\/\/deportes.umh.es\/files\/2013\/03\/BMX.jpg 1380w\" sizes=\"(max-width: 329px) 100vw, 329px\" \/><\/a><\/p>\n<p><strong>ZONA DEPORTIVA CAMPUS DE DESAMPARADOS EN ORIHUELA_________________<\/strong><\/p>\n\n<!-- iframe plugin v.4.5 wordpress.org\/plugins\/iframe\/ -->\n<iframe src=\"http:\/\/universite.umh.es\/localizaciones\/default.htm?face=nok&#038;selT=estancias&#038;selI=O13P0008\" width=\"100%\" height=\"250\" scrolling=\"yes\" class=\"iframe-class\" frameborder=\"0\"><\/iframe>\n\n<p><a href=\"https:\/\/deportes.umh.es\/files\/2010\/05\/img_0022.jpg\"><img loading=\"lazy\" class=\"alignnone size-medium wp-image-596\" src=\"https:\/\/deportes.umh.es\/files\/2010\/05\/img_0022-300x225.jpg\" alt=\"\" width=\"300\" height=\"225\" srcset=\"https:\/\/deportes.umh.es\/files\/2010\/05\/img_0022-300x225.jpg 300w, https:\/\/deportes.umh.es\/files\/2010\/05\/img_0022-1024x768.jpg 1024w, https:\/\/deportes.umh.es\/files\/2010\/05\/img_0022.jpg 1600w\" sizes=\"(max-width: 300px) 100vw, 300px\" \/><\/a><a href=\"https:\/\/deportes.umh.es\/files\/2010\/05\/img_0027.jpg\"><img loading=\"lazy\" class=\"alignnone size-medium wp-image-598\" src=\"https:\/\/deportes.umh.es\/files\/2010\/05\/img_0027-300x225.jpg\" alt=\"\" width=\"300\" height=\"225\" srcset=\"https:\/\/deportes.umh.es\/files\/2010\/05\/img_0027-300x225.jpg 300w, https:\/\/deportes.umh.es\/files\/2010\/05\/img_0027-1024x768.jpg 1024w, https:\/\/deportes.umh.es\/files\/2010\/05\/img_0027.jpg 1600w\" sizes=\"(max-width: 300px) 100vw, 300px\" \/><\/a><a href=\"https:\/\/deportes.umh.es\/files\/2010\/03\/IMG_20130903_084945.jpg\"><img loading=\"lazy\" class=\"alignnone size-medium wp-image-2787\" src=\"https:\/\/deportes.umh.es\/files\/2010\/03\/IMG_20130903_084945-300x225.jpg\" alt=\"IMG_20130903_084945\" width=\"300\" height=\"225\" srcset=\"https:\/\/deportes.umh.es\/files\/2010\/03\/IMG_20130903_084945-300x225.jpg 300w, https:\/\/deportes.umh.es\/files\/2010\/03\/IMG_20130903_084945-1024x768.jpg 1024w\" sizes=\"(max-width: 300px) 100vw, 300px\" \/><\/a><\/p>","protected":false},"excerpt":{"rendered":"<p>PROCEDIMENT GENERAL PER A RESERVAR LES INSTAL.LACIONS ESPORTIVAS.\u00a0<br \/>\nUS RECORDEM QUE DURANT EL PER\u00cdODE DE SETMANA SANTA (del 24 de mar\u00e7 al 4 d&#8217;abril, tots dos inclosos, a Elx) NOM\u00c9S ESTARAN OBERTES LES INSTAL\u00b7LACIONS DEL PALAU EN HORARI DE 15 A 23 HORES\u00a0\u00a0<br \/>\n\u00a0 \u00a0 \u00a0 \u00a0 \u00a0\u00a0ACC\u00c8S<\/p>\n<p>Per a que la Comunitat Universit\u00e1ria: PAS, PDI, Estudiantes, Extensa, [&#8230;]<\/p>\n","protected":false},"author":47,"featured_media":0,"parent":41,"menu_order":1,"comment_status":"closed","ping_status":"closed","template":"","meta":{"_links_to":"","_links_to_target":""},"_links":{"self":[{"href":"https:\/\/deportes.umh.es\/ca\/wp-json\/wp\/v2\/pages\/215"}],"collection":[{"href":"https:\/\/deportes.umh.es\/ca\/wp-json\/wp\/v2\/pages"}],"about":[{"href":"https:\/\/deportes.umh.es\/ca\/wp-json\/wp\/v2\/types\/page"}],"author":[{"embeddable":true,"href":"https:\/\/deportes.umh.es\/ca\/wp-json\/wp\/v2\/users\/47"}],"replies":[{"embeddable":true,"href":"https:\/\/deportes.umh.es\/ca\/wp-json\/wp\/v2\/comments?post=215"}],"version-history":[{"count":0,"href":"https:\/\/deportes.umh.es\/ca\/wp-json\/wp\/v2\/pages\/215\/revisions"}],"up":[{"embeddable":true,"href":"https:\/\/deportes.umh.es\/ca\/wp-json\/wp\/v2\/pages\/41"}],"wp:attachment":[{"href":"https:\/\/deportes.umh.es\/ca\/wp-json\/wp\/v2\/media?parent=215"}],"curies":[{"name":"wp","href":"https:\/\/api.w.org\/{rel}","templated":true}]}}