{"id":17978,"date":"2026-04-23T10:34:27","date_gmt":"2026-04-23T08:34:27","guid":{"rendered":"https:\/\/deportes.umh.es\/?page_id=17978"},"modified":"2026-04-27T11:25:27","modified_gmt":"2026-04-27T09:25:27","slug":"acreditacion-de-actividades-cardiosaludables-para-la-evaluacion-del-desempeno-del-ptgas","status":"publish","type":"page","link":"https:\/\/deportes.umh.es\/ca\/actividades-2\/acreditacion-de-actividades-cardiosaludables-para-la-evaluacion-del-desempeno-del-ptgas\/","title":{"rendered":"Acreditaci\u00f3n de Actividades Cardiosaludables para la EVD del PTGAS"},"content":{"rendered":"<p><span dir=\"auto\" style=\"vertical-align: inherit\"><span dir=\"auto\" style=\"vertical-align: inherit\">L&#8217;Oficina de Campus Saludables i Esports de la Universitat Miguel Hern\u00e1ndez ha elaborat aquesta circular informativa per tal de regular el procediment d&#8217;acreditaci\u00f3 de participaci\u00f3 en activitats cardiosaludables supervisades per l&#8217;OCSD, a efectes de la seva possible aportaci\u00f3 com a evid\u00e8ncia documental a l&#8217;Avaluaci\u00f3 de l&#8217;Acompliment del PTGAS.<\/span><\/span><\/p>\n<p><span dir=\"auto\" style=\"vertical-align: inherit\"><span dir=\"auto\" style=\"vertical-align: inherit\">En aquest document es recullen les activitats que poden ser objecte dacreditaci\u00f3, els criteris m\u00ednims de participaci\u00f3 exigibles segons el campus i lactivitat, aix\u00ed com el procediment de sol\u00b7 licitud, verificaci\u00f3 i emissi\u00f3 de la certificaci\u00f3 corresponent. Tamb\u00e9 es detallen les regles de c\u00f2mput aplicables en casos com a permisos, baixes, teletreball o abs\u00e8ncies.<\/span><\/span><\/p>\n<p><span dir=\"auto\" style=\"vertical-align: inherit\"><span dir=\"auto\" style=\"vertical-align: inherit\">Es tracta, doncs, d&#8217;una guia de refer\u00e8ncia per a totes aquelles persones interessades a con\u00e8ixer amb claredat quines activitats s\u00f3n acreditables, quins requisits s&#8217;han de complir i com s&#8217;ha de tramitar la sol\u00b7licitud. Lacreditaci\u00f3 emesa t\u00e9 car\u00e0cter administratiu de const\u00e0ncia de participaci\u00f3, sense implicar per si mateixa lassignaci\u00f3 autom\u00e0tica de puntuaci\u00f3 o efectes retributius.<\/span><\/span><\/p>\n<p><span dir=\"auto\" style=\"vertical-align: inherit\"><span dir=\"auto\" style=\"vertical-align: inherit\">Per consultar tota la informaci\u00f3, els criteris complets i el contingut \u00edntegre de la circular, podeu accedir al document complet a continuaci\u00f3:<\/span><\/span><\/p>\n<p style=\"text-align: center\"><a href=\"https:\/\/deportes.umh.es\/files\/2026\/04\/Circular-Acreditacion-Actividades-Cardiosaludables-OCSD_v2.pdf\"><span dir=\"auto\" style=\"vertical-align: inherit\"><span dir=\"auto\" style=\"vertical-align: inherit\">Descarregar \/ consultar la circular completa<\/span><\/span><\/a><\/p>\n<p style=\"text-align: left\"><span dir=\"auto\" style=\"vertical-align: inherit\"><span dir=\"auto\" style=\"vertical-align: inherit\">Es recomana consultar detingudament el contingut \u00edntegre de la circular abans de fer la sol\u00b7licitud, a fi de con\u00e8ixer amb detall els requisits, els criteris i el procediment d&#8217;acreditaci\u00f3 aplicables. Per a qualsevol dubte relacionat amb aquest proc\u00e9s, les persones interessades podran adre\u00e7ar-se a lOficina de Campus Saludables i Esports a trav\u00e9s dels canals habituals datenci\u00f3.<\/span><\/span><\/p>\n<p><\/p>","protected":false},"excerpt":{"rendered":"<p>L&#8217;Oficina de Campus Saludables i Esports de la Universitat Miguel Hern\u00e1ndez ha elaborat aquesta circular informativa per tal de regular el procediment d&#8217;acreditaci\u00f3 de participaci\u00f3 en activitats cardiosaludables supervisades per l&#8217;OCSD, a efectes de la seva possible aportaci\u00f3 com a evid\u00e8ncia documental a l&#8217;Avaluaci\u00f3 de l&#8217;Acompliment del PTGAS.<br \/>\nEn aquest document es recullen les activitats que [&#8230;]<\/p>\n","protected":false},"author":6222,"featured_media":0,"parent":7,"menu_order":0,"comment_status":"closed","ping_status":"closed","template":"","meta":{"_links_to":"","_links_to_target":""},"_links":{"self":[{"href":"https:\/\/deportes.umh.es\/ca\/wp-json\/wp\/v2\/pages\/17978"}],"collection":[{"href":"https:\/\/deportes.umh.es\/ca\/wp-json\/wp\/v2\/pages"}],"about":[{"href":"https:\/\/deportes.umh.es\/ca\/wp-json\/wp\/v2\/types\/page"}],"author":[{"embeddable":true,"href":"https:\/\/deportes.umh.es\/ca\/wp-json\/wp\/v2\/users\/6222"}],"replies":[{"embeddable":true,"href":"https:\/\/deportes.umh.es\/ca\/wp-json\/wp\/v2\/comments?post=17978"}],"version-history":[{"count":0,"href":"https:\/\/deportes.umh.es\/ca\/wp-json\/wp\/v2\/pages\/17978\/revisions"}],"up":[{"embeddable":true,"href":"https:\/\/deportes.umh.es\/ca\/wp-json\/wp\/v2\/pages\/7"}],"wp:attachment":[{"href":"https:\/\/deportes.umh.es\/ca\/wp-json\/wp\/v2\/media?parent=17978"}],"curies":[{"name":"wp","href":"https:\/\/api.w.org\/{rel}","templated":true}]}}