{"id":17596,"date":"2025-12-03T12:09:22","date_gmt":"2025-12-03T11:09:22","guid":{"rendered":"https:\/\/deportes.umh.es\/?page_id=17596"},"modified":"2025-12-03T12:09:22","modified_gmt":"2025-12-03T11:09:22","slug":"mas-alla-del-espejo-una-mirada-compasiva-hacia-tu-cuerpo","status":"publish","type":"page","link":"https:\/\/deportes.umh.es\/ca\/unidad-de-asesoramiento-psicologico\/talleres\/curso-2025-2026\/mas-alla-del-espejo-una-mirada-compasiva-hacia-tu-cuerpo\/","title":{"rendered":"<span lang=\"es\">(Espa\u00f1ol) M\u00e1s all\u00e1 del espejo: Una mirada compasiva hacia tu cuerpo<\/span>"},"content":{"rendered":"<p class=\"qtranxs-available-languages-message qtranxs-available-languages-message-ca\">Ho sentim, aquesta entrada es troba disponible \u00fanicament en <a href=\"https:\/\/deportes.umh.es\/es\/wp-json\/wp\/v2\/pages\/17596\" class=\"qtranxs-available-language-link qtranxs-available-language-link-es\" title=\"Espa\u00f1ol\">Espanyol Europeu<\/a>.<\/p>","protected":false},"excerpt":{"rendered":"<p>Ho sentim, aquesta entrada es troba disponible \u00fanicament en Espanyol Europeu.<\/p>\n","protected":false},"author":12026,"featured_media":0,"parent":17189,"menu_order":10,"comment_status":"closed","ping_status":"closed","template":"","meta":{"_links_to":"","_links_to_target":""},"_links":{"self":[{"href":"https:\/\/deportes.umh.es\/ca\/wp-json\/wp\/v2\/pages\/17596"}],"collection":[{"href":"https:\/\/deportes.umh.es\/ca\/wp-json\/wp\/v2\/pages"}],"about":[{"href":"https:\/\/deportes.umh.es\/ca\/wp-json\/wp\/v2\/types\/page"}],"author":[{"embeddable":true,"href":"https:\/\/deportes.umh.es\/ca\/wp-json\/wp\/v2\/users\/12026"}],"replies":[{"embeddable":true,"href":"https:\/\/deportes.umh.es\/ca\/wp-json\/wp\/v2\/comments?post=17596"}],"version-history":[{"count":0,"href":"https:\/\/deportes.umh.es\/ca\/wp-json\/wp\/v2\/pages\/17596\/revisions"}],"up":[{"embeddable":true,"href":"https:\/\/deportes.umh.es\/ca\/wp-json\/wp\/v2\/pages\/17189"}],"wp:attachment":[{"href":"https:\/\/deportes.umh.es\/ca\/wp-json\/wp\/v2\/media?parent=17596"}],"curies":[{"name":"wp","href":"https:\/\/api.w.org\/{rel}","templated":true}]}}