{"id":1692,"date":"2015-12-04T10:55:53","date_gmt":"2015-12-04T09:55:53","guid":{"rendered":"http:\/\/deportes.umh.es\/cursos\/cursos-de-la-unidad-de-gestion-deportiva\/"},"modified":"2026-02-24T10:08:21","modified_gmt":"2026-02-24T09:08:21","slug":"cursos-de-la-unidad-de-gestion-deportiva","status":"publish","type":"page","link":"https:\/\/deportes.umh.es\/ca\/actividades-2\/cursos-de-la-unidad-de-gestion-deportiva\/","title":{"rendered":"Piscina UMH"},"content":{"rendered":"<p><strong>CURS DE NATACI\u00d3 UMH<\/strong><\/p>\n<ul>\n<li><strong>Dates del curs:<\/strong>\u00a025 juny al 24 de juliol.\u00a0Duraci\u00f3 de 5 semanas. Els dies 24 de juny i 25 de juliol son festives.\u00a0 \u00a0\u00a0<a href=\"https:\/\/deportes.umh.es\/files\/2019\/06\/Cartel-cursos-nataci\u00f3n2019.png\"><img loading=\"lazy\" class=\"alignright size-medium wp-image-8867\" src=\"https:\/\/deportes.umh.es\/files\/2019\/06\/Cartel-cursos-nataci\u00f3n2019-300x225.png\" alt=\"\" width=\"300\" height=\"225\" srcset=\"https:\/\/deportes.umh.es\/files\/2019\/06\/Cartel-cursos-nataci\u00f3n2019-300x225.png 300w, https:\/\/deportes.umh.es\/files\/2019\/06\/Cartel-cursos-nataci\u00f3n2019-768x576.png 768w, https:\/\/deportes.umh.es\/files\/2019\/06\/Cartel-cursos-nataci\u00f3n2019-1024x768.png 1024w, https:\/\/deportes.umh.es\/files\/2019\/06\/Cartel-cursos-nataci\u00f3n2019.png 2000w\" sizes=\"(max-width: 300px) 100vw, 300px\" \/><\/a><\/li>\n<\/ul>\n<ul>\n<li><strong>Termini d&#8217;inscripci\u00f3:<\/strong> fins a completar el nombre m\u00e0xim d&#8217;usuaris per grup.<\/li>\n<\/ul>\n<ul>\n<li><strong>Modalitats:<\/strong><br \/>\n\u00b7 Dilluns i dimecres<br \/>\n\u00b7 Dimarts i dijous<\/li>\n<\/ul>\n<ul>\n<li><strong>Grups ofertats:<\/strong><\/li>\n<\/ul>\n<p>\u00b7 16:00 (nens i adults)<br \/>\n\u00b7 17:00 (nens i adults)<br \/>\n\u00b7 18:00 (nens i adults)<br \/>\n\u00b7 19:00 (adults)<br \/>\n\u00b7 20:00 (adults)<\/p>\n<ul>\n<li><strong>Tarifes:<\/strong> UMH, SOLID\u00c0RIA: 36 Euros; EXTENSA: 54 euros NO UMH: 72 euros.<\/li>\n<\/ul>\n<ul>\n<li><strong>Inscripci\u00f3:<\/strong><\/li>\n<\/ul>\n<p><span style=\"text-decoration: underline\">Inscripci\u00f3 adults:<\/span> La inscripci\u00f3 es realitzar\u00e0 per mitj\u00e0 de l&#8217;aplicaci\u00f3 de reserves i inscripcions: http:\/\/actividadesdeportivas.umh.es\/Login.<\/p>\n<p><span style=\"text-decoration: underline\"> Inscripci\u00f3 xiquets:<\/span> El xiquet\/a ha d&#8217;estar inscrito\/a en l&#8217;aplicaci\u00f3 de reserves i activitats amb el seu identificador i contrasenya. Per a aix\u00f2, ha de seguir els passos seg\u00fcents:<\/p>\n<p>1. Accedir a l&#8217;enllace seg\u00fcent: http:\/\/actividadesdeportivas.umh.es\/Login.<\/p>\n<p>2. Seleccionar l&#8217;opci\u00f3 d&#8217;USUARI EXTERN i clicar l&#8217;opci\u00f3 REGISTRAR-SE.<\/p>\n<p>3. En Tipus de registre, seleccionar BENEFICIARI. En el correu electr\u00f2nic ha d&#8217;inserir l&#8217;utilitzat pel titular, en la resta d&#8217;opcions introdu\u00efsca les dades del seu xiquet\/a, principalment els apartats de: dades personals i data de naixement.<\/p>\n<p>4. <span style=\"text-decoration: underline\">Opci\u00f3 1:<\/span> En el cas que el pare\/mare gaudi d&#8217;alguna tarifa umh (solid\u00e0ria o extensa) haur\u00e0 d&#8217;enviar un correu a actividades.palau@umh.es, per a ajustar la tarifa i que el xiquet\/a puga beneficiar-se tamb\u00e9 de la reducci\u00f3.<\/p>\n<p>5. Realitzaci\u00f3 del pagament: Accedir novament a l&#8217;enlla\u00e7 http:\/\/actividadesdeportivas.umh.es\/Login\u00a0i en la part superior dreta de la pestanya seleccionar el nom del seu xiquet\/a.<\/p>\n<p>6. Procediment d&#8217;inscripci\u00f3: &#8211; Inscripci\u00f3 de classes. &#8211; Campus d&#8217;Elx &#8211; Curs de nataci\u00f3 que li interesse.<\/p>\n<ul>\n<li><strong>Normativa:<\/strong><\/li>\n<\/ul>\n<p>&#8211; L&#8217;edat m\u00ednima per a poder realitzar el curs \u00e9s de 4 anys complits.<\/p>\n<p>&#8211; Un usuari passa a ser adult a partir dels 12 anys.<\/p>\n<p>&#8211; \u00c9s necessari un m\u00ednim de 6 persones perqu\u00e8 un grup finalment s&#8217;\u00f2briga. Si en l&#8217;horari en qu\u00e8 t&#8217;has inscrit no hi ha m\u00e9s usuaris, t&#8217;informarem perqu\u00e8 pugues unir-te a un altre grup.<\/p>\n<p>&#8211; Els grups, en la mesura que siga possible, es realitzaran depenent del nivell dels usuaris.<\/p>\n<p>&#8211; Una vegada finalitzat el termini d&#8217;inscripci\u00f3 no es tornar\u00e0 els diners, excepte per causes imputables a la UMH.<\/p>\n<ul>\n<li><strong>Promoci\u00f3:<\/strong> Les persones majors de 18 anys inscrites en el curs de nataci\u00f3 podran assistir tamb\u00e9 a les activitats dirigides (pilates, palissa, cicle indoor, etc.) durant el mes de juliol. Per a aix\u00f2, han d&#8217;ensenyar el justificant de pagament als monitors responsables de l&#8217;activitat. Horari AADD: https:\/\/deportes.umh.es\/files\/2019\/06\/HORARIO-JULIO- 2019.pdf.<\/li>\n<\/ul>\n<p>Qualsevol dubte els atendrem en l&#8217;oficina d&#8217;esports de l&#8217;edifici el Clot en el campus d&#8217;Elx.<\/p>\n<p><strong>BONS LLIURES PISCINA UMH <\/strong><\/p>\n<p>Per a l&#8217;acc\u00e9s a la piscina,\u00a0 a m\u00e9s de per mitj\u00e0 de la TDU, es poden extraure bons d&#8217;\u00fas lliure. Estos es podran obtindre durant els mesos de juny, juliol i setembre. A l&#8217;agost, l&#8217;oficina d&#8217;esports est\u00e0 tancada i nom\u00e9s es podran obtindre bons d&#8217;\u00fas lliure de la m\u00e0quina expenedora que es localitzar\u00e0 en la instal\u00b7laci\u00f3 de la piscina.<\/p>\n<p><strong>L&#8217;horari d&#8217;obertura de la piscina \u00e9s de 8 a 22 h de dilluns a divendres i de 8 a 14h els dissabtes a partir d&#8217;aquest 1 de juny i fins al 30 de setembre. <\/strong>S&#8217;ha d&#8217;abandonar el got 15 minuts abans del tancament de la instal\u00b7laci\u00f3<\/p>\n<p>Informaci\u00f3 per a l&#8217;adquisici\u00f3 dels bons: S&#8217;ha d&#8217;anar a l&#8217;oficina d&#8217;esports ubicada en l&#8217;edifici El Clot a arreplegar el bo. Ha de portar una fotoc\u00f2pia del DNI\u00a0 o una fotografia mida de carnet.<\/p>\n<p>Formes de pagament:<\/p>\n<p>&#8211; En met\u00e0l\u00b7lic en la m\u00e0quina expenedora de tiquets. IMPORTANT portar la quantitat exacta.<\/p>\n<p>&#8211; Amb targeta associada al m\u00f2bil i que permeta fer compres online<\/p>\n<p>Les tarifes seg\u00fcents:<\/p>\n<p><a href=\"https:\/\/deportes.umh.es\/files\/2019\/05\/Imagen1-2.png\"><img loading=\"lazy\" class=\"alignnone wp-image-8858 \" src=\"https:\/\/deportes.umh.es\/files\/2019\/05\/Imagen1-2-1024x532.png\" alt=\"\" width=\"526\" height=\"240\" \/><\/a><\/p>","protected":false},"excerpt":{"rendered":"<p>CURS DE NATACI\u00d3 UMH<\/p>\n<p>Dates del curs:\u00a025 juny al 24 de juliol.\u00a0Duraci\u00f3 de 5 semanas. Els dies 24 de juny i 25 de juliol son festives.\u00a0 \u00a0\u00a0<\/p>\n<p>Termini d&#8217;inscripci\u00f3: fins a completar el nombre m\u00e0xim d&#8217;usuaris per grup.<\/p>\n<p>Modalitats:<br \/>\n\u00b7 Dilluns i dimecres<br \/>\n\u00b7 Dimarts i dijous<\/p>\n<p>Grups ofertats:<\/p>\n<p>\u00b7 16:00 (nens i adults)<br \/>\n\u00b7 17:00 (nens i adults)<br \/>\n\u00b7 18:00 (nens i adults)<br \/>\n\u00b7 [&#8230;]<\/p>\n","protected":false},"author":47,"featured_media":0,"parent":7,"menu_order":4,"comment_status":"closed","ping_status":"open","template":"","meta":{"_links_to":"","_links_to_target":""},"_links":{"self":[{"href":"https:\/\/deportes.umh.es\/ca\/wp-json\/wp\/v2\/pages\/1692"}],"collection":[{"href":"https:\/\/deportes.umh.es\/ca\/wp-json\/wp\/v2\/pages"}],"about":[{"href":"https:\/\/deportes.umh.es\/ca\/wp-json\/wp\/v2\/types\/page"}],"author":[{"embeddable":true,"href":"https:\/\/deportes.umh.es\/ca\/wp-json\/wp\/v2\/users\/47"}],"replies":[{"embeddable":true,"href":"https:\/\/deportes.umh.es\/ca\/wp-json\/wp\/v2\/comments?post=1692"}],"version-history":[{"count":0,"href":"https:\/\/deportes.umh.es\/ca\/wp-json\/wp\/v2\/pages\/1692\/revisions"}],"up":[{"embeddable":true,"href":"https:\/\/deportes.umh.es\/ca\/wp-json\/wp\/v2\/pages\/7"}],"wp:attachment":[{"href":"https:\/\/deportes.umh.es\/ca\/wp-json\/wp\/v2\/media?parent=1692"}],"curies":[{"name":"wp","href":"https:\/\/api.w.org\/{rel}","templated":true}]}}