{"id":15499,"date":"2024-01-17T14:43:21","date_gmt":"2024-01-17T13:43:21","guid":{"rendered":"https:\/\/deportes.umh.es\/?page_id=15499"},"modified":"2026-02-10T12:13:40","modified_gmt":"2026-02-10T11:13:40","slug":"unidad-de-asesoramiento-psicologico","status":"publish","type":"page","link":"https:\/\/deportes.umh.es\/ca\/unidad-de-asesoramiento-psicologico\/","title":{"rendered":"Assessorament Psicol\u00f2gic"},"content":{"rendered":"<p><\/p>\n<h2>Unitat d&#8217;Assessorament Psicol\u00f2gic<\/h2>\n<p><strong>PRESENTACI\u00d3<\/strong><\/p>\n<p>La Unitat d&#8217;Assessorament Psicol\u00f2gic de la Universitat Miguel Hern\u00e1ndez d&#8217;Elx (UMH) t\u00e9 com a objectiu atendre les necessitats d&#8217;atenci\u00f3 psicol\u00f2gica que planteja l&#8217;estudiantat, millorant el seu benestar psicosocial\u00a0 i rendiment acad\u00e8mic mitjan\u00e7ant recursos protectors i potenciadors de la salut mental de les i els estudiants.<\/p>\n<p>Per a aix\u00f2, comptar\u00e0 amb un servici d&#8217;assessorament psicol\u00f2gic i pedag\u00f2gic. A trav\u00e9s dels quals, es duran a terme campanyes de difusi\u00f3 d&#8217;informaci\u00f3, impartici\u00f3 de cursos, jornades, assessorament individualitzat per a les persones que ho sol\u00b7liciten.<\/p>\n<p><strong>INFOGRAFIA RECURSOS AJUDA PSICOL\u00d2GICA<\/strong><\/p>\n<p>Amb motiu del Dia Mundial de la Salut Mental es va elaborar un p\u00f2ster informatiu on volem compartir-vos informaci\u00f3 sobre els diferents recursos disponibles per a la comunitat universit\u00e0ria en mat\u00e8ria de salut mental.<\/p>\n<p><a href=\"https:\/\/atenciondiscapacidad.umh.es\/files\/2022\/10\/poster-ayuda-psicologica.pdf\">P\u00f2ster ajuda psicol\u00f2gica<\/a><\/p>\n<p><strong>SERVICIS PER A LA PROMOCI\u00d3 DEL BENESTAR PSICOL\u00d2GIC<\/strong><\/p>\n<p>1. Un dels objectius \u00e9s fomentar la promoci\u00f3 de la salut mitjan\u00e7ant campanyes, tallers i jornades que augmenten el control de cada persona sobre la seua salut, donant a con\u00e9ixer bones pr\u00e0ctiques sobre el control de l&#8217;estr\u00e9s, afavorint el desenvolupament d&#8217;estrat\u00e8gies d&#8217;afrontament i augmentant l&#8217;autoefic\u00e0cia de l&#8217;estudiantat. Tot aix\u00f2, mitjan\u00e7ant diferents recursos i infografies, aix\u00ed com creant tallers i jornades sobre diversos temes que siguen d&#8217;inter\u00e9s per a l&#8217;alumnat: control de l&#8217;estr\u00e9s, baixa autoestima, inseguretats, desmotivaci\u00f3, ansietat davant els ex\u00e0mens i per parlar en p\u00fablic, control dels impulsos, problemes relacionals amb els iguals, planificaci\u00f3, entre altres.<\/p>\n<p>2. Assessorament psicol\u00f2gic individualitzat respecte a situacions relacionades amb el benestar psicol\u00f2gic i assessorament pedag\u00f2gic envers l&#8217;estudi.\u00a0L&#8217;objectiu principal \u00e9s orientar i ajudar la persona a entendre all\u00f2 que li ocorre i interferix en el seu desenvolupament personal. Aix\u00ed com, informar-lo, si la necessitat ho requerira, de totes les ajudes disponibles i els establiments que les proporcionen.\u00a0A m\u00e9s, s&#8217;oferiran directrius a l&#8217;hora d&#8217;estudiar, amb les quals adquirir bons h\u00e0bits d&#8217;aprenentatge i realitzar un estudi efica\u00e7, per a augmentar aix\u00ed l&#8217;\u00e8xit universitari de l&#8217;estudiantat de la UMH.<\/p>\n<p><a href=\"https:\/\/atenciondiscapacidad.umh.es\/files\/2022\/10\/poster-ayuda-psicologica.pdf\">P\u00f2ster ajuda psicol\u00f2gica<\/a><\/p>\n<p>Per a m\u00e9s informaci\u00f3 escriu un correu electr\u00f2nic a\u00a0apoyo.psicologico@umh.es<\/p>\n<p><strong>CONTACTE<\/strong><\/p>\n<p>UNITAT D&#8217;ASSESSORAMENT PSICOL\u00d2GIC<\/p>\n<p>Edifici El Clot del Campus d&#8217;Elx<\/p>\n<p><strong>*Provisionalment el servici es desenvolupar\u00e0 en l&#8217;Edifici *Altamira del Campus d&#8217;Elx<\/strong><\/p>\n<p>Av. de la Universitat s\/n 03202 Elx (Alacant)<\/p>\n<p>Correu electr\u00f2nic:\u00a0apoyo.psicologico@umh.es<\/p>","protected":false},"excerpt":{"rendered":"<p>Unitat d&#8217;Assessorament Psicol\u00f2gic<br \/>\nPRESENTACI\u00d3<br \/>\nLa Unitat d&#8217;Assessorament Psicol\u00f2gic de la Universitat Miguel Hern\u00e1ndez d&#8217;Elx (UMH) t\u00e9 com a objectiu atendre les necessitats d&#8217;atenci\u00f3 psicol\u00f2gica que planteja l&#8217;estudiantat, millorant el seu benestar psicosocial\u00a0 i rendiment acad\u00e8mic mitjan\u00e7ant recursos protectors i potenciadors de la salut mental de les i els estudiants.<br \/>\nPer a aix\u00f2, comptar\u00e0 amb un servici d&#8217;assessorament psicol\u00f2gic [&#8230;]<\/p>\n","protected":false},"author":3216,"featured_media":0,"parent":0,"menu_order":5,"comment_status":"closed","ping_status":"closed","template":"","meta":{"_links_to":"","_links_to_target":""},"_links":{"self":[{"href":"https:\/\/deportes.umh.es\/ca\/wp-json\/wp\/v2\/pages\/15499"}],"collection":[{"href":"https:\/\/deportes.umh.es\/ca\/wp-json\/wp\/v2\/pages"}],"about":[{"href":"https:\/\/deportes.umh.es\/ca\/wp-json\/wp\/v2\/types\/page"}],"author":[{"embeddable":true,"href":"https:\/\/deportes.umh.es\/ca\/wp-json\/wp\/v2\/users\/3216"}],"replies":[{"embeddable":true,"href":"https:\/\/deportes.umh.es\/ca\/wp-json\/wp\/v2\/comments?post=15499"}],"version-history":[{"count":0,"href":"https:\/\/deportes.umh.es\/ca\/wp-json\/wp\/v2\/pages\/15499\/revisions"}],"wp:attachment":[{"href":"https:\/\/deportes.umh.es\/ca\/wp-json\/wp\/v2\/media?parent=15499"}],"curies":[{"name":"wp","href":"https:\/\/api.w.org\/{rel}","templated":true}]}}