{"id":14476,"date":"2022-11-28T12:58:55","date_gmt":"2022-11-28T11:58:55","guid":{"rendered":"https:\/\/deportes.umh.es\/?page_id=14476"},"modified":"2022-11-29T09:21:20","modified_gmt":"2022-11-29T08:21:20","slug":"prot-datos-escuela-verano-y-aj","status":"publish","type":"page","link":"https:\/\/deportes.umh.es\/ca\/prot-datos-escuela-verano-y-aj\/","title":{"rendered":"<span lang=\"es\">(Espa\u00f1ol) Informaci\u00f3n protecci\u00f3n de datos preinscripci\u00f3n y matr\u00edcula de la Escuela de Verano y Aula Junior UMH<\/span>"},"content":{"rendered":"<p class=\"qtranxs-available-languages-message qtranxs-available-languages-message-ca\">Ho sentim, aquesta entrada es troba disponible \u00fanicament en <a href=\"https:\/\/deportes.umh.es\/es\/wp-json\/wp\/v2\/pages\/14476\" class=\"qtranxs-available-language-link qtranxs-available-language-link-es\" title=\"Espa\u00f1ol\">Espanyol Europeu<\/a>.<\/p>","protected":false},"excerpt":{"rendered":"<p>Ho sentim, aquesta entrada es troba disponible \u00fanicament en Espanyol Europeu.<\/p>\n","protected":false},"author":3216,"featured_media":0,"parent":0,"menu_order":0,"comment_status":"closed","ping_status":"closed","template":"","meta":{"_links_to":"","_links_to_target":""},"_links":{"self":[{"href":"https:\/\/deportes.umh.es\/ca\/wp-json\/wp\/v2\/pages\/14476"}],"collection":[{"href":"https:\/\/deportes.umh.es\/ca\/wp-json\/wp\/v2\/pages"}],"about":[{"href":"https:\/\/deportes.umh.es\/ca\/wp-json\/wp\/v2\/types\/page"}],"author":[{"embeddable":true,"href":"https:\/\/deportes.umh.es\/ca\/wp-json\/wp\/v2\/users\/3216"}],"replies":[{"embeddable":true,"href":"https:\/\/deportes.umh.es\/ca\/wp-json\/wp\/v2\/comments?post=14476"}],"version-history":[{"count":0,"href":"https:\/\/deportes.umh.es\/ca\/wp-json\/wp\/v2\/pages\/14476\/revisions"}],"wp:attachment":[{"href":"https:\/\/deportes.umh.es\/ca\/wp-json\/wp\/v2\/media?parent=14476"}],"curies":[{"name":"wp","href":"https:\/\/api.w.org\/{rel}","templated":true}]}}