{"id":14309,"date":"2022-09-29T13:32:59","date_gmt":"2022-09-29T11:32:59","guid":{"rendered":"https:\/\/deportes.umh.es\/?page_id=14309"},"modified":"2023-05-05T13:14:25","modified_gmt":"2023-05-05T11:14:25","slug":"ventajas","status":"publish","type":"page","link":"https:\/\/deportes.umh.es\/ca\/ventajas\/","title":{"rendered":"Empreses conveniades"},"content":{"rendered":"<p>La UMH, mitjan\u00e7ant el Vicerectorat d&#8217;Inclusi\u00f3, Sostenibilitat i Esports, i l&#8217;Oficina de Campus Saludables i Esports en concret, amb l&#8217;objectiu de facilitar la realitzaci\u00f3 d&#8217;activitats a qualsevol \u00e0mbit de l&#8217;esport i de l&#8217;oci saludable, ha establert diversos acords de col\u00b7laboraci\u00f3 amb empreses relacionades amb el sector dels esports i activitats a fi d&#8217;oferir a la comunitat universit\u00e0ria una oferta variada amb aplicaci\u00f3 de descomptes.<\/p>\n<p>A continuaci\u00f3 facilitem les empreses amb conveni i l&#8217;oferta:<\/p>\n<h3>Tenis Concept<\/h3>\n<p><a href=\"https:\/\/deportes.umh.es\/files\/2022\/09\/WhatsApp-Image-2022-09-27-at-12.36.44-1.jpeg\"><img loading=\"lazy\" class=\"alignleft size-medium wp-image-14312\" src=\"https:\/\/deportes.umh.es\/files\/2022\/09\/WhatsApp-Image-2022-09-27-at-12.36.44-1-240x300.jpeg\" alt=\"\" width=\"240\" height=\"300\" srcset=\"https:\/\/deportes.umh.es\/files\/2022\/09\/WhatsApp-Image-2022-09-27-at-12.36.44-1-240x300.jpeg 240w, https:\/\/deportes.umh.es\/files\/2022\/09\/WhatsApp-Image-2022-09-27-at-12.36.44-1-819x1024.jpeg 819w, https:\/\/deportes.umh.es\/files\/2022\/09\/WhatsApp-Image-2022-09-27-at-12.36.44-1-768x960.jpeg 768w, https:\/\/deportes.umh.es\/files\/2022\/09\/WhatsApp-Image-2022-09-27-at-12.36.44-1.jpeg 1080w\" sizes=\"(max-width: 240px) 100vw, 240px\" \/><\/a><\/p>","protected":false},"excerpt":{"rendered":"<p>La UMH, mitjan\u00e7ant el Vicerectorat d&#8217;Inclusi\u00f3, Sostenibilitat i Esports, i l&#8217;Oficina de Campus Saludables i Esports en concret, amb l&#8217;objectiu de facilitar la realitzaci\u00f3 d&#8217;activitats a qualsevol \u00e0mbit de l&#8217;esport i de l&#8217;oci saludable, ha establert diversos acords de col\u00b7laboraci\u00f3 amb empreses relacionades amb el sector dels esports i activitats a fi d&#8217;oferir a la [&#8230;]<\/p>\n","protected":false},"author":3216,"featured_media":0,"parent":0,"menu_order":8,"comment_status":"closed","ping_status":"closed","template":"","meta":{"_links_to":"","_links_to_target":""},"_links":{"self":[{"href":"https:\/\/deportes.umh.es\/ca\/wp-json\/wp\/v2\/pages\/14309"}],"collection":[{"href":"https:\/\/deportes.umh.es\/ca\/wp-json\/wp\/v2\/pages"}],"about":[{"href":"https:\/\/deportes.umh.es\/ca\/wp-json\/wp\/v2\/types\/page"}],"author":[{"embeddable":true,"href":"https:\/\/deportes.umh.es\/ca\/wp-json\/wp\/v2\/users\/3216"}],"replies":[{"embeddable":true,"href":"https:\/\/deportes.umh.es\/ca\/wp-json\/wp\/v2\/comments?post=14309"}],"version-history":[{"count":0,"href":"https:\/\/deportes.umh.es\/ca\/wp-json\/wp\/v2\/pages\/14309\/revisions"}],"wp:attachment":[{"href":"https:\/\/deportes.umh.es\/ca\/wp-json\/wp\/v2\/media?parent=14309"}],"curies":[{"name":"wp","href":"https:\/\/api.w.org\/{rel}","templated":true}]}}