{"id":1366,"date":"2011-07-20T09:43:13","date_gmt":"2011-07-20T07:43:13","guid":{"rendered":"http:\/\/deportes.zeus.umh.es\/?page_id=1366"},"modified":"2023-12-18T09:12:34","modified_gmt":"2023-12-18T08:12:34","slug":"presentacion","status":"publish","type":"page","link":"https:\/\/deportes.umh.es\/ca\/presentacion\/","title":{"rendered":"Coneix-nos"},"content":{"rendered":"<p><\/p>\n<p style=\"text-align: justify\">Aquesta unitat s&#8217;encarrega de gestionar l&#8217;activitat a les instal \u00b7 lacions esportives de la universitat, aix\u00ed com la projecci\u00f3 esportiva de la comunitat universit\u00e0ria, tant en el pla intern, com en l&#8217;\u00e0mbit exterior, en la seva relaci\u00f3 amb altres institucions, entitats, col \u00b7 lectius socials i universitats.<\/p>\n<p>En aquesta p\u00e0gina web es podr\u00e0 obtenir informaci\u00f3 sobre les activitats esportives que s&#8217;ofereixen tant a la comunitat universit\u00e0ria com a la societat en general. Tamb\u00e9 es podr\u00e0 con\u00e8ixer que fa als equips universitaris i les competicions, tant internes com interuniversit\u00e0ries.<\/p>\n<p>Els nostres usuaris podran accedir a l&#8217;\u00fas de les instal \u00b7 lacions i als procediments de reserva, aix\u00ed com a altres serveis, com l&#8217;expedici\u00f3 de certificats, compra de roba esportiva, l&#8217;expedici\u00f3 de la targeta esportiva TDU, demanda de cursos formatius i d&#8217;oci, etc.<\/p>\n<p style=\"text-align: center\"><a href=\"https:\/\/deportes.umh.es\/aadd-campus-de-elche-2\/\"><img loading=\"lazy\" class=\"alignnone wp-image-5909\" src=\"https:\/\/deportes.umh.es\/files\/2017\/12\/boton-elche.png\" alt=\"\" width=\"250\" height=\"191\" \/><\/a><strong><a href=\"https:\/\/deportes.umh.es\/aadd-campus-de-sant-joan-2\"><img loading=\"lazy\" class=\"alignnone wp-image-7883\" src=\"https:\/\/deportes.umh.es\/files\/2019\/03\/boton-campus-sant-joan-300x182.jpg\" alt=\"\" width=\"316\" height=\"191\" srcset=\"https:\/\/deportes.umh.es\/files\/2019\/03\/boton-campus-sant-joan-300x182.jpg 300w, https:\/\/deportes.umh.es\/files\/2019\/03\/boton-campus-sant-joan.jpg 527w\" sizes=\"(max-width: 316px) 100vw, 316px\" \/><\/a><\/strong><\/p>\n<p>Tots els anuncis els trobar\u00e0s a la secci\u00f3 de novetats i not\u00edcies d&#8217;\u00faltima hora. que es publiquen en aquesta web.<\/p>\n<p>Estem a l&#8217;Edifici El Clot, Av de la Universitat s \/ n 03202, Elx. Les nostres extensions: 96 522 21 20\/96 522 25 56.<\/p>\n<p>Horari d&#8217;atenci\u00f3 al p\u00fablic: 9 a 14 h de dilluns a divendres.<\/p>\n<p>El Correu electr\u00f2nic: deportes@umh.es<\/p>\n<p>Altres correus electr\u00f2nics i webs d&#8217;informaci\u00f3:<\/p>\n<p>competiciones@umh.es Per tot el relatiu a les competicions internes UMH: <a href=\"http:\/\/universite.umh.es\/competicionesdeportivas\/\" target=\"_blank\" rel=\"noopener noreferrer\">http:\/\/universite.umh.es\/competicionesdeportivas\/<\/a><\/p>\n<p><a href=\"mailto:secretaria.cadu@umh.es\">secretaria.cadu@umh.es<\/a> Per a tot el relatiu a les competicions externes i equips UMH:<a href=\"http:\/\/universite.umh.es\/cadu\/\" target=\"_blank\" rel=\"noopener noreferrer\"> http:\/\/universite.umh.es\/cadu\/<\/a><\/p>\n<p><a href=\"mailto:actividades.palau@umh.es\">actividades.palau@umh.es<\/a> Per a tot el relatiu a les activitats multidisciplinaris i gimn\u00e0s: <a href=\"https:\/\/deportes.umh.es\/cursos\/actividades-multidisciplinares\/\">https:\/\/deportes.umh.es\/cursos\/actividades-multidisciplinares\/<\/a><\/p>\n<p>escueladepadel@umh.es Per que fa als cursos de p\u00e0del: <a href=\"https:\/\/deportes.umh.es\/cursos\/escuelas-deportivas\/escuela-de-padel\/\">https:\/\/deportes.umh.es\/cursos\/escuelas-deportivas\/escuela-de-padel\/<\/a><\/p>\n<ul>\n<li>La nostra missi\u00f3 es promoure i facilitar l&#8217;acc\u00e9s a una activitat esportiva sana i participativa al col \u00b7 lectiu de la UMH i tamb\u00e9 a la resta de la societat, mitjan\u00e7ant els seg\u00fcents processos:<\/li>\n<li>Competicions universit\u00e0ries internes i interuniversit\u00e0ries.<\/li>\n<li>Promoci\u00f3 d&#8217;activitats multidisciplinars, programes dirigits d&#8217;activitat f\u00edsica i escoles esportives.<\/li>\n<li>Cursos de formaci\u00f3 esportiva com a cr\u00e8dits de lliure elecci\u00f3 curricular i per al desenvolupament formatiu de la societat en general.<\/li>\n<li>Pr\u00e0ctica individual o col \u00b7 lectiva en les diferents instal \u00b7 lacions esportives.<\/li>\n<\/ul>\n<p>Els nostres compromisos de qualitat:<\/p>\n<ul>\n<li>Atendre i contestar totes les sol \u00b7 licituds en un termini de 48 h.<\/li>\n<li>Oferir totes les nostres activitats i escoles esportives d&#8217;octubre a juliol.<\/li>\n<li>Dotar de l&#8217;equipament necessari per a la pr\u00e0ctica esportiva a tots els equips i esportistes.<\/li>\n<li>Expedir tots els certificats dels cursos de formaci\u00f3 i activitats de competici\u00f3 en un termini de 15 dies.<\/li>\n<li>Obrir les instal \u00b7 lacions esportives en virtut del calendari oficial publicat a la nostra p\u00e0gina web.<\/li>\n<li>Oferir activitats f\u00edsiques diferents amb monitor mensualment.<\/li>\n<li>Participar almenys en el 90% de les competicions interuniversit\u00e0ries oficials que s&#8217;organitzin.<\/li>\n<li>Admetre el 100% de les peticions universit\u00e0ries en competicions internes, presentades en els terminis establerts.<\/li>\n<\/ul>\n<p><\/p>","protected":false},"excerpt":{"rendered":"<p>Aquesta unitat s&#8217;encarrega de gestionar l&#8217;activitat a les instal \u00b7 lacions esportives de la universitat, aix\u00ed com la projecci\u00f3 esportiva de la comunitat universit\u00e0ria, tant en el pla intern, com en l&#8217;\u00e0mbit exterior, en la seva relaci\u00f3 amb altres institucions, entitats, col \u00b7 lectius socials i universitats.<br \/>\nEn aquesta p\u00e0gina web es podr\u00e0 obtenir informaci\u00f3 sobre [&#8230;]<\/p>\n","protected":false},"author":47,"featured_media":0,"parent":0,"menu_order":0,"comment_status":"closed","ping_status":"closed","template":"","meta":{"_links_to":"","_links_to_target":""},"_links":{"self":[{"href":"https:\/\/deportes.umh.es\/ca\/wp-json\/wp\/v2\/pages\/1366"}],"collection":[{"href":"https:\/\/deportes.umh.es\/ca\/wp-json\/wp\/v2\/pages"}],"about":[{"href":"https:\/\/deportes.umh.es\/ca\/wp-json\/wp\/v2\/types\/page"}],"author":[{"embeddable":true,"href":"https:\/\/deportes.umh.es\/ca\/wp-json\/wp\/v2\/users\/47"}],"replies":[{"embeddable":true,"href":"https:\/\/deportes.umh.es\/ca\/wp-json\/wp\/v2\/comments?post=1366"}],"version-history":[{"count":0,"href":"https:\/\/deportes.umh.es\/ca\/wp-json\/wp\/v2\/pages\/1366\/revisions"}],"wp:attachment":[{"href":"https:\/\/deportes.umh.es\/ca\/wp-json\/wp\/v2\/media?parent=1366"}],"curies":[{"name":"wp","href":"https:\/\/api.w.org\/{rel}","templated":true}]}}