{"id":10721,"date":"2021-01-11T11:04:48","date_gmt":"2021-01-11T10:04:48","guid":{"rendered":"https:\/\/deportes.umh.es\/?page_id=10721"},"modified":"2023-01-10T12:28:12","modified_gmt":"2023-01-10T11:28:12","slug":"circuito-v-running","status":"publish","type":"page","link":"https:\/\/deportes.umh.es\/ca\/instalaciones-y-tarifas\/circuito-v-running\/","title":{"rendered":"Circuit V-Running"},"content":{"rendered":"<p>La cursa a peu o running \u00e9s una de les activitats esportives m\u00e9s populars, amb un notable increment en la seva pr\u00e0ctica per la conscienciaci\u00f3 ciutadana per adoptar un estil de vida saludable, on l&#8217;exercici f\u00edsic adopta un paper fonamental juntament amb una adequada alimentaci\u00f3, descans i benestar emocional. Es tracta d&#8217;una activitat accessible per a tota la poblaci\u00f3 i de baix cost, sent l&#8217;activitat esportiva en la m\u00e9s habitual entre la poblaci\u00f3 f\u00edsicament activa.<br \/>\nAmb aquest circuit de Running, la Universitat Miguel Hern\u00e1ndez d&#8217;Elx ofereix a la seva comunitat universit\u00e0ria i la ciutadania il\u00b7licitana un recorregut de 2.395 metres, permetent gaudir de Campus d&#8217;Elx de la UMH i impulsant la universitat com un dels punts de refer\u00e8ncia per a la pr\u00e0ctica esportiva a la ciutat.<br \/>\nA difer\u00e8ncia d&#8217;altres espais esportius, el circuit Variability Running es caracteritza per l&#8217;alternan\u00e7a de cinc superf\u00edcies diferents al llarg del seu recorregut: sorra de Albero, graveta fina, cautx\u00fa, gespa artificial i formig\u00f3. Aquesta variabilitat de superf\u00edcie provoca en els corredors i corredores la necessitat d&#8217;adaptar-se el terreny, afavorint l&#8217;adaptabilitat del seu patr\u00f3 motor de carrera, ritme i \/ o amplitud de gambada mitjan\u00e7ant l&#8217;estimulaci\u00f3 del seu sistema neuromusculoesquel\u00e8tic. Tot aix\u00f2 comporta un major treball propioceptiu i requeriments a el sistema muscular i osteoarticular, fent que rec\u00f3rrer-es converteixi a m\u00e9s en una pr\u00e0ctica nova i motivant.<br \/>\nAmb aquesta iniciativa, la UMH s&#8217;alinea amb l&#8217;Objectiu de Desenvolupament Sostenible # 3 per al foment de l&#8217;benestar i la salut de la comunitat universit\u00e0ria i el seu entorn.<\/p>\n<p><a href=\"https:\/\/deportes.umh.es\/files\/2021\/01\/Imagen2.png\"><img loading=\"lazy\" class=\"aligncenter wp-image-10724 size-large\" src=\"https:\/\/deportes.umh.es\/files\/2021\/01\/Imagen2-1024x548.png\" alt=\"\" width=\"1024\" height=\"548\" srcset=\"https:\/\/deportes.umh.es\/files\/2021\/01\/Imagen2-1024x548.png 1024w, https:\/\/deportes.umh.es\/files\/2021\/01\/Imagen2-300x161.png 300w, https:\/\/deportes.umh.es\/files\/2021\/01\/Imagen2-768x411.png 768w, https:\/\/deportes.umh.es\/files\/2021\/01\/Imagen2.png 1688w\" sizes=\"(max-width: 1024px) 100vw, 1024px\" \/><\/a><\/p>","protected":false},"excerpt":{"rendered":"<p>La cursa a peu o running \u00e9s una de les activitats esportives m\u00e9s populars, amb un notable increment en la seva pr\u00e0ctica per la conscienciaci\u00f3 ciutadana per adoptar un estil de vida saludable, on l&#8217;exercici f\u00edsic adopta un paper fonamental juntament amb una adequada alimentaci\u00f3, descans i benestar emocional. Es tracta d&#8217;una activitat accessible per [&#8230;]<\/p>\n","protected":false},"author":3216,"featured_media":0,"parent":41,"menu_order":2,"comment_status":"closed","ping_status":"closed","template":"","meta":{"_links_to":"","_links_to_target":""},"_links":{"self":[{"href":"https:\/\/deportes.umh.es\/ca\/wp-json\/wp\/v2\/pages\/10721"}],"collection":[{"href":"https:\/\/deportes.umh.es\/ca\/wp-json\/wp\/v2\/pages"}],"about":[{"href":"https:\/\/deportes.umh.es\/ca\/wp-json\/wp\/v2\/types\/page"}],"author":[{"embeddable":true,"href":"https:\/\/deportes.umh.es\/ca\/wp-json\/wp\/v2\/users\/3216"}],"replies":[{"embeddable":true,"href":"https:\/\/deportes.umh.es\/ca\/wp-json\/wp\/v2\/comments?post=10721"}],"version-history":[{"count":0,"href":"https:\/\/deportes.umh.es\/ca\/wp-json\/wp\/v2\/pages\/10721\/revisions"}],"up":[{"embeddable":true,"href":"https:\/\/deportes.umh.es\/ca\/wp-json\/wp\/v2\/pages\/41"}],"wp:attachment":[{"href":"https:\/\/deportes.umh.es\/ca\/wp-json\/wp\/v2\/media?parent=10721"}],"curies":[{"name":"wp","href":"https:\/\/api.w.org\/{rel}","templated":true}]}}