{"id":10157,"date":"2020-07-27T12:39:07","date_gmt":"2020-07-27T10:39:07","guid":{"rendered":"https:\/\/deportes.umh.es\/?page_id=10157"},"modified":"2021-07-01T09:12:24","modified_gmt":"2021-07-01T07:12:24","slug":"formacion","status":"publish","type":"page","link":"https:\/\/deportes.umh.es\/ca\/formacion\/","title":{"rendered":"Beques i formaci\u00f3"},"content":{"rendered":"<p>L&#8217;Oficina de Campus Saludables i Esports est\u00e0 compromesa amb l&#8217;educaci\u00f3 complement\u00e0ria dels nostres estudiants, oferint cursos de formaci\u00f3 com a monitors d&#8217;activitats dirigides, entrenadors en el Programa de Musculaci\u00f3 i Cardio i d&#8217;Escola d&#8217;Estiu. Aquests cursos ofereixen a m\u00e9s de l&#8217;aprenentatge i titulaci\u00f3, permet la realitzaci\u00f3 de pr\u00e0ctiques remunerades en les nostres activitats obtenint una formaci\u00f3 completa i complementant el curr\u00edculum i experi\u00e8ncia dels nostres estudiants.<\/p>\n<p>Per promocionar i facilitar que els estudiants puguin compaginar la vida acad\u00e8mica i esportiva, hi ha diverses beques destinades a esportistes d&#8217;elit i alumnes \/ es que formen part dels equips universitaris representant a la UMH en les diferents competicions esportives, recompensant el seu esfor\u00e7 i dedicaci\u00f3.<\/p>\n<p>A m\u00e9s, est\u00e0 previst el reconeixement de cr\u00e8dits per la participaci\u00f3 en els <a href=\"https:\/\/deportes.umh.es\/competiciones\/cadu-y-ceu\/\">Campionats Auton\u00f2mics i d&#8217;Espanya universitaris<\/a> representant a la UMH, podent convalidar la participaci\u00f3 per cr\u00e8dits de lliure elecci\u00f3.<\/p>","protected":false},"excerpt":{"rendered":"<p>L&#8217;Oficina de Campus Saludables i Esports est\u00e0 compromesa amb l&#8217;educaci\u00f3 complement\u00e0ria dels nostres estudiants, oferint cursos de formaci\u00f3 com a monitors d&#8217;activitats dirigides, entrenadors en el Programa de Musculaci\u00f3 i Cardio i d&#8217;Escola d&#8217;Estiu. Aquests cursos ofereixen a m\u00e9s de l&#8217;aprenentatge i titulaci\u00f3, permet la realitzaci\u00f3 de pr\u00e0ctiques remunerades en les nostres activitats obtenint una [&#8230;]<\/p>\n","protected":false},"author":3216,"featured_media":0,"parent":0,"menu_order":4,"comment_status":"closed","ping_status":"closed","template":"","meta":{"_links_to":"","_links_to_target":""},"_links":{"self":[{"href":"https:\/\/deportes.umh.es\/ca\/wp-json\/wp\/v2\/pages\/10157"}],"collection":[{"href":"https:\/\/deportes.umh.es\/ca\/wp-json\/wp\/v2\/pages"}],"about":[{"href":"https:\/\/deportes.umh.es\/ca\/wp-json\/wp\/v2\/types\/page"}],"author":[{"embeddable":true,"href":"https:\/\/deportes.umh.es\/ca\/wp-json\/wp\/v2\/users\/3216"}],"replies":[{"embeddable":true,"href":"https:\/\/deportes.umh.es\/ca\/wp-json\/wp\/v2\/comments?post=10157"}],"version-history":[{"count":0,"href":"https:\/\/deportes.umh.es\/ca\/wp-json\/wp\/v2\/pages\/10157\/revisions"}],"wp:attachment":[{"href":"https:\/\/deportes.umh.es\/ca\/wp-json\/wp\/v2\/media?parent=10157"}],"curies":[{"name":"wp","href":"https:\/\/api.w.org\/{rel}","templated":true}]}}